{"id":150518,"date":"2022-09-21T11:24:46","date_gmt":"2022-09-21T11:24:46","guid":{"rendered":"https:\/\/moto-oprema.com\/Artikel\/alpinestars-a-1-pro-stit-bw\/"},"modified":"2022-09-21T11:24:46","modified_gmt":"2022-09-21T11:24:46","slug":"alpinestars-a-1-pro-stit-bw","status":"publish","type":"product","link":"https:\/\/moto-oprema.com\/hr\/Artikel\/alpinestars-a-1-pro-stit-bw\/","title":{"rendered":"ALPINESTARS A-1 PRO \u0160TIT BW"},"content":{"rendered":"<p>Alpinestars A-1 Pro \u0161titnik za prsa<\/p>\n<p>A-1 \u0161titnik za prsa ima prsa s hibridnom tehnologijom Polyhedron razine 1 i \u0161titnik za le\u0111a s tehnologijom Polyhedron koji nudi neusporedivu razinu ventilacije, izuzetno je lagan i pru\u017ea izvrsnu za\u0161titu trupa od udaraca. <\/p>\n<p>Zna\u010dajke:<\/p>\n<p>  18% strukture \u0161titnika za prsa sastoji se od otvora za ventilaciju koji se prote\u017eu kroz oba sloja hibridne strukture kako bi se osigurala maksimalna ventilacija i protok zraka<br \/> Ultra ventilirano s Ram Air Plenumom koji odvodi toplinu s prsa<br \/> Podesivi \u0161titnik za prsa prilago\u0111ava se obliku prsa za prilago\u0111eno pristajanje<br \/> Anatomski oblikovani \u0161titnik za le\u0111a koji se prilago\u0111ava prirodnim krivuljama kralje\u017enice, osiguravaju\u0107i optimalnu udobnost no\u0161enja<br \/> Podesivi i uklonjivi jastu\u010di\u0107 za ramena za prilago\u0111eno pristajanje<br \/> BNS kompatibilan s BNS elasti\u010dnim jezi\u010dcima za povla\u010denje<br \/> Najlak\u0161i \u0161titnik za prsa razine 1 u veli\u010dini M\/L te\u017ei samo 664 grama<\/p>\n","protected":false},"excerpt":{"rendered":"<p>Alpinestars A-1 Pro \u0161titnik za prsa A-1 \u0161titnik za prsa ima prsa s hibridnom tehnologijom Polyhedron&#8230;<\/p>\n","protected":false},"featured_media":19122,"comment_status":"open","ping_status":"open","template":"","meta":{"_acf_changed":false},"brand":[2748],"gender":[],"product_brand":[],"product_cat":[2890,2739,2733],"product_tag":[],"class_list":{"0":"post-150518","1":"product","2":"type-product","3":"status-publish","4":"has-post-thumbnail","6":"brand-alpinestars-hr","7":"product_cat-mx-stitnici-za-tijelo","8":"product_cat-mx-stitovi","9":"product_cat-oprema-za-motokros","10":"pa_size-strojno-ucenje","11":"pa_size-xl-2xl-hr","13":"first","14":"onbackorder","15":"taxable","16":"shipping-taxable","17":"purchasable","18":"product-type-variable"},"acf":[],"_links":{"self":[{"href":"https:\/\/moto-oprema.com\/hr\/wp-json\/wp\/v2\/product\/150518","targetHints":{"allow":["GET"]}}],"collection":[{"href":"https:\/\/moto-oprema.com\/hr\/wp-json\/wp\/v2\/product"}],"about":[{"href":"https:\/\/moto-oprema.com\/hr\/wp-json\/wp\/v2\/types\/product"}],"replies":[{"embeddable":true,"href":"https:\/\/moto-oprema.com\/hr\/wp-json\/wp\/v2\/comments?post=150518"}],"wp:featuredmedia":[{"embeddable":true,"href":"https:\/\/moto-oprema.com\/hr\/wp-json\/wp\/v2\/media\/19122"}],"wp:attachment":[{"href":"https:\/\/moto-oprema.com\/hr\/wp-json\/wp\/v2\/media?parent=150518"}],"wp:term":[{"taxonomy":"brand","embeddable":true,"href":"https:\/\/moto-oprema.com\/hr\/wp-json\/wp\/v2\/brand?post=150518"},{"taxonomy":"gender","embeddable":true,"href":"https:\/\/moto-oprema.com\/hr\/wp-json\/wp\/v2\/gender?post=150518"},{"taxonomy":"product_brand","embeddable":true,"href":"https:\/\/moto-oprema.com\/hr\/wp-json\/wp\/v2\/product_brand?post=150518"},{"taxonomy":"product_cat","embeddable":true,"href":"https:\/\/moto-oprema.com\/hr\/wp-json\/wp\/v2\/product_cat?post=150518"},{"taxonomy":"product_tag","embeddable":true,"href":"https:\/\/moto-oprema.com\/hr\/wp-json\/wp\/v2\/product_tag?post=150518"}],"curies":[{"name":"wp","href":"https:\/\/api.w.org\/{rel}","templated":true}]}}