{"id":150511,"date":"2022-09-21T09:34:54","date_gmt":"2022-09-21T09:34:54","guid":{"rendered":"https:\/\/moto-oprema.com\/Artikel\/alpinestars-a-10-v2-potpuni-zastitnik-za-prsa\/"},"modified":"2022-09-21T09:34:54","modified_gmt":"2022-09-21T09:34:54","slug":"alpinestars-a-10-v2-potpuni-zastitnik-za-prsa","status":"publish","type":"product","link":"https:\/\/moto-oprema.com\/hr\/Artikel\/alpinestars-a-10-v2-potpuni-zastitnik-za-prsa\/","title":{"rendered":"ALPINESTARS A-10 V2 POTPUNI ZA\u0160TITNIK ZA PRSA"},"content":{"rendered":"<p>Alpinestars A-10 V2 \u0161titnik za prsa ima CE razinu 2 i UKCA certificirane \u0161titnike za prsa i le\u0111a Polyhedron Hybrid Technology te razinu 2.<br \/> \u0160titnici za ramena s Polyhedron tehnologijom za neusporedivu ventilaciju. Ovaj \u0161titnik je ultra lagan i nudi vrhunski gornji dio.<br \/> Za\u0161tita tijela od udaraca.<br \/> Najlak\u0161i \u0161titnik za prsa CE razine 2<br \/> 17% za\u0161titne strukture sastoji se od otvora za ventilaciju i poravnata je kroz oba sloja hibrida<br \/> Slojevi koji pru\u017eaju maksimalnu ventilaciju<br \/> Super ventilirano s plenumom koji usmjerava nakupljanje topline dalje od prsa<br \/> Fleksibilna za\u0161tita za prsa prilago\u0111ava se obliku prsa<br \/> Anatomski profilirani \u0161titnik za le\u0111a je super prozra\u010dan<br \/> Podesivi i uklonjivi jastu\u010di\u0107i za ramena<br \/> BNS je kompatibilan s BNS uklonjivom plo\u010dom i elasti\u010dnim preklopima.    <\/p>\n","protected":false},"excerpt":{"rendered":"<p>S revolucionarnim egzoskeletom, Alpinestars A-10 V2 Full za\u0161titnik nudi jo\u0161 vi\u0161e sigurnosti.<\/p>\n","protected":false},"featured_media":19085,"comment_status":"open","ping_status":"open","template":"","meta":{"_acf_changed":false},"brand":[2748],"gender":[],"product_brand":[],"product_cat":[2890,2739,2733],"product_tag":[],"class_list":{"0":"post-150511","1":"product","2":"type-product","3":"status-publish","4":"has-post-thumbnail","6":"brand-alpinestars-hr","7":"product_cat-mx-stitnici-za-tijelo","8":"product_cat-mx-stitovi","9":"product_cat-oprema-za-motokros","10":"pa_size-strojno-ucenje","11":"pa_size-xl-xxl-hr","12":"pa_size-xs-s-hr","14":"first","15":"onbackorder","16":"taxable","17":"shipping-taxable","18":"purchasable","19":"product-type-variable"},"acf":[],"_links":{"self":[{"href":"https:\/\/moto-oprema.com\/hr\/wp-json\/wp\/v2\/product\/150511","targetHints":{"allow":["GET"]}}],"collection":[{"href":"https:\/\/moto-oprema.com\/hr\/wp-json\/wp\/v2\/product"}],"about":[{"href":"https:\/\/moto-oprema.com\/hr\/wp-json\/wp\/v2\/types\/product"}],"replies":[{"embeddable":true,"href":"https:\/\/moto-oprema.com\/hr\/wp-json\/wp\/v2\/comments?post=150511"}],"wp:featuredmedia":[{"embeddable":true,"href":"https:\/\/moto-oprema.com\/hr\/wp-json\/wp\/v2\/media\/19085"}],"wp:attachment":[{"href":"https:\/\/moto-oprema.com\/hr\/wp-json\/wp\/v2\/media?parent=150511"}],"wp:term":[{"taxonomy":"brand","embeddable":true,"href":"https:\/\/moto-oprema.com\/hr\/wp-json\/wp\/v2\/brand?post=150511"},{"taxonomy":"gender","embeddable":true,"href":"https:\/\/moto-oprema.com\/hr\/wp-json\/wp\/v2\/gender?post=150511"},{"taxonomy":"product_brand","embeddable":true,"href":"https:\/\/moto-oprema.com\/hr\/wp-json\/wp\/v2\/product_brand?post=150511"},{"taxonomy":"product_cat","embeddable":true,"href":"https:\/\/moto-oprema.com\/hr\/wp-json\/wp\/v2\/product_cat?post=150511"},{"taxonomy":"product_tag","embeddable":true,"href":"https:\/\/moto-oprema.com\/hr\/wp-json\/wp\/v2\/product_tag?post=150511"}],"curies":[{"name":"wp","href":"https:\/\/api.w.org\/{rel}","templated":true}]}}