{"id":150469,"date":"2022-09-21T10:25:55","date_gmt":"2022-09-21T10:25:55","guid":{"rendered":"https:\/\/moto-oprema.com\/Artikel\/alpinestars-zastitne-kape-kratke-bionic\/"},"modified":"2022-09-21T10:25:55","modified_gmt":"2022-09-21T10:25:55","slug":"alpinestars-zastitne-kape-kratke-bionic","status":"publish","type":"product","link":"https:\/\/moto-oprema.com\/hr\/Artikel\/alpinestars-zastitne-kape-kratke-bionic\/","title":{"rendered":"ALPINESTARS ZA\u0160TITNE KAPE KRATKE BIONIC"},"content":{"rendered":"<p>Alpinestars Bionic Action Protector kratke hla\u010de<\/p>\n<p>Bionic Pro Protector kratke hla\u010de razine 1 imaju lagan, vrlo fleksibilan dizajn koji nudi visoku za\u0161titu od udaraca i habanja u prozra\u010dnom mre\u017eastom rukavu za izvrsnu cirkulaciju zraka i udobnost. Ove kratke hla\u010de imaju ugra\u0111enu za\u0161titu za bokove i strate\u0161ki postavljene jastu\u010di\u0107e na klju\u010dnim podru\u010djima sklonim ozljedama od udaraca; rezultat je opse\u017enih studija tipi\u010dnih padova voza\u010da tijekom utrka na stazi. <\/p>\n<p>Zna\u010dajke:<\/p>\n<ul>\n<li>  Dvodijelna, preklapaju\u0107a konstrukcija \u0161titnika za kukove gdje se \u0161titnik susre\u0107e s rastezljivom mre\u017eastom \u0161koljkom za slobodu kretanja<\/li>\n<li>  Elasti\u010dne trake<\/li>\n<li>  Udobna podloga od divoje ko\u017ee dizajnirana za Enduro<\/li>\n<li>  Podloga je strate\u0161ki postavljena na podru\u010djima sklonim o\u0161te\u0107enjima od udara, prema studijama tipi\u010dnih sudara na pruzi.<\/li>\n<li>  Struk i bo\u010dna podloga na bokovima dijele za\u0161titu na dva dijela, pru\u017eaju\u0107i potpunu za\u0161titu bez ograni\u010davanja kretanja.<\/li>\n<li>  meko tkivo<\/li>\n<li>  Polygiene Biostatic\u2122 tehnologija svje\u017eine<\/li>\n<li>  Rastezljivi donji rub za kompatibilnost s \u0161titnicima za koljena<\/li>\n<\/ul>\n<p>Vi\u0161e informacija o proizvodu<br \/> Materijal 40% poliamid, 15% poliester, 18% etilen vinil acetat, 22% elastan, 5% ostalo<\/p>\n","protected":false},"excerpt":{"rendered":"<p>Alpinestars Bionic Action Protector kratke hla\u010de Bionic Pro Protector kratke hla\u010de razine 1 imaju lagan, vrlo&#8230;<\/p>\n","protected":false},"featured_media":19108,"comment_status":"open","ping_status":"open","template":"","meta":{"_acf_changed":false},"brand":[2748],"gender":[],"product_brand":[],"product_cat":[2878],"product_tag":[],"class_list":{"0":"post-150469","1":"product","2":"type-product","3":"status-publish","4":"has-post-thumbnail","6":"brand-alpinestars-hr","7":"product_cat-nekategorizirano","8":"pa_size-l-hr","9":"pa_size-s-hr","10":"pa_size-xl-hr","12":"first","13":"onbackorder","14":"taxable","15":"shipping-taxable","16":"purchasable","17":"product-type-variable"},"acf":[],"_links":{"self":[{"href":"https:\/\/moto-oprema.com\/hr\/wp-json\/wp\/v2\/product\/150469","targetHints":{"allow":["GET"]}}],"collection":[{"href":"https:\/\/moto-oprema.com\/hr\/wp-json\/wp\/v2\/product"}],"about":[{"href":"https:\/\/moto-oprema.com\/hr\/wp-json\/wp\/v2\/types\/product"}],"replies":[{"embeddable":true,"href":"https:\/\/moto-oprema.com\/hr\/wp-json\/wp\/v2\/comments?post=150469"}],"wp:featuredmedia":[{"embeddable":true,"href":"https:\/\/moto-oprema.com\/hr\/wp-json\/wp\/v2\/media\/19108"}],"wp:attachment":[{"href":"https:\/\/moto-oprema.com\/hr\/wp-json\/wp\/v2\/media?parent=150469"}],"wp:term":[{"taxonomy":"brand","embeddable":true,"href":"https:\/\/moto-oprema.com\/hr\/wp-json\/wp\/v2\/brand?post=150469"},{"taxonomy":"gender","embeddable":true,"href":"https:\/\/moto-oprema.com\/hr\/wp-json\/wp\/v2\/gender?post=150469"},{"taxonomy":"product_brand","embeddable":true,"href":"https:\/\/moto-oprema.com\/hr\/wp-json\/wp\/v2\/product_brand?post=150469"},{"taxonomy":"product_cat","embeddable":true,"href":"https:\/\/moto-oprema.com\/hr\/wp-json\/wp\/v2\/product_cat?post=150469"},{"taxonomy":"product_tag","embeddable":true,"href":"https:\/\/moto-oprema.com\/hr\/wp-json\/wp\/v2\/product_tag?post=150469"}],"curies":[{"name":"wp","href":"https:\/\/api.w.org\/{rel}","templated":true}]}}