{"id":150428,"date":"2022-09-21T09:44:40","date_gmt":"2022-09-21T09:44:40","guid":{"rendered":"https:\/\/moto-oprema.com\/Artikel\/alpinestars-bionic-plus-v2-zastitnik\/"},"modified":"2022-09-21T09:44:40","modified_gmt":"2022-09-21T09:44:40","slug":"alpinestars-bionic-plus-v2-zastitnik","status":"publish","type":"product","link":"https:\/\/moto-oprema.com\/hr\/Artikel\/alpinestars-bionic-plus-v2-zastitnik\/","title":{"rendered":"ALPINESTARS BIONIC PLUS V2 ZA\u0160TITNIK"},"content":{"rendered":"<p><span style=\"font-family:arial, helvetica, sans-serif;font-size:small;\"><\/span><span id=\"result_box\" xml_lang=\"sl\" lang=\"sl\"><span class=\"hps alt-edited\"><span style=\"font-family:arial, helvetica, sans-serif;font-size:small;\">Iznimno lagani za\u0161titni prsluk s CE i UKCA certifikatima nudi izvrsnu za\u0161titu gornjeg dijela tijela od udara.<br \/> Ovaj \u0161titnik ima potpuno novi \u0161titnik za prsa Level 2 Cell Technology za izuzetno malu te\u017einu i optimalnu ventilaciju. Super Vented Level 2 Nucleon Cell &amp; Flex Hybrid<br \/> Tehnolo\u0161ki \u0161titnik za le\u0111a ergonomski je dizajniran za pobolj\u0161ano prilagodljivo prileganje. I prednji i stra\u017enji \u0161titnici su oblo\u017eeni pjenom za sigurno i udobno prileganje.<br \/> Potpuno novi \u0161titnik za prsa s Cell tehnologijom ima jako perforiranu \u0161koljku za visoku razinu ventilacije i za\u0161tite.<br \/> Ima novu za\u0161titu za le\u0111a Cell Technology s fleksibilnim kanalom za pove\u0107anu pokretljivost. \u0160titnici su perforirani za maksimalnu prozra\u010dnost i hla\u0111enje.<br \/> Elasti\u010dni sustav zatvaranja uklju\u010duje redizajnirane kop\u010de koje se brzo i jednostavno koriste te se prilago\u0111avaju razli\u010ditim tijelima biciklista<br \/> veli\u010dina.<br \/> Podstavljena navlaka za optimalnu udobnost i pristajanje.<br \/> Podesive naramenice za optimalno pristajanje.<br \/> Kompatibilnost bioni\u010dke potpore za vrat s BNS elasti\u010dnim re\u017enjevima.   <\/span><\/span><\/span><\/p>\n","protected":false},"excerpt":{"rendered":"<p>Iznimno lagani za\u0161titni prsluk s CE i UKCA certifikatima nudi izvrsnu za\u0161titu gornjeg dijela tijela od&#8230;<\/p>\n","protected":false},"featured_media":19091,"comment_status":"open","ping_status":"open","template":"","meta":{"_acf_changed":false},"brand":[2748],"gender":[],"product_brand":[],"product_cat":[2890,2739,2733],"product_tag":[],"class_list":{"0":"post-150428","1":"product","2":"type-product","3":"status-publish","4":"has-post-thumbnail","6":"brand-alpinestars-hr","7":"product_cat-mx-stitnici-za-tijelo","8":"product_cat-mx-stitovi","9":"product_cat-oprema-za-motokros","10":"pa_size-l-hr","11":"pa_size-m-hr","12":"pa_size-s-hr","13":"pa_size-xl-hr","14":"pa_size-xxl-hr","16":"first","17":"onbackorder","18":"sale","19":"taxable","20":"shipping-taxable","21":"purchasable","22":"product-type-variable"},"acf":[],"_links":{"self":[{"href":"https:\/\/moto-oprema.com\/hr\/wp-json\/wp\/v2\/product\/150428","targetHints":{"allow":["GET"]}}],"collection":[{"href":"https:\/\/moto-oprema.com\/hr\/wp-json\/wp\/v2\/product"}],"about":[{"href":"https:\/\/moto-oprema.com\/hr\/wp-json\/wp\/v2\/types\/product"}],"replies":[{"embeddable":true,"href":"https:\/\/moto-oprema.com\/hr\/wp-json\/wp\/v2\/comments?post=150428"}],"wp:featuredmedia":[{"embeddable":true,"href":"https:\/\/moto-oprema.com\/hr\/wp-json\/wp\/v2\/media\/19091"}],"wp:attachment":[{"href":"https:\/\/moto-oprema.com\/hr\/wp-json\/wp\/v2\/media?parent=150428"}],"wp:term":[{"taxonomy":"brand","embeddable":true,"href":"https:\/\/moto-oprema.com\/hr\/wp-json\/wp\/v2\/brand?post=150428"},{"taxonomy":"gender","embeddable":true,"href":"https:\/\/moto-oprema.com\/hr\/wp-json\/wp\/v2\/gender?post=150428"},{"taxonomy":"product_brand","embeddable":true,"href":"https:\/\/moto-oprema.com\/hr\/wp-json\/wp\/v2\/product_brand?post=150428"},{"taxonomy":"product_cat","embeddable":true,"href":"https:\/\/moto-oprema.com\/hr\/wp-json\/wp\/v2\/product_cat?post=150428"},{"taxonomy":"product_tag","embeddable":true,"href":"https:\/\/moto-oprema.com\/hr\/wp-json\/wp\/v2\/product_tag?post=150428"}],"curies":[{"name":"wp","href":"https:\/\/api.w.org\/{rel}","templated":true}]}}