{"id":150356,"date":"2022-09-12T09:10:33","date_gmt":"2022-09-12T09:10:33","guid":{"rendered":"https:\/\/moto-oprema.com\/Artikel\/leatt-5-5-flexlock-mx-cizme-crne\/"},"modified":"2025-08-20T09:40:36","modified_gmt":"2025-08-20T09:40:36","slug":"leatt-5-5-flexlock-mx-cizme-crne","status":"publish","type":"product","link":"https:\/\/moto-oprema.com\/hr\/Artikel\/leatt-5-5-flexlock-mx-cizme-crne\/","title":{"rendered":"LEATT 5.5 FLEXLOCK MX \u010cIZME CRNE"},"content":{"rendered":"<div class=\"ui-tabs-panel ui-widget-content ui-corner-bottom\" id=\"tab-product-description\">\n<div class=\"description\">Leatt \u010dizme nude najvi\u0161u razinu udobnosti i savr\u0161eno pristajanje, \u010dak i za \u0161iroka stopala. Leatt-ov fleksibilni FlexLock sustav smanjuje sile na gle\u017eanj do 37% i na koljeno do 35%, blokiraju\u0107i kretanje gle\u017enja tijekom prekomjernog savijanja za ve\u0107u sigurnost. Kop\u010de su izra\u0111ene od kovanog aluminija s over-lock sustavom i bazom od nehr\u0111aju\u0107eg \u010delika. SlideLock zatvaranje je jedinstveni sustav koji osigurava dobro brtvljenje u gornjem dijelu \u010dizme \u010dak i pri kori\u0161tenju \u0161titnika za koljena.   <\/p>\n<p>Unutra\u0161njost \u010dizme je ravna sa za\u0161titnom i prianjaju\u0107om TPU plo\u010dom za bolje prianjanje. Pro\u0161irena zona potpore stopala za jahanje na prstima i u podru\u010dju stra\u017enjeg dijela stopala. \u010cizme tako\u0111er imaju prozra\u010dnu 3D mre\u017eastu podstavu s protukliznim premazom, a moderan i \u0161areni dizajn \u010dini ih pravim privla\u010dem za poglede!  <\/p>\n<p>CE testirano i certificirano prema: prEN 13634:2017<\/p><\/div>\n<\/div>\n","protected":false},"excerpt":{"rendered":"<p>Leatt 5.5 FlexLock motokros \u010dizme<\/p>\n","protected":false},"featured_media":18970,"comment_status":"open","ping_status":"open","template":"","meta":{"_acf_changed":false},"brand":[2744],"gender":[],"product_brand":[],"product_cat":[1356,2900,2733],"product_tag":[],"class_list":{"0":"post-150356","1":"product","2":"type-product","3":"status-publish","4":"has-post-thumbnail","6":"brand-leatt-hr","7":"product_cat-motociklisticka-oprema","8":"product_cat-motokros-cizme","9":"product_cat-oprema-za-motokros","10":"pa_velikost-skornji-44-5-hr","11":"pa_velikost-skornji-45-5-hr","12":"pa_velikost-skornji-47-hr","14":"first","15":"onbackorder","16":"taxable","17":"shipping-taxable","18":"purchasable","19":"product-type-variable"},"acf":[],"_links":{"self":[{"href":"https:\/\/moto-oprema.com\/hr\/wp-json\/wp\/v2\/product\/150356","targetHints":{"allow":["GET"]}}],"collection":[{"href":"https:\/\/moto-oprema.com\/hr\/wp-json\/wp\/v2\/product"}],"about":[{"href":"https:\/\/moto-oprema.com\/hr\/wp-json\/wp\/v2\/types\/product"}],"replies":[{"embeddable":true,"href":"https:\/\/moto-oprema.com\/hr\/wp-json\/wp\/v2\/comments?post=150356"}],"wp:featuredmedia":[{"embeddable":true,"href":"https:\/\/moto-oprema.com\/hr\/wp-json\/wp\/v2\/media\/18970"}],"wp:attachment":[{"href":"https:\/\/moto-oprema.com\/hr\/wp-json\/wp\/v2\/media?parent=150356"}],"wp:term":[{"taxonomy":"brand","embeddable":true,"href":"https:\/\/moto-oprema.com\/hr\/wp-json\/wp\/v2\/brand?post=150356"},{"taxonomy":"gender","embeddable":true,"href":"https:\/\/moto-oprema.com\/hr\/wp-json\/wp\/v2\/gender?post=150356"},{"taxonomy":"product_brand","embeddable":true,"href":"https:\/\/moto-oprema.com\/hr\/wp-json\/wp\/v2\/product_brand?post=150356"},{"taxonomy":"product_cat","embeddable":true,"href":"https:\/\/moto-oprema.com\/hr\/wp-json\/wp\/v2\/product_cat?post=150356"},{"taxonomy":"product_tag","embeddable":true,"href":"https:\/\/moto-oprema.com\/hr\/wp-json\/wp\/v2\/product_tag?post=150356"}],"curies":[{"name":"wp","href":"https:\/\/api.w.org\/{rel}","templated":true}]}}