{"id":150081,"date":"2022-09-12T09:33:00","date_gmt":"2022-09-12T09:33:00","guid":{"rendered":"https:\/\/moto-oprema.com\/Artikel\/leatt-gpx-5-5-flexlock-enduro-sivo-crvena\/"},"modified":"2022-09-12T09:33:00","modified_gmt":"2022-09-12T09:33:00","slug":"leatt-gpx-5-5-flexlock-enduro-sivo-crvena","status":"publish","type":"product","link":"https:\/\/moto-oprema.com\/hr\/Artikel\/leatt-gpx-5-5-flexlock-enduro-sivo-crvena\/","title":{"rendered":"LEATT GPX 5.5 FLEXLOCK ENDURO SIVO CRVENA"},"content":{"rendered":"<div class=\"ui-tabs-panel ui-widget-content ui-corner-bottom\" id=\"tab-product-description\">\n<div class=\"description\">\n<p>Novi Leattov model  <span class=\"tlid-translation translation\" xml_lang=\"sl\" lang=\"sl\">Moto 5.5 Flexlock Enduro \u010dizme s tri bitna elementa: udobnost, sigurnost i dizajn. Zahvaljuju\u0107i odabranim materijalima i sofisticiranom kroju, \u010dak i \u0161ira stopala osje\u0107aju se vrlo udobno pri vo\u017enji izvan ceste. Zahvaljuju\u0107i brojnim novim tehnologijama koje je posebno razvio Leatt, nude novu razinu sigurnosti &#8211; i do neke mjere \u010dak \u0161tite koljena. Moderan i futuristi\u010dki dizajn \u010dini ih tako\u0111er vrlo atraktivnima!   <\/span><\/p>\n<p><strong>Zna\u010dajke:<\/strong><\/p>\n<ul>\n<li>Izvanredna udobnost s prvoklasnim pristajanjem \u010dak i za \u0161iroka stopala<\/li>\n<li>Zatvaranje: SlideLock sustav, automatsko zaklju\u010davanje u jednom smjeru za izvrsno brtvljenje na vrhu \u010dizme<\/li>\n<li>Kop\u010de od kovanog aluminija s Over-lock sustavom i bazom od nehr\u0111aju\u0107eg \u010delika<\/li>\n<li>FlexLock sustav: Podesiva fleksibilnost donjeg dijela \u010dizme za osobne preferencije<\/li>\n<li>Blokiranje bo\u010dnog kretanja gle\u017enja za smanjenje sila na gle\u017eanj do 37%<\/li>\n<li>Smanjenje sila na koljeno do 35%<\/li>\n<li>*Sni\u017eenja u usporedbi s vode\u0107im proizvodom na tr\u017ei\u0161tu\/ve\u0107inom vrhunskih \u010dizama<\/li>\n<li>Unutra\u0161njost \u010dizme je ravna i prianjaju\u0107a za odli\u010dan osje\u0107aj<\/li>\n<li>Niskoprofilni prednji dio za jednostavno mijenjanje brzina<\/li>\n<li>3D pjena za za\u0161titu od udara preko gle\u017enjeva za dodatnu za\u0161titu<\/li>\n<li>Dizajn s hvati\u0161tem pete i gle\u017enja za stabilnost kada ste na prstima<\/li>\n<li>Potplat s enduro uzorkom za prianjanje prilikom guranja motocikla<\/li>\n<li>Dvozonska tvrdo\u0107a<\/li>\n<li>Pro\u0161irena zona oslonca za stopala za luk i stil na prstima<\/li>\n<li>Oja\u010dana \u010deli\u010dna dr\u0161ka  <\/li>\n<li>Unutarnja podstava: Prozra\u010dna mre\u017easta 3D podstava s protukliznim oja\u010danjem za nulto podizanje pete<\/li>\n<\/ul>\n<\/div>\n<\/div>\n","protected":false},"excerpt":{"rendered":"<p>Leatt GPX 5.5 FlexLock ENDURO \u010dizma<\/p>\n","protected":false},"featured_media":19007,"comment_status":"open","ping_status":"open","template":"","meta":{"_acf_changed":false},"brand":[2744],"gender":[],"product_brand":[],"product_cat":[1356,2900,2733],"product_tag":[],"class_list":{"0":"post-150081","1":"product","2":"type-product","3":"status-publish","4":"has-post-thumbnail","6":"brand-leatt-hr","7":"product_cat-motociklisticka-oprema","8":"product_cat-motokros-cizme","9":"product_cat-oprema-za-motokros","10":"pa_size-10445-hr","11":"pa_size-11455-hr","12":"pa_size-12-46-47-hr","13":"pa_size-943-hr","15":"first","16":"onbackorder","17":"taxable","18":"shipping-taxable","19":"purchasable","20":"product-type-variable"},"acf":[],"_links":{"self":[{"href":"https:\/\/moto-oprema.com\/hr\/wp-json\/wp\/v2\/product\/150081","targetHints":{"allow":["GET"]}}],"collection":[{"href":"https:\/\/moto-oprema.com\/hr\/wp-json\/wp\/v2\/product"}],"about":[{"href":"https:\/\/moto-oprema.com\/hr\/wp-json\/wp\/v2\/types\/product"}],"replies":[{"embeddable":true,"href":"https:\/\/moto-oprema.com\/hr\/wp-json\/wp\/v2\/comments?post=150081"}],"wp:featuredmedia":[{"embeddable":true,"href":"https:\/\/moto-oprema.com\/hr\/wp-json\/wp\/v2\/media\/19007"}],"wp:attachment":[{"href":"https:\/\/moto-oprema.com\/hr\/wp-json\/wp\/v2\/media?parent=150081"}],"wp:term":[{"taxonomy":"brand","embeddable":true,"href":"https:\/\/moto-oprema.com\/hr\/wp-json\/wp\/v2\/brand?post=150081"},{"taxonomy":"gender","embeddable":true,"href":"https:\/\/moto-oprema.com\/hr\/wp-json\/wp\/v2\/gender?post=150081"},{"taxonomy":"product_brand","embeddable":true,"href":"https:\/\/moto-oprema.com\/hr\/wp-json\/wp\/v2\/product_brand?post=150081"},{"taxonomy":"product_cat","embeddable":true,"href":"https:\/\/moto-oprema.com\/hr\/wp-json\/wp\/v2\/product_cat?post=150081"},{"taxonomy":"product_tag","embeddable":true,"href":"https:\/\/moto-oprema.com\/hr\/wp-json\/wp\/v2\/product_tag?post=150081"}],"curies":[{"name":"wp","href":"https:\/\/api.w.org\/{rel}","templated":true}]}}