{"id":149508,"date":"2022-08-11T11:34:02","date_gmt":"2022-08-11T11:34:02","guid":{"rendered":"https:\/\/moto-oprema.com\/Artikel\/alpinestars-bioflex-stitnik-za-kukove\/"},"modified":"2022-08-11T11:34:02","modified_gmt":"2022-08-11T11:34:02","slug":"alpinestars-bioflex-stitnik-za-kukove","status":"publish","type":"product","link":"https:\/\/moto-oprema.com\/hr\/Artikel\/alpinestars-bioflex-stitnik-za-kukove\/","title":{"rendered":"ALPINESTARS BIOFLEX \u0160TITNIK ZA KUKOVE"},"content":{"rendered":"<p>Alpinestars Bioflex \u0161titnici za kukove<\/p>\n<p> Alpinestars Bioflex \u0161titnici su lagani i tanki, nude\u0107i visoku razinu za\u0161tite i udobnosti istovremeno.<\/p>\n<p> Zna\u010dajke:<\/p>\n<p> Ergonomski dizajn koji omogu\u0107uje visok stupanj kretanja.<br \/> Stani\u010dna struktura osigurava maksimalnu udobnost i prozra\u010dnost.<br \/> tanak, lagan dizajn.<br \/> Za\u0161titne \u0107elije su me\u0111usobno povezane, \u0161to omogu\u0107uje fleksibilan dizajn i ve\u0107u razinu udobnosti i za\u0161tite.<br \/> Razina za\u0161tite 1<\/p>\n<p> Uklju\u010deno:<\/p>\n<p> 2x Alpinestars \u0161titnici za kukove<\/p>\n","protected":false},"excerpt":{"rendered":"<p>Alpinestars Bioflex \u0161titnici za kukove Alpinestars Bioflex \u0161titnici su lagani i tanki, nude\u0107i visoku razinu za\u0161tite&#8230;<\/p>\n","protected":false},"featured_media":18373,"comment_status":"open","ping_status":"open","template":"","meta":{"_acf_changed":false},"brand":[2748],"gender":[],"product_brand":[],"product_cat":[1356,2856,2855],"product_tag":[],"class_list":{"0":"post-149508","1":"product","2":"type-product","3":"status-publish","4":"has-post-thumbnail","6":"brand-alpinestars-hr","7":"product_cat-motociklisticka-oprema","8":"product_cat-zastitnici","9":"product_cat-zastitnici-i-zracni-jastuci","10":"pa_size-l-hr","11":"pa_size-s-hr","13":"first","14":"onbackorder","15":"taxable","16":"shipping-taxable","17":"purchasable","18":"product-type-variable"},"acf":[],"_links":{"self":[{"href":"https:\/\/moto-oprema.com\/hr\/wp-json\/wp\/v2\/product\/149508","targetHints":{"allow":["GET"]}}],"collection":[{"href":"https:\/\/moto-oprema.com\/hr\/wp-json\/wp\/v2\/product"}],"about":[{"href":"https:\/\/moto-oprema.com\/hr\/wp-json\/wp\/v2\/types\/product"}],"replies":[{"embeddable":true,"href":"https:\/\/moto-oprema.com\/hr\/wp-json\/wp\/v2\/comments?post=149508"}],"wp:featuredmedia":[{"embeddable":true,"href":"https:\/\/moto-oprema.com\/hr\/wp-json\/wp\/v2\/media\/18373"}],"wp:attachment":[{"href":"https:\/\/moto-oprema.com\/hr\/wp-json\/wp\/v2\/media?parent=149508"}],"wp:term":[{"taxonomy":"brand","embeddable":true,"href":"https:\/\/moto-oprema.com\/hr\/wp-json\/wp\/v2\/brand?post=149508"},{"taxonomy":"gender","embeddable":true,"href":"https:\/\/moto-oprema.com\/hr\/wp-json\/wp\/v2\/gender?post=149508"},{"taxonomy":"product_brand","embeddable":true,"href":"https:\/\/moto-oprema.com\/hr\/wp-json\/wp\/v2\/product_brand?post=149508"},{"taxonomy":"product_cat","embeddable":true,"href":"https:\/\/moto-oprema.com\/hr\/wp-json\/wp\/v2\/product_cat?post=149508"},{"taxonomy":"product_tag","embeddable":true,"href":"https:\/\/moto-oprema.com\/hr\/wp-json\/wp\/v2\/product_tag?post=149508"}],"curies":[{"name":"wp","href":"https:\/\/api.w.org\/{rel}","templated":true}]}}