{"id":149453,"date":"2022-08-11T11:19:42","date_gmt":"2022-08-11T11:19:42","guid":{"rendered":"https:\/\/moto-oprema.com\/Artikel\/alpinestars-stella-t-gp-plus-r-v3-air-fuksija\/"},"modified":"2022-08-11T11:19:42","modified_gmt":"2022-08-11T11:19:42","slug":"alpinestars-stella-t-gp-plus-r-v3-air-fuksija","status":"publish","type":"product","link":"https:\/\/moto-oprema.com\/hr\/Artikel\/alpinestars-stella-t-gp-plus-r-v3-air-fuksija\/","title":{"rendered":"ALPINESTARS STELLA T-GP PLUS R V3 AIR FUKSIJA"},"content":{"rendered":"<p>\u017denska motociklisti\u010dka tekstilna jakna Alpinestars Stella T-GP Plus R V3 Air<\/p>\n<p>T-GP Plus R v3 zra\u010dna jakna ima vrlo izdr\u017eljivu i otpornu na habanje glavnu \u0161koljku od poliesterske tkanine i suptilno integriranu vrhunsku Nucleon Flex Plus za\u0161titu za va\u0161u sigurnost i udobnost.<\/p>\n<p>Zna\u010dajke:<\/p>\n<p>  Anatomski dizajniran za potpuno optimizirano \u017eensko pristajanje.<br \/>  Izra\u0111en od izdr\u017eljivog poliestera od 600 deniera, s dvostrukim poliuretanskim premazom za dodatnu za\u0161titu.<br \/>  Velika mre\u017easta plo\u010da na prednjoj, stra\u017enjoj i gornjem dijelu rukava za optimalnu cirkulaciju zraka.<br \/>  GP Lite ramena s dinami\u010dkom za\u0161titom od trenja na ramenu za pobolj\u0161anu otpornost na habanje.<br \/>  Unutarnje oja\u010danje od 600 denier poliestera na ramenima i laktovima za dodatnu otpornost na habanje.<br \/>  Velika rastezljiva plo\u010da na ramenu i podlaktici za optimalno pristajanje i performanse.<br \/>  \u010ci\u010dak traka u struku i man\u017eete s poluautomatskim patentnim zatvara\u010dem za sigurno zatvaranje.<br \/>  Niskoprofilni ovratnik s mekim podstavom za udobnost jaha\u010da.<br \/>  Dva prednja d\u017eepa s patentnim zatvara\u010dem.<br \/>  Unutarnji vodootporni d\u017eep za dokumente.<br \/>  Dva unutarnja d\u017eepa na podstavi za sigurno pohranjivanje.<br \/>  Gornji bo\u010dni otvori za optimalnu cirkulaciju zraka.<br \/>  Reflektiraju\u0107i detalji.<\/p>\n<p>Tehni\u010dki podaci:<\/p>\n<p>  Nucleon Flex Plus za\u0161tita razine 1 na ramenima i laktovima (EN1621-1:2012)<br \/> Nucleon \u0161titnici za prsa razine 1 i Nucleon \u0161titnici za le\u0111a razine 1 i 2 dostupni su kao nadogradnja (nisu uklju\u010deni)<br \/> Za\u0161titna klasa motociklisti\u010dke odje\u0107e A <\/p>\n","protected":false},"excerpt":{"rendered":"<p>\u017denska motociklisti\u010dka tekstilna jakna Alpinestars Stella T-GP Plus R V3 Air T-GP Plus R v3 zra\u010dna&#8230;<\/p>\n","protected":false},"featured_media":18358,"comment_status":"open","ping_status":"open","template":"","meta":{"_acf_changed":false},"brand":[2748],"gender":[1314],"product_brand":[],"product_cat":[2759,1356,2761],"product_tag":[],"class_list":{"0":"post-149453","1":"product","2":"type-product","3":"status-publish","4":"has-post-thumbnail","6":"brand-alpinestars-hr","7":"gender-zenska","8":"product_cat-jakne-hr","9":"product_cat-motociklisticka-oprema","10":"product_cat-tekstilne-jakne-hr","11":"pa_size-l-hr","12":"pa_size-m-hr","13":"pa_size-s-hr","14":"pa_size-xl-hr","15":"pa_size-xs-hr","17":"first","18":"onbackorder","19":"sale","20":"taxable","21":"shipping-taxable","22":"purchasable","23":"product-type-variable"},"acf":[],"_links":{"self":[{"href":"https:\/\/moto-oprema.com\/hr\/wp-json\/wp\/v2\/product\/149453","targetHints":{"allow":["GET"]}}],"collection":[{"href":"https:\/\/moto-oprema.com\/hr\/wp-json\/wp\/v2\/product"}],"about":[{"href":"https:\/\/moto-oprema.com\/hr\/wp-json\/wp\/v2\/types\/product"}],"replies":[{"embeddable":true,"href":"https:\/\/moto-oprema.com\/hr\/wp-json\/wp\/v2\/comments?post=149453"}],"wp:featuredmedia":[{"embeddable":true,"href":"https:\/\/moto-oprema.com\/hr\/wp-json\/wp\/v2\/media\/18358"}],"wp:attachment":[{"href":"https:\/\/moto-oprema.com\/hr\/wp-json\/wp\/v2\/media?parent=149453"}],"wp:term":[{"taxonomy":"brand","embeddable":true,"href":"https:\/\/moto-oprema.com\/hr\/wp-json\/wp\/v2\/brand?post=149453"},{"taxonomy":"gender","embeddable":true,"href":"https:\/\/moto-oprema.com\/hr\/wp-json\/wp\/v2\/gender?post=149453"},{"taxonomy":"product_brand","embeddable":true,"href":"https:\/\/moto-oprema.com\/hr\/wp-json\/wp\/v2\/product_brand?post=149453"},{"taxonomy":"product_cat","embeddable":true,"href":"https:\/\/moto-oprema.com\/hr\/wp-json\/wp\/v2\/product_cat?post=149453"},{"taxonomy":"product_tag","embeddable":true,"href":"https:\/\/moto-oprema.com\/hr\/wp-json\/wp\/v2\/product_tag?post=149453"}],"curies":[{"name":"wp","href":"https:\/\/api.w.org\/{rel}","templated":true}]}}