{"id":149197,"date":"2022-08-11T11:01:29","date_gmt":"2022-08-11T11:01:29","guid":{"rendered":"https:\/\/moto-oprema.com\/Artikel\/alpinestars-kromirana-majica-s-kapucom-s-paljenjem-crna-zuta-fluo\/"},"modified":"2022-08-11T11:01:29","modified_gmt":"2022-08-11T11:01:29","slug":"alpinestars-kromirana-majica-s-kapucom-s-paljenjem-crna-zuta-fluo","status":"publish","type":"product","link":"https:\/\/moto-oprema.com\/hr\/Artikel\/alpinestars-kromirana-majica-s-kapucom-s-paljenjem-crna-zuta-fluo\/","title":{"rendered":"ALPINESTARS KROMIRANA MAJICA S KAPUCOM S PALJENJEM CRNA \u017dUTA FLUO"},"content":{"rendered":"<p>Lagana Chrome Ignition majica s kapulja\u010dom dizajnirana je za gradsku vo\u017enju i posao. Nudi izvrsnu otpornost na habanje zahvaljuju\u0107i aramidnim oja\u010danjima na ramenima, laktovima i le\u0111ima. Ova majica s kapulja\u010dom ima Nucleon Flex Plus oja\u010danja na ramenima i laktovima za izvrsnu za\u0161titu od udaraca, spremna je za Tech-Air\u00ae i mo\u017ee se opremiti sustavom zra\u010dnih jastuka Tech-Air\u00ae 5.  <\/p>\n<p>Zna\u010dajke:<\/p>\n<p>  Tkanina s &#8220;pamu\u010dnim&#8221; osje\u0107ajem pru\u017ea voza\u010du pobolj\u0161anu udobnost vo\u017enje.<br \/>  Ova le\u017eerna majica s kapulja\u010dom nudi za\u0161titu: opremljena je Nucleon Flex Plus za\u0161titom i mo\u017ee primiti sustav zra\u010dnih jastuka Tech-Air\u00ae 5, koji u potpunosti \u0161titi gornji dio tijela.<br \/>  Unutarnja oja\u010danja od aramidnih vlakana pru\u017eaju optimalnu otpornost na habanje i dodatnu izdr\u017eljivost.<br \/>  Vanjski sloj izra\u0111en od pletene tkanine s &#8220;pamu\u010dnim&#8221; osje\u0107ajem za le\u017eeran izgled.<br \/>  Unutarnje oja\u010danje od aramidnih vlakana na ramenima, laktovima i le\u0111ima za ve\u0107u otpornost na habanje.<br \/>  Majica s kapulja\u010dom je prakti\u010dna zahvaljuju\u0107i vi\u0161e d\u017eepova sprijeda za prakti\u010dno i sigurno spremanje.<br \/>  Visoki ovratnik \u0161titi od vjetra i vremenskih uvjeta te pru\u017ea ve\u0107u udobnost.<br \/>  Uklonjiva kapulja\u010da prilago\u0111ava je klimatskim uvjetima i pove\u0107ava njezinu prakti\u010dnost izvan motocikla.<br \/>  Podesive vezice za pojednostavljeno pristajanje.<br \/>  Nucleon Flex Plus oja\u010danja na ramenima i laktovima za vrhunsku za\u0161titu od udara.<br \/>  D\u017eep na stra\u017enjoj strani za Nucleon \u0161titnik za le\u0111a, dostupan kao dodatna oprema.<br \/>  Vodootporni unutarnji d\u017eep za sigurno pohranjivanje dragocjenosti.<br \/>  Pravilnik o osobnoj za\u0161titnoj opremi kategorije II EN17092 &#8211; klasa A<br \/> Za\u0161titnik za le\u0111a Alpinestars Nucleon razine 2 EN1621-2:2014, dostupan kao dodatna oprema.<br \/>  1. razina EN1621-1:2012 Alpinestars Nucleon Flex Plus \u0161titnici za ramena i laktove.<\/p>\n<p>Uklju\u010deno:<\/p>\n<p>  1x Alpinestars Chrome Ignition motociklisti\u010dka tekstilna jakna<br \/> 1x par Nucleon Flex Plus jastu\u010di\u0107a za ramena<br \/> 1x par Nucleon Flex Plus \u0161titnika za laktove<\/p>\n","protected":false},"excerpt":{"rendered":"<p>Lagana Chrome Ignition majica s kapulja\u010dom dizajnirana je za gradsku vo\u017enju i posao. Nudi izvrsnu otpornost&#8230;<\/p>\n","protected":false},"featured_media":18334,"comment_status":"open","ping_status":"open","template":"","meta":{"_acf_changed":false},"brand":[2748],"gender":[],"product_brand":[],"product_cat":[2759,1356,2761],"product_tag":[],"class_list":{"0":"post-149197","1":"product","2":"type-product","3":"status-publish","4":"has-post-thumbnail","6":"brand-alpinestars-hr","7":"product_cat-jakne-hr","8":"product_cat-motociklisticka-oprema","9":"product_cat-tekstilne-jakne-hr","10":"pa_size-l-hr","11":"pa_size-m-hr","12":"pa_size-s-hr","13":"pa_size-xl-hr","14":"pa_size-xxl-hr","16":"first","17":"onbackorder","18":"sale","19":"taxable","20":"shipping-taxable","21":"purchasable","22":"product-type-variable"},"acf":[],"_links":{"self":[{"href":"https:\/\/moto-oprema.com\/hr\/wp-json\/wp\/v2\/product\/149197","targetHints":{"allow":["GET"]}}],"collection":[{"href":"https:\/\/moto-oprema.com\/hr\/wp-json\/wp\/v2\/product"}],"about":[{"href":"https:\/\/moto-oprema.com\/hr\/wp-json\/wp\/v2\/types\/product"}],"replies":[{"embeddable":true,"href":"https:\/\/moto-oprema.com\/hr\/wp-json\/wp\/v2\/comments?post=149197"}],"wp:featuredmedia":[{"embeddable":true,"href":"https:\/\/moto-oprema.com\/hr\/wp-json\/wp\/v2\/media\/18334"}],"wp:attachment":[{"href":"https:\/\/moto-oprema.com\/hr\/wp-json\/wp\/v2\/media?parent=149197"}],"wp:term":[{"taxonomy":"brand","embeddable":true,"href":"https:\/\/moto-oprema.com\/hr\/wp-json\/wp\/v2\/brand?post=149197"},{"taxonomy":"gender","embeddable":true,"href":"https:\/\/moto-oprema.com\/hr\/wp-json\/wp\/v2\/gender?post=149197"},{"taxonomy":"product_brand","embeddable":true,"href":"https:\/\/moto-oprema.com\/hr\/wp-json\/wp\/v2\/product_brand?post=149197"},{"taxonomy":"product_cat","embeddable":true,"href":"https:\/\/moto-oprema.com\/hr\/wp-json\/wp\/v2\/product_cat?post=149197"},{"taxonomy":"product_tag","embeddable":true,"href":"https:\/\/moto-oprema.com\/hr\/wp-json\/wp\/v2\/product_tag?post=149197"}],"curies":[{"name":"wp","href":"https:\/\/api.w.org\/{rel}","templated":true}]}}