{"id":148989,"date":"2022-08-04T11:40:36","date_gmt":"2022-08-04T11:40:36","guid":{"rendered":"https:\/\/moto-oprema.com\/Artikel\/spidi-carbo-7-rukavice-crveno-fluo\/"},"modified":"2022-08-04T11:40:36","modified_gmt":"2022-08-04T11:40:36","slug":"spidi-carbo-7-rukavice-crveno-fluo","status":"publish","type":"product","link":"https:\/\/moto-oprema.com\/hr\/Artikel\/spidi-carbo-7-rukavice-crveno-fluo\/","title":{"rendered":"SPIDI CARBO 7 RUKAVICE CRVENO-FLUO"},"content":{"rendered":"<p>SPIDI Carbo 7 najnoviji je dodatak na\u0161oj Carbo seriji visoko konstruiranih sportskih rukavica; tako\u0111er certificiran prema EN 13594:2015 KP CE razina 1. Svaka pojedina\u010dna rukavica izra\u0111ena je od kozje ko\u017ee debljine 0,6 do 0,8 mm i posebno je cijenjena zbog svoje lagane konstrukcije unato\u010d ogromnoj otpornosti na habanje i probijanje. Za\u0161tita od karbonskih vlakana preko zglobova i dodatna za\u0161tita od HDF podstave na dlanu, nadlanici i rubu ruke. Carbo 7 ima sna\u017enu traku za zglob koja sprje\u010dava klizanje i neke perforacije u ko\u017ei koje omogu\u0107uju izvrsnu cirkulaciju zraka. SPIDI nudi ovaj model rukavice u veli\u010dinama od S do 3XL i 4 boje.<\/p>\n","protected":false},"excerpt":{"rendered":"<p>SPIDI Carbo 7 najnoviji je dodatak na\u0161oj Carbo seriji visoko konstruiranih sportskih rukavica; tako\u0111er certificiran prema&#8230;<\/p>\n","protected":false},"featured_media":17899,"comment_status":"open","ping_status":"closed","template":"","meta":{"_acf_changed":false},"brand":[2732],"gender":[1313],"product_brand":[],"product_cat":[2835,1356,2816],"product_tag":[],"class_list":{"0":"post-148989","1":"product","2":"type-product","3":"status-publish","4":"has-post-thumbnail","6":"brand-spidi-hr","7":"gender-moski","8":"product_cat-kozne-rukavice","9":"product_cat-motociklisticka-oprema","10":"product_cat-rukavice","11":"pa_size-l-hr","12":"pa_size-m-hr","13":"pa_size-s-hr","14":"pa_size-xl-hr","15":"pa_size-xxl-hr","16":"pa_size-xxxl-hr","18":"first","19":"onbackorder","20":"taxable","21":"shipping-taxable","22":"purchasable","23":"product-type-variable"},"acf":[],"_links":{"self":[{"href":"https:\/\/moto-oprema.com\/hr\/wp-json\/wp\/v2\/product\/148989","targetHints":{"allow":["GET"]}}],"collection":[{"href":"https:\/\/moto-oprema.com\/hr\/wp-json\/wp\/v2\/product"}],"about":[{"href":"https:\/\/moto-oprema.com\/hr\/wp-json\/wp\/v2\/types\/product"}],"replies":[{"embeddable":true,"href":"https:\/\/moto-oprema.com\/hr\/wp-json\/wp\/v2\/comments?post=148989"}],"wp:featuredmedia":[{"embeddable":true,"href":"https:\/\/moto-oprema.com\/hr\/wp-json\/wp\/v2\/media\/17899"}],"wp:attachment":[{"href":"https:\/\/moto-oprema.com\/hr\/wp-json\/wp\/v2\/media?parent=148989"}],"wp:term":[{"taxonomy":"brand","embeddable":true,"href":"https:\/\/moto-oprema.com\/hr\/wp-json\/wp\/v2\/brand?post=148989"},{"taxonomy":"gender","embeddable":true,"href":"https:\/\/moto-oprema.com\/hr\/wp-json\/wp\/v2\/gender?post=148989"},{"taxonomy":"product_brand","embeddable":true,"href":"https:\/\/moto-oprema.com\/hr\/wp-json\/wp\/v2\/product_brand?post=148989"},{"taxonomy":"product_cat","embeddable":true,"href":"https:\/\/moto-oprema.com\/hr\/wp-json\/wp\/v2\/product_cat?post=148989"},{"taxonomy":"product_tag","embeddable":true,"href":"https:\/\/moto-oprema.com\/hr\/wp-json\/wp\/v2\/product_tag?post=148989"}],"curies":[{"name":"wp","href":"https:\/\/api.w.org\/{rel}","templated":true}]}}