{"id":148772,"date":"2022-07-15T09:09:48","date_gmt":"2022-07-15T09:09:48","guid":{"rendered":"https:\/\/moto-oprema.com\/Artikel\/spidi-flash-rukavice-crno-bijele-zute\/"},"modified":"2022-07-15T09:09:48","modified_gmt":"2022-07-15T09:09:48","slug":"spidi-flash-rukavice-crno-bijele-zute","status":"publish","type":"product","link":"https:\/\/moto-oprema.com\/hr\/Artikel\/spidi-flash-rukavice-crno-bijele-zute\/","title":{"rendered":"SPIDI FLASH RUKAVICE CRNO BIJELE \u017dUTE"},"content":{"rendered":"<p>Spidi Flash su tehni\u010dke motociklisti\u010dke rukavice koje su lagane i udobne, a istovremeno nude izvrsnu sigurnost te su KP testirane prema razini 1 norme EN 13594:2015. <\/p>\n<p>Zna\u010dajke:<\/p>\n<ul>\n<li>  Obloga dlana<\/li>\n<li>  Jastu\u010di\u0107 na stra\u017enjoj strani dlana<\/li>\n<li>  Jastu\u010di\u0107 na vanjskoj strani ruke<\/li>\n<li>  Neoprenska man\u017eeta<\/li>\n<li>  Jezi\u010dak na man\u017eeti za dodatnu pomo\u0107 pri obla\u010denju<\/li>\n<li>  Prosje\u010dna te\u017eina 0,1 kg<\/li>\n<li>  rastezljiva tkanina\/rastezljiva<\/li>\n<li>  Podru\u010dja od reflektiraju\u0107eg materijala za no\u0107ni vid<\/li>\n<li>  Perforirana mre\u017ea<\/li>\n<\/ul>\n<p>Sastav sirovine: 100% poliester<\/p>\n","protected":false},"excerpt":{"rendered":"<p>Spidi Flash su tehni\u010dke motociklisti\u010dke rukavice koje su lagane i udobne, a istovremeno nude izvrsnu sigurnost&#8230;<\/p>\n","protected":false},"featured_media":17786,"comment_status":"open","ping_status":"open","template":"","meta":{"_acf_changed":false},"brand":[2732],"gender":[],"product_brand":[],"product_cat":[1356,2816,2822],"product_tag":[],"class_list":{"0":"post-148772","1":"product","2":"type-product","3":"status-publish","4":"has-post-thumbnail","6":"brand-spidi-hr","7":"product_cat-motociklisticka-oprema","8":"product_cat-rukavice","9":"product_cat-tekstilne-rukavice","10":"pa_size-l-hr","11":"pa_size-m-hr","12":"pa_size-s-hr","13":"pa_size-xl-hr","14":"pa_size-xxl-hr","15":"pa_size-xxxl-hr","17":"first","18":"outofstock","19":"taxable","20":"shipping-taxable","21":"purchasable","22":"product-type-variable"},"acf":[],"_links":{"self":[{"href":"https:\/\/moto-oprema.com\/hr\/wp-json\/wp\/v2\/product\/148772","targetHints":{"allow":["GET"]}}],"collection":[{"href":"https:\/\/moto-oprema.com\/hr\/wp-json\/wp\/v2\/product"}],"about":[{"href":"https:\/\/moto-oprema.com\/hr\/wp-json\/wp\/v2\/types\/product"}],"replies":[{"embeddable":true,"href":"https:\/\/moto-oprema.com\/hr\/wp-json\/wp\/v2\/comments?post=148772"}],"wp:featuredmedia":[{"embeddable":true,"href":"https:\/\/moto-oprema.com\/hr\/wp-json\/wp\/v2\/media\/17786"}],"wp:attachment":[{"href":"https:\/\/moto-oprema.com\/hr\/wp-json\/wp\/v2\/media?parent=148772"}],"wp:term":[{"taxonomy":"brand","embeddable":true,"href":"https:\/\/moto-oprema.com\/hr\/wp-json\/wp\/v2\/brand?post=148772"},{"taxonomy":"gender","embeddable":true,"href":"https:\/\/moto-oprema.com\/hr\/wp-json\/wp\/v2\/gender?post=148772"},{"taxonomy":"product_brand","embeddable":true,"href":"https:\/\/moto-oprema.com\/hr\/wp-json\/wp\/v2\/product_brand?post=148772"},{"taxonomy":"product_cat","embeddable":true,"href":"https:\/\/moto-oprema.com\/hr\/wp-json\/wp\/v2\/product_cat?post=148772"},{"taxonomy":"product_tag","embeddable":true,"href":"https:\/\/moto-oprema.com\/hr\/wp-json\/wp\/v2\/product_tag?post=148772"}],"curies":[{"name":"wp","href":"https:\/\/api.w.org\/{rel}","templated":true}]}}