{"id":148705,"date":"2022-05-09T10:32:14","date_gmt":"2022-05-09T10:32:14","guid":{"rendered":"https:\/\/moto-oprema.com\/Artikel\/interphone-u-com-16-komunikacijski-jednostavni\/"},"modified":"2022-05-09T10:32:14","modified_gmt":"2022-05-09T10:32:14","slug":"interphone-u-com-16-komunikacijski-jednostavni","status":"publish","type":"product","link":"https:\/\/moto-oprema.com\/hr\/Artikel\/interphone-u-com-16-komunikacijski-jednostavni\/","title":{"rendered":"INTERPHONE U-COM 16 KOMUNIKACIJSKI JEDNOSTAVNI"},"content":{"rendered":"<p>Interfon U-com 16 Bluetooth komunikacijski sustav, pojedina\u010dni set<\/p>\n<p>U-com 16 je najtanji interkom s MESH mre\u017enom tehnologijom na tr\u017ei\u0161tu. Zahvaljuju\u0107i ovoj naprednoj tehnologiji, jednostavnim klikom mo\u017eete uspostaviti pouzdaniju vezu i grupnu vezu s drugim interkomima (do 24). Ali to ne zavr\u0161ava, potpuna kompatibilnost sa svim Sena, TFT, GPS i OEM sustavima glavnih proizvo\u0111a\u010da kaciga na tr\u017ei\u0161tu \u010dini ga savr\u0161enim suputnikom za avanture. U-com 16 tako\u0111er nudi vrlo visoke audio performanse prilikom slu\u0161anja radija ili va\u0161ih omiljenih popisa pjesama, \u010dak i u pozadini tijekom poziva, zahvaljuju\u0107i novim 40 mm HD zvu\u010dnicima za dubok i obavijaju\u0107i bas. Jo\u0161 jedan prepoznatljiv element ovog modela je dizajn kacige otporan na udarce. Prakti\u010dna zasebna baterija na stra\u017enjoj strani kacige nikada nije vidljiva i mo\u017ee se zamijeniti kako bi se udvostru\u010dilo trajanje interkoma i njegove visoke performanse.     <\/p>\n<p>Zna\u010dajke:<\/p>\n<p>  Mesh 2.0 i Bluetooth\u00ae 5.0 tehnologija<br \/> Interfonska veza do 1,6 km<br \/> Mre\u017ena komunikacija u grupama za do 24 interfona<br \/> Mesh Bridge: Mogu\u0107nost prebacivanja drugog Bluetooth interfona na mesh razgovor<br \/> Veza izme\u0111u interfona jednim klikom<br \/> Izbornik s vi\u0161ejezi\u010dnim glasovnim navo\u0111enjem<br \/> Veza sa pametnim telefonom<br \/> Slu\u0161anje\/dijeljenje glazbe, telefonski pozivi<br \/> Vodootpornost IP 67<br \/> Razgovor izme\u0111u interfona s pozadinskim zvukom iz radija\/GPS-a\/glazbenih funkcija<br \/> Konfigurirajte ure\u0111aj u osnovnom ili naprednom na\u010dinu rada<br \/> Pro\u0161irena kompatibilnost sa svim komercijalno dostupnim Sena, TFT i GPS sustavima<br \/> Ugra\u0111ene glasovne naredbe za upravljanje funkcijama ure\u0111aja.<br \/> A\u017euriranje i konfiguriranje ure\u0111aja putem ra\u010dunala (Windows i MacOs)<\/p>\n<p>Tehni\u010dki podaci:<\/p>\n<p>Primjena:<\/p>\n<p>  Nova aplikacija za iOS i Android<br \/> Potpuna kontrola nad funkcijama interfona<br \/> Pogledajte preostalo trajanje baterije<br \/> Pogledajte instaliranu verziju firmvera i dostupnost novih verzija<br \/> Pogledajte postotak baterije<br \/> Lak\u0161e stvaranje interkom grupa<br \/> Pametno uparivanje interfona: uparivanje interfona putem QR koda<br \/> Odabire unaprijed postavljene postavke ekvilajzera.<\/p>\n<p>ZVUK:<\/p>\n<p>  Upravljajte svojim ure\u0111ajem pomo\u0107u vi\u0161ejezi\u010dnih glasovnih naredbi<br \/> unaprijed postavljene glasovne poruke<br \/> Usmjereni mikrofon za vjetrobransko staklo<br \/> Automatska kontrola glasno\u0107e (mo\u017ee se isklju\u010diti) na 3 razine<br \/> Novi premium HD zvu\u010dnici do 40 mm<br \/> Vox Intercom ekvilajzer podesiv na 5 razina<\/p>\n<p>PUNJA\u010c:<\/p>\n<p>  Potpuno punjenje za 1 sat<br \/> Brzo punjenje: Napunite svoj interfon najve\u0107om brzinom. S otprilike 20 minuta punjenja dobivate do 6 sati razgovora putem Bluetooth\u00ae-a i 3 sata putem mre\u017ee.<br \/> Mikro priklju\u010dak za mikrofon i zvu\u010dnike<br \/> USB tip C za punjenje i prijenos podataka<br \/> Trajanje baterije samo u interkomu do 8 sati u Mesh i 15 sati u Bluetooth\u00ae na\u010dinu rada (trajanje ovisi o pozadinskoj glazbi\/GPS-u\/radiju)<br \/> Mogu\u0107nost punjenja interfona tijekom kori\u0161tenja <\/p>\n<p>GPS:<\/p>\n<p>  Kompatibilno s glavnim Bluetooth\u00ae navigacijskim sustavima za motocikle<br \/> GPS glasovno navo\u0111enje, \u010dak i u pozadini tijekom razgovora putem interfona<br \/> Kompatibilno s glavnim aplikacijama za navigaciju pametnih telefona, glasovne upute \u010dak i u pozadini.<\/p>\n<p>FM RADIO:<\/p>\n<p>  Prijem od 76,0 MHz do 108 MHz<br \/> RDS funkcija (odabir najboljih frekvencija prema podru\u010dju)<br \/> 10 unaprijed postavljenih radio postaja<br \/> Automatsko pohranjivanje prvih 10 stanica s najboljim prijemom<br \/> Automatski isklju\u010duje zvuk dolaznih poziva.<\/p>\n<p>KOMPATIBILNOST:<\/p>\n<p>  Kompatibilno sa svim pametnim telefonima s Bluetooth\u00ae tehnologijom<br \/> GPS navigacijski sustavi s Bluetooth\u00ae tehnologijom i HFP profilom<br \/> Potpuna integracija sa svim Sena sustavima i kacigama s integriranim komunikacijskim sustavom<br \/> Spajanje na interfone drugih marki u Anycom na\u010dinu rada<br \/> Kompatibilan sa svim TFT i GPS sustavima.<br \/> Pogodno za ve\u0107inu kaciga<\/p>\n<p>MOBITEL:<\/p>\n<p>  Dvostruka to\u010dka: Mogu\u0107nost istovremenog spajanja dva pametna telefona na upravlja\u010dku jedinicu<br \/> glasovno odgovaranje na pozive<br \/> Upravljanje pomo\u0107u glasovnih asistenata tvrtki Apple i Android<br \/> Brzo biranje: Mogu\u0107nost pohranjivanja 3 telefonska broja<br \/> Ponovno birajte zadnji poziv<br \/> Dijeljenje telefonskog razgovora s drugim interkomom.<\/p>\n<p>GLAZBA:<\/p>\n<p>  Reprodukcija zvuka (A2DP\/AVRCP) s pametnog telefona, multimedijskog sustava vozila (TFT), MP3 playera i drugih Bluetooth\u00ae playera<br \/> Dijeljenje pjesama: Dijeljenje glazbe izme\u0111u voza\u010da i suvoza\u010da.<\/p>\n<p>dimenzije:<\/p>\n<p>  Te\u017eina: 60 g<br \/> Duljina: 85 mm<br \/> Visina: 48 mm<br \/> Debljina: 12 mm<\/p>\n<p>Uklju\u010deno:<\/p>\n<p>  1x glavna jedinica interfona U-com 16<br \/> 1x samoljepljivi nosa\u010d<br \/> 1x \u010di\u010dak za pri\u010dvr\u0161\u0107ivanje na kacigu<br \/> 1x nosa\u010d za monta\u017eu s kop\u010dom<br \/> 1x zvu\u010dnik tako\u0111er 40 mm TS<br \/> 1x mikrofon s nosa\u010dem (kacige s otvorenim licem i modularne kacige) i s ljepljivim nosa\u010dem (kacige s punim licem)<br \/> 1x uklonjiva baterija s nosa\u010dem za kacigu<br \/> 1x USB Type-C kabel za prijenos podataka i punjenje<\/p>\n","protected":false},"excerpt":{"rendered":"<p>Interfon U-com 16 Bluetooth komunikacijski sustav, pojedina\u010dni set U-com 16 je najtanji interkom s MESH mre\u017enom&#8230;<\/p>\n","protected":false},"featured_media":148707,"comment_status":"open","ping_status":"open","template":"","meta":{"_acf_changed":false},"brand":[2976],"gender":[],"product_brand":[],"product_cat":[1358,2757,1356],"product_tag":[],"class_list":{"0":"post-148705","1":"product","2":"type-product","3":"status-publish","4":"has-post-thumbnail","6":"brand-interphone-hr","7":"product_cat-kacige","8":"product_cat-komunikacije-hr","9":"product_cat-motociklisticka-oprema","11":"first","12":"onbackorder","13":"taxable","14":"shipping-taxable","15":"purchasable","16":"product-type-simple"},"acf":[],"_links":{"self":[{"href":"https:\/\/moto-oprema.com\/hr\/wp-json\/wp\/v2\/product\/148705","targetHints":{"allow":["GET"]}}],"collection":[{"href":"https:\/\/moto-oprema.com\/hr\/wp-json\/wp\/v2\/product"}],"about":[{"href":"https:\/\/moto-oprema.com\/hr\/wp-json\/wp\/v2\/types\/product"}],"replies":[{"embeddable":true,"href":"https:\/\/moto-oprema.com\/hr\/wp-json\/wp\/v2\/comments?post=148705"}],"wp:featuredmedia":[{"embeddable":true,"href":"https:\/\/moto-oprema.com\/hr\/wp-json\/wp\/v2\/media\/148707"}],"wp:attachment":[{"href":"https:\/\/moto-oprema.com\/hr\/wp-json\/wp\/v2\/media?parent=148705"}],"wp:term":[{"taxonomy":"brand","embeddable":true,"href":"https:\/\/moto-oprema.com\/hr\/wp-json\/wp\/v2\/brand?post=148705"},{"taxonomy":"gender","embeddable":true,"href":"https:\/\/moto-oprema.com\/hr\/wp-json\/wp\/v2\/gender?post=148705"},{"taxonomy":"product_brand","embeddable":true,"href":"https:\/\/moto-oprema.com\/hr\/wp-json\/wp\/v2\/product_brand?post=148705"},{"taxonomy":"product_cat","embeddable":true,"href":"https:\/\/moto-oprema.com\/hr\/wp-json\/wp\/v2\/product_cat?post=148705"},{"taxonomy":"product_tag","embeddable":true,"href":"https:\/\/moto-oprema.com\/hr\/wp-json\/wp\/v2\/product_tag?post=148705"}],"curies":[{"name":"wp","href":"https:\/\/api.w.org\/{rel}","templated":true}]}}