{"id":148695,"date":"2022-05-09T10:20:26","date_gmt":"2022-05-09T10:20:26","guid":{"rendered":"https:\/\/moto-oprema.com\/Artikel\/interphone-u-com-4-dvostruki-komunikacijski\/"},"modified":"2022-05-09T10:20:26","modified_gmt":"2022-05-09T10:20:26","slug":"interphone-u-com-4-dvostruki-komunikacijski","status":"publish","type":"product","link":"https:\/\/moto-oprema.com\/hr\/Artikel\/interphone-u-com-4-dvostruki-komunikacijski\/","title":{"rendered":"INTERPHONE U-COM 4 DVOSTRUKI KOMUNIKACIJSKI"},"content":{"rendered":"<p><strong>Dvostruki paket Bluetooth komunikacijskog sustava za interfon U-com 4<\/strong><\/p>\n<p>U-com 4 je interfon opremljen Bluetooth 5.0 tehnologijom, koja mo\u017ee pru\u017eiti pro\u0161irenu kompatibilnost s originalnim OEM sustavima instaliranim na kacigama i s ve\u0107inom interfona drugih marki na tr\u017ei\u0161tu. Stvorite grupe do 4 interfona i zaboravite na probleme s povezivanjem. U-com 4 tako\u0111er nudi vrlo visoke audio performanse prilikom slu\u0161anja radija ili va\u0161ih omiljenih popisa pjesama, \u010dak i u pozadini tijekom razgovora s dvije osobe, zahvaljuju\u0107i novim 32 mm HD zvu\u010dnicima za dubok i obavijaju\u0107i bas. Zahvaljuju\u0107i novoj namjenskoj aplikaciji &#8211; vi\u0161ejezi\u010dnoj, jednostavnoj i intuitivnoj &#8211; mo\u017eete maksimizirati i u potpunosti prilagoditi potencijal svog novog interfona. Dostupno za iOS i Android. Jo\u0161 jedan prepoznatljiv element ovog modela je njegov besprijekoran dizajn. Prakti\u010dna zasebna baterija na stra\u017enjoj strani kacige nikada nije vidljiva i mo\u017ee se zamijeniti kako bi se udvostru\u010dilo trajanje interfona i njegove visoke performanse.      <\/p>\n<p>Zna\u010dajke:<\/p>\n<ul>\n<li>  Bluetooth\u00ae5.0 tehnologija<\/li>\n<li>  Veza izme\u0111u interfona do 1 km<\/li>\n<li>  Interfonske grupe izme\u0111u interfona jednim klikom<\/li>\n<li>  Grupna komunikacija za do 4 interfona<\/li>\n<li>  Izbornik s vi\u0161ejezi\u010dnim glasovnim navo\u0111enjem<\/li>\n<li>  Veza sa pametnim telefonom<\/li>\n<li>  Slu\u0161anje\/dijeljenje glazbe, telefonski pozivi<\/li>\n<li>  Vodootpornost IP 67<\/li>\n<li>  Razgovor izme\u0111u interfona s pozadinskim zvukom iz radija\/GPS-a\/glazbenih funkcija<\/li>\n<li>  Pro\u0161irena kompatibilnost sa svim komercijalno dostupnim Sena, TFT i GPS sustavima<\/li>\n<li>  A\u017euriranje i konfiguriranje ure\u0111aja putem ra\u010dunala (Windows i MacOs)<\/li>\n<\/ul>\n<p>Tehni\u010dki podaci:<\/p>\n<p>Primjena:<\/p>\n<p>  Nova aplikacija za iOS i Android<br \/> Potpuna kontrola nad funkcijama interfona<br \/> Pogledajte preostalo trajanje baterije<br \/> Pogledajte instaliranu verziju firmvera i dostupnost novih verzija<br \/> Pogledajte postotak baterije<br \/> Lak\u0161e stvaranje interkom grupa<br \/> Pametno uparivanje interfona: uparivanje interfona putem QR koda<br \/> Odabire unaprijed postavljene postavke ekvilajzera.<\/p>\n<p>ZVUK:<\/p>\n<p>  Upravljajte svojim ure\u0111ajem pomo\u0107u vi\u0161ejezi\u010dnih glasovnih naredbi<br \/> Unaprijed postavljene glasovne poruke<br \/> Usmjereni mikrofon za vjetrobransko staklo<br \/> Automatska kontrola glasno\u0107e (mo\u017ee se isklju\u010diti) na 3 razine<br \/> Novi premium HD zvu\u010dnici do 32 mm<br \/> Izjedna\u010diva\u010d zvuka<br \/> Vox interfon podesiv u 5 razina<\/p>\n<p>PUNJA\u010c:<\/p>\n<p>  Potpuno punjenje za 3 sata<br \/> Mikro priklju\u010dak za mikrofon i zvu\u010dnike<br \/> USB tip C za punjenje i prijenos podataka.<br \/> Trajanje baterije samo u interkom na\u010dinu rada do 15 sati (promjenjivo trajanje s glazbom\/GPS-om\/radiom u pozadini)<br \/> Mogu\u0107nost punjenja interfona tijekom kori\u0161tenja.<\/p>\n<p>GPS:<\/p>\n<p>  Kompatibilno s glavnim Bluetooth\u00ae navigacijskim sustavima za motocikle<br \/> GPS glasovno navo\u0111enje, \u010dak i u pozadini tijekom razgovora putem interfona<br \/> Kompatibilno s glavnim aplikacijama za navigaciju pametnih telefona, glasovne upute \u010dak i u pozadini.<\/p>\n<p>FM RADIO:<\/p>\n<p>  Prijem od 76,0 MHz do 108 MHz<br \/> RDS funkcija (odabir najboljih frekvencija prema podru\u010dju)<br \/> 10 unaprijed postavljenih radio postaja<br \/> Automatsko pohranjivanje prvih 10 stanica s najboljim prijemom<br \/> Automatski isklju\u010duje zvuk dolaznih poziva.<\/p>\n<p>KOMPATIBILNOST:<\/p>\n<p>  Kompatibilno sa svim pametnim telefonima s Bluetooth\u00ae tehnologijom<br \/> GPS navigacijski sustavi s Bluetooth\u00ae tehnologijom i HFP profilom<br \/> Potpuna integracija sa svim Sena sustavima i kacigama s integriranim komunikacijskim sustavom<br \/> Spajanje na interfone drugih marki u Anycom na\u010dinu rada<br \/> Kompatibilan sa svim TFT i GPS sustavima.<br \/> Pogodno za ve\u0107inu kaciga<\/p>\n<p>MOBITEL:<\/p>\n<p>  Dual Point, mogu\u0107nost istovremenog povezivanja dva pametna telefona s upravlja\u010dkom jedinicom<br \/> glasovno odgovaranje na pozive<br \/> Upravljanje pomo\u0107u glasovnih asistenata tvrtki Apple i Android<br \/> Brzo biranje: Mogu\u0107nost pohranjivanja 3 telefonska broja<br \/> Ponovno birajte zadnji poziv<br \/> Dijeljenje telefonskog razgovora s drugim interkomom.<\/p>\n<p>GLAZBA:<\/p>\n<p>  Reprodukcija zvuka (A2DP\/AVRCP) s pametnog telefona, multimedijskog sustava vozila (TFT), MP3 playera i drugih Bluetooth\u00ae playera<br \/> Dijeljenje pjesama: Dijeljenje glazbe izme\u0111u voza\u010da i suvoza\u010da.<\/p>\n<p>dimenzije:<\/p>\n<p>  Te\u017eina: 50 g<br \/> Duljina: 67 mm<br \/> Visina: 35 mm<br \/> Debljina: 12 mm<\/p>\n<p>Uklju\u010deno:<\/p>\n<p>  2x glavna jedinica interfona U-com 4<br \/> 2x samoljepljivi nosa\u010d<br \/> 2x \u010di\u010dak za pri\u010dvr\u0161\u0107ivanje na kacigu<br \/> 2x nosa\u010d za monta\u017eu s kop\u010dom<br \/> 2x zvu\u010dnika na 32 mm TS<br \/> 2x mikrofon s nosa\u010dem (kacige s otvorenim licem i modularne kacige) i s ljepljivim nosa\u010dem (kacige s punim licem)<br \/> 2x uklonjiva baterija s nosa\u010dem za kacigu<br \/> 2x USB Type-C kabela za prijenos podataka i punjenje<\/p>\n","protected":false},"excerpt":{"rendered":"<p>Dvostruki paket Bluetooth komunikacijskog sustava za interfon U-com 4 U-com 4 je interfon opremljen Bluetooth 5.0&#8230;<\/p>\n","protected":false},"featured_media":148698,"comment_status":"open","ping_status":"open","template":"","meta":{"_acf_changed":false},"brand":[2976],"gender":[],"product_brand":[],"product_cat":[1358,2757,1356],"product_tag":[],"class_list":{"0":"post-148695","1":"product","2":"type-product","3":"status-publish","4":"has-post-thumbnail","6":"brand-interphone-hr","7":"product_cat-kacige","8":"product_cat-komunikacije-hr","9":"product_cat-motociklisticka-oprema","11":"first","12":"onbackorder","13":"taxable","14":"shipping-taxable","15":"purchasable","16":"product-type-simple"},"acf":[],"_links":{"self":[{"href":"https:\/\/moto-oprema.com\/hr\/wp-json\/wp\/v2\/product\/148695","targetHints":{"allow":["GET"]}}],"collection":[{"href":"https:\/\/moto-oprema.com\/hr\/wp-json\/wp\/v2\/product"}],"about":[{"href":"https:\/\/moto-oprema.com\/hr\/wp-json\/wp\/v2\/types\/product"}],"replies":[{"embeddable":true,"href":"https:\/\/moto-oprema.com\/hr\/wp-json\/wp\/v2\/comments?post=148695"}],"wp:featuredmedia":[{"embeddable":true,"href":"https:\/\/moto-oprema.com\/hr\/wp-json\/wp\/v2\/media\/148698"}],"wp:attachment":[{"href":"https:\/\/moto-oprema.com\/hr\/wp-json\/wp\/v2\/media?parent=148695"}],"wp:term":[{"taxonomy":"brand","embeddable":true,"href":"https:\/\/moto-oprema.com\/hr\/wp-json\/wp\/v2\/brand?post=148695"},{"taxonomy":"gender","embeddable":true,"href":"https:\/\/moto-oprema.com\/hr\/wp-json\/wp\/v2\/gender?post=148695"},{"taxonomy":"product_brand","embeddable":true,"href":"https:\/\/moto-oprema.com\/hr\/wp-json\/wp\/v2\/product_brand?post=148695"},{"taxonomy":"product_cat","embeddable":true,"href":"https:\/\/moto-oprema.com\/hr\/wp-json\/wp\/v2\/product_cat?post=148695"},{"taxonomy":"product_tag","embeddable":true,"href":"https:\/\/moto-oprema.com\/hr\/wp-json\/wp\/v2\/product_tag?post=148695"}],"curies":[{"name":"wp","href":"https:\/\/api.w.org\/{rel}","templated":true}]}}