{"id":148685,"date":"2022-05-09T10:11:25","date_gmt":"2022-05-09T10:11:25","guid":{"rendered":"https:\/\/moto-oprema.com\/Artikel\/interphone-u-com-2-dvostruki-komunikacijski\/"},"modified":"2022-05-09T10:11:25","modified_gmt":"2022-05-09T10:11:25","slug":"interphone-u-com-2-dvostruki-komunikacijski","status":"publish","type":"product","link":"https:\/\/moto-oprema.com\/hr\/Artikel\/interphone-u-com-2-dvostruki-komunikacijski\/","title":{"rendered":"INTERPHONE U-COM 2 DVOSTRUKI KOMUNIKACIJSKI"},"content":{"rendered":"<p><strong>Interfon U-com 2 Bluetooth komunikacijski sustav, pojedina\u010dni set<\/strong><\/p>\n<p>U-com 2 je motociklisti\u010dki interkom s Bluetooth\u00ae 5.0 tehnologijom, kompatibilan s originalnim OEM sustavima koji se montiraju na kacigu i s ve\u0107inom drugih marki interkoma na tr\u017ei\u0161tu. Ovaj model omogu\u0107uje vam komunikaciju s putnikom ili drugim motociklom do maksimalne udaljenosti od 600 m. Opremljen novom, posebno jednostavnom za kori\u0161tenje i vi\u0161ejezi\u010dnom aplikacijom, korisni\u010dko iskustvo je jednostavno i intuitivno, \u0161to vam omogu\u0107uje da maksimalno iskoristite potencijal interkoma i prilagodite ga na najbolji mogu\u0107i na\u010din. U-com 2 je tako\u0111er opremljen 32 mm HD zvu\u010dnicima s visokokvalitetnim basom, \u0161to vam omogu\u0107uje slu\u0161anje radija ili va\u0161ih omiljenih popisa pjesama \u010dak i u pozadini tijekom poziva.   <\/p>\n<p>Zna\u010dajke:<\/p>\n<ul>\n<li>  Bluetooth\u00ae5.0 tehnologija<\/li>\n<li>  Veza izme\u0111u voza\u010da\/suvoza\u010da i izme\u0111u interfona do 600 m<\/li>\n<li>  Izbornik s vi\u0161ejezi\u010dnim glasovnim navo\u0111enjem<\/li>\n<li>  Veza sa pametnim telefonom<\/li>\n<li>  Slu\u0161anje\/dijeljenje glazbe, telefonski pozivi<\/li>\n<li>  Vodootpornost IP 67<\/li>\n<li>  Razgovor izme\u0111u interfona s pozadinskim zvukom iz radija\/GPS-a\/glazbenih funkcija<\/li>\n<li>  Pro\u0161irena kompatibilnost sa svim komercijalno dostupnim Sena, TFT i GPS sustavima.<\/li>\n<li>  A\u017euriranje i konfiguriranje ure\u0111aja putem ra\u010dunala (Windows i MacOs)<\/li>\n<\/ul>\n<p>Tehni\u010dki podaci:<\/p>\n<p> Primjena:<\/p>\n<ul>\n<li>  Aplikacija za iOS i Android<\/li>\n<li>  Potpuna kontrola nad funkcijama interfona Pregled preostalog trajanja baterije<\/li>\n<li>  Pregled instaliranog firmvera<\/li>\n<li>  Verzija i dostupnost novih verzija<\/li>\n<li>  Pogledajte postotak baterije<\/li>\n<li>  Pametno uparivanje interfona<\/li>\n<li>  Odabir unaprijed postavljenih postavki ekvilajzera<\/li>\n<\/ul>\n<p>ZVUK:<\/p>\n<ul>\n<li>  Upravljajte svojim ure\u0111ajem pomo\u0107u vi\u0161ejezi\u010dnih glasovnih naredbi<\/li>\n<li>  unaprijed postavljene glasovne poruke<\/li>\n<li>  Usmjereni mikrofon za vjetrobransko staklo<\/li>\n<li>  Automatska kontrola glasno\u0107e (mo\u017ee se isklju\u010diti) na 3 razine<\/li>\n<li>  Novi premium HD zvu\u010dnici do 32 mm<\/li>\n<li>  Vox Intercom ekvilajzer podesiv na 5 razina<\/li>\n<\/ul>\n<p>PUNJA\u010c:<\/p>\n<p>  Potpuno punjenje za 3 sata<br \/> Mogu\u0107nost punjenja interfona tijekom kori\u0161tenja<br \/> Mikro priklju\u010dak za mikrofon i zvu\u010dnike<br \/> USB tip C za punjenje i prijenos podataka<br \/> Trajanje baterije samo u interkom na\u010dinu rada do 12 sati (promjenjivo trajanje s glazbom\/GPS-om\/radiom u pozadini)<\/p>\n<p>FM RADIO:<\/p>\n<p>  Prijem od 76,0 MHz do 108 MHz<br \/> RDS funkcija (odabir najboljih frekvencija prema podru\u010dju)<br \/> 10 unaprijed postavljenih radio postaja<br \/> Automatsko pohranjivanje prvih 10 stanica s najboljim prijemom<br \/> Automatski isklju\u010duje zvuk dolaznih poziva.<\/p>\n<p>KOMPATIBILNOST:<\/p>\n<p>  Sa svim pametnim telefonima s Bluetooth\u00ae tehnologijom<br \/> GPS navigacijski sustavi s Bluetooth\u00ae tehnologijom i HFP profilom<br \/> Potpuna integracija sa svim Sena sustavima i kacigama s integriranim komunikacijskim sustavom<br \/> Spajanje na interfone drugih marki u Anycom na\u010dinu rada<br \/> Kompatibilan sa svim TFT i GPS sustavima.<\/p>\n<p>MOBITEL:<\/p>\n<p>  Dvostruka to\u010dka: Mogu\u0107nost istovremenog spajanja dva pametna telefona na upravlja\u010dku jedinicu<br \/> glasovno odgovaranje na pozive<br \/> Upravljanje pomo\u0107u glasovnih asistenata tvrtki Apple i Android<br \/> Brzo biranje: Mogu\u0107nost pohranjivanja 3 telefonska broja<br \/> Ponovno birajte zadnji poziv<br \/> Dijeljenje telefonskog razgovora s drugim interkomom.<\/p>\n<p>GLAZBA:<\/p>\n<p>  Reprodukcija zvuka (A2DP\/AVRCP) s pametnog telefona, multimedijskog sustava vozila (TFT), MP3 playera i drugih Bluetooth\u00ae playera<br \/> Dijeljenje pjesama: Dijeljenje glazbe izme\u0111u voza\u010da i suvoza\u010da.<\/p>\n<p>dimenzije:<\/p>\n<p>  Te\u017eina: 50 g<br \/> Duljina: 67 mm<br \/> Visina: 35 mm<br \/> Debljina: 12 mm<\/p>\n<p>Uklju\u010deno:<\/p>\n<p>  1x Glavna jedinica interfona U-com 2<br \/> 1x samoljepljivi nosa\u010d<br \/> 1x \u010di\u010dak za pri\u010dvr\u0161\u0107ivanje na kacigu<br \/> 1x nosa\u010d za monta\u017eu s kop\u010dom<br \/> 1x zvu\u010dnik na 32 mm TS<br \/> 1x mikrofon s nosa\u010dem (kacige s otvorenim licem i modularne kacige), s ljepljivim nosa\u010dem (kacige s punim licem)<br \/> 1x uklonjiva baterija s nosa\u010dem za kacigu<br \/> 1x USB Type-C kabel za prijenos podataka i punjenje.<\/p>\n","protected":false},"excerpt":{"rendered":"<p>Interfon U-com 2 Bluetooth komunikacijski sustav, pojedina\u010dni set U-com 2 je motociklisti\u010dki interkom s Bluetooth\u00ae 5.0&#8230;<\/p>\n","protected":false},"featured_media":148688,"comment_status":"open","ping_status":"open","template":"","meta":{"_acf_changed":false},"brand":[2976],"gender":[],"product_brand":[],"product_cat":[1358,2757,1356],"product_tag":[],"class_list":{"0":"post-148685","1":"product","2":"type-product","3":"status-publish","4":"has-post-thumbnail","6":"brand-interphone-hr","7":"product_cat-kacige","8":"product_cat-komunikacije-hr","9":"product_cat-motociklisticka-oprema","11":"first","12":"onbackorder","13":"taxable","14":"shipping-taxable","15":"purchasable","16":"product-type-simple"},"acf":[],"_links":{"self":[{"href":"https:\/\/moto-oprema.com\/hr\/wp-json\/wp\/v2\/product\/148685","targetHints":{"allow":["GET"]}}],"collection":[{"href":"https:\/\/moto-oprema.com\/hr\/wp-json\/wp\/v2\/product"}],"about":[{"href":"https:\/\/moto-oprema.com\/hr\/wp-json\/wp\/v2\/types\/product"}],"replies":[{"embeddable":true,"href":"https:\/\/moto-oprema.com\/hr\/wp-json\/wp\/v2\/comments?post=148685"}],"wp:featuredmedia":[{"embeddable":true,"href":"https:\/\/moto-oprema.com\/hr\/wp-json\/wp\/v2\/media\/148688"}],"wp:attachment":[{"href":"https:\/\/moto-oprema.com\/hr\/wp-json\/wp\/v2\/media?parent=148685"}],"wp:term":[{"taxonomy":"brand","embeddable":true,"href":"https:\/\/moto-oprema.com\/hr\/wp-json\/wp\/v2\/brand?post=148685"},{"taxonomy":"gender","embeddable":true,"href":"https:\/\/moto-oprema.com\/hr\/wp-json\/wp\/v2\/gender?post=148685"},{"taxonomy":"product_brand","embeddable":true,"href":"https:\/\/moto-oprema.com\/hr\/wp-json\/wp\/v2\/product_brand?post=148685"},{"taxonomy":"product_cat","embeddable":true,"href":"https:\/\/moto-oprema.com\/hr\/wp-json\/wp\/v2\/product_cat?post=148685"},{"taxonomy":"product_tag","embeddable":true,"href":"https:\/\/moto-oprema.com\/hr\/wp-json\/wp\/v2\/product_tag?post=148685"}],"curies":[{"name":"wp","href":"https:\/\/api.w.org\/{rel}","templated":true}]}}