{"id":148679,"date":"2022-05-09T09:05:21","date_gmt":"2022-05-09T09:05:21","guid":{"rendered":"https:\/\/moto-oprema.com\/Artikel\/shoei-slr2-sena-komunikacija\/"},"modified":"2022-05-09T09:05:21","modified_gmt":"2022-05-09T09:05:21","slug":"shoei-slr2-sena-komunikacija","status":"publish","type":"product","link":"https:\/\/moto-oprema.com\/hr\/Artikel\/shoei-slr2-sena-komunikacija\/","title":{"rendered":"SHOEI SLR2 SENA KOMUNIKACIJA"},"content":{"rendered":"<p>Sena SRL2 Bluetooth komunikacijski sustav Shoei GT-Air 2 \/ Neotec 2<\/p>\n<p>Komunikacijski sustav SRL2 Bluetooth razvijen je u suradnji Sene i Shoeija posebno za nove kacige Shoei GT-Air 2 i Neotec 2. Ravni ure\u0111aj nije vidljiv izvana i kacigi daje tanak izgled. Ima iste zna\u010dajke kao i Sena najprodavanija 20S s jednostavnim kontrolerom s 3 gumba i nadogra\u0111enim mogu\u0107nostima s odvojivim mikrofonom. Uparite svoj pametni telefon za slu\u0161anje glazbe, primanje GPS uputa, upu\u0107ivanje poziva i jo\u0161 mnogo toga.   <\/p>\n<p>Zna\u010dajke:<\/p>\n<p>  Izvrsno komunikacijsko iskustvo: Razvijen s dvostrukim Bluetooth \u010dipovima, SRL2 omogu\u0107uje interkom komunikaciju s do 7 drugih voza\u010da na udaljenosti od 1,6 km (1 milja) na otvorenom terenu. Audio Multitasking\u2122 omogu\u0107uje vam istovremeno slu\u0161anje glazbe i razgovor s drugim voza\u010dima putem interkoma. Inteligentni sustav automatski \u0107e smanjiti glasno\u0107u glazbe kada netko po\u010dne pri\u010dati i ponovno pove\u0107ati glasno\u0107u kada razgovor zavr\u0161i.  <br \/>  Zna\u010dajka koja vam je potrebna: SRL2 ima sve zna\u010dajke koje su vam potrebne za istinski besprijekornu vo\u017enju, uklju\u010duju\u0107i grupni interkom, glasovne naredbe i jo\u0161 mnogo toga. Universal Intercom\u2122 omogu\u0107uje SRL2 komunikaciju s ure\u0111ajima koji nisu Sena. SRL2 tako\u0111er ima Advanced Noise Control\u2122, tako da vas ne\u0107e ometati vanjska buka, bilo da razgovarate na interkomu ili telefonirate.  <br \/>  Mobilne aplikacije omogu\u0107uju povezivost i kontrolu: Pove\u017eite svoj komunikacijski sustav SHOEI SRL2 s aplikacijom za pametne telefone Sena (za iPhone i Android) pritiskom na gumb za pode\u0161avanje postavki i pristup kratkom vodi\u010du. SRL2 je tako\u0111er kompatibilan s aplikacijom Sena RideConnected, koja omogu\u0107uje interkom razgovor s neograni\u010denim brojem voza\u010da diljem svijeta putem mobilne mre\u017ee. <\/p>\n<p>Tehni\u010dki podaci:<\/p>\n<p>General:<\/p>\n<p>  Vrijeme razgovora: 10 sati<br \/> Radna temperatura: -10\u2103~55\u2103<\/p>\n<p>dimenzije:<\/p>\n<p>  Zvu\u010dnik: 31,9 mm &#8211; Debljina 4,4 mm<br \/> Mikrofon s nosa\u010dem: duljina 55 mm<br \/> Kabel zvu\u010dnika: duljina 85 mm<\/p>\n<p>Te\u017eina:<\/p>\n<p>  Modul: 100 g<\/p>\n<p>Bluetooth:<\/p>\n<p>  Bluetooth 4.1<br \/> Profil slu\u0161alica (HSP)<br \/> Hands-free profil (HFP)<br \/> Napredni profil za isporuku zvuka (A2DP)<br \/> Profil daljinskog upravljanja zvukom ili videom (AVRCP)<\/p>\n<p>interfon:<\/p>\n<p>  Bluetooth interfon: do 1,6 km na otvorenom<br \/> Podr\u017eava do 8 upravlja\u010dkih programa<\/p>\n<p>Zvuk:<\/p>\n<p>  Smanjenje buke: Advanced Noise Control\u2122<br \/> Kodek: Ugra\u0111eni SBC kodek<br \/> FM radio<br \/> Podaci o radiofrekvenciji: 76 ~ 108 MHz<br \/> 10 unaprijed postavljenih postaja i funkcija automatskog pretra\u017eivanja<\/p>\n<p>Baterija:<\/p>\n<p>  Vrijeme punjenja: 2,5 sata<br \/> Vrsta: litij-polimerna baterija<\/p>\n<p>Standardi ispitivanja:<\/p>\n<p>  FCC, IC<\/p>\n<p>Kompatibilnost:<\/p>\n<p>  Shoei GT Air 2<br \/> Neotec 2 (od godine proizvodnje 15.3.2019.)<\/p>\n","protected":false},"excerpt":{"rendered":"<p>Sena SRL2 Bluetooth komunikacijski sustav Shoei GT-Air 2 \/ Neotec 2<\/p>\n","protected":false},"featured_media":17551,"comment_status":"open","ping_status":"open","template":"","meta":{"_acf_changed":false},"brand":[2765],"gender":[],"product_brand":[],"product_cat":[1358,2757,1356],"product_tag":[],"class_list":{"0":"post-148679","1":"product","2":"type-product","3":"status-publish","4":"has-post-thumbnail","6":"brand-shoei-hr","7":"product_cat-kacige","8":"product_cat-komunikacije-hr","9":"product_cat-motociklisticka-oprema","11":"first","12":"onbackorder","13":"taxable","14":"shipping-taxable","15":"purchasable","16":"product-type-simple"},"acf":[],"_links":{"self":[{"href":"https:\/\/moto-oprema.com\/hr\/wp-json\/wp\/v2\/product\/148679","targetHints":{"allow":["GET"]}}],"collection":[{"href":"https:\/\/moto-oprema.com\/hr\/wp-json\/wp\/v2\/product"}],"about":[{"href":"https:\/\/moto-oprema.com\/hr\/wp-json\/wp\/v2\/types\/product"}],"replies":[{"embeddable":true,"href":"https:\/\/moto-oprema.com\/hr\/wp-json\/wp\/v2\/comments?post=148679"}],"wp:featuredmedia":[{"embeddable":true,"href":"https:\/\/moto-oprema.com\/hr\/wp-json\/wp\/v2\/media\/17551"}],"wp:attachment":[{"href":"https:\/\/moto-oprema.com\/hr\/wp-json\/wp\/v2\/media?parent=148679"}],"wp:term":[{"taxonomy":"brand","embeddable":true,"href":"https:\/\/moto-oprema.com\/hr\/wp-json\/wp\/v2\/brand?post=148679"},{"taxonomy":"gender","embeddable":true,"href":"https:\/\/moto-oprema.com\/hr\/wp-json\/wp\/v2\/gender?post=148679"},{"taxonomy":"product_brand","embeddable":true,"href":"https:\/\/moto-oprema.com\/hr\/wp-json\/wp\/v2\/product_brand?post=148679"},{"taxonomy":"product_cat","embeddable":true,"href":"https:\/\/moto-oprema.com\/hr\/wp-json\/wp\/v2\/product_cat?post=148679"},{"taxonomy":"product_tag","embeddable":true,"href":"https:\/\/moto-oprema.com\/hr\/wp-json\/wp\/v2\/product_tag?post=148679"}],"curies":[{"name":"wp","href":"https:\/\/api.w.org\/{rel}","templated":true}]}}