{"id":148620,"date":"2022-04-12T10:11:35","date_gmt":"2022-04-12T10:11:35","guid":{"rendered":"https:\/\/moto-oprema.com\/Artikel\/tld-mx-djecacka-kaciga-gp-nova-crna\/"},"modified":"2022-04-12T10:11:35","modified_gmt":"2022-04-12T10:11:35","slug":"tld-mx-djecacka-kaciga-gp-nova-crna","status":"publish","type":"product","link":"https:\/\/moto-oprema.com\/hr\/Artikel\/tld-mx-djecacka-kaciga-gp-nova-crna\/","title":{"rendered":"TLD MX DJE\u010cA\u010cKA KACIGA GP NOVA CRNA"},"content":{"rendered":"<p>Glave mladih MX voza\u010da moraju biti posebno dobro za\u0161ti\u0107ene.<\/p>\n<p>Dakle, ako tra\u017eite najsuvremeniju, sigurnu i udobnu kacigu za motokros za svoje dijete, ali ne \u017eelite prekora\u010diti bud\u017eet, trebali biste se odlu\u010diti za kacigu Troy Lee Designs GP.<\/p>\n<p>Napredna poliakrilna konstrukcija s EPP \u0161titnikom za bradu \u0161titi va\u0161u glavu, dok uklonjivi i perivi 3D jastu\u010di\u0107i za obraze osiguravaju optimalno pristajanje i visoku udobnost no\u0161enja. Plasti\u010dni vijci vizira i mesingani umeci jednostavno se lome u slu\u010daju sudara iz sigurnosnih razloga. <\/p>\n<p>GP kaciga ima 16 usisnih otvora za usmjeravanje hladnog zraka oko i iznad glave voza\u010da i izbacivanje vru\u0107eg, znojnog zraka kroz 12 stra\u017enjih ispu\u0161nih otvora, a dostupna je u 3 veli\u010dine \u0161koljke kako bi bolje odgovarala razli\u010ditim veli\u010dinama glave i dobi MX voza\u010da.<\/p>\n<p>M=50-51 cm<\/p>\n<p>L=52-53 cm<\/p>\n<p> S TLD mekanom torbom sa zateznim vezicama, mo\u017eete elegantno nositi svoju GP kacigu i istovremeno je za\u0161tititi.<\/p>\n<p> Vanjska ljuska: 100% ABS (akrilonitril butadien stiren kopolimeri).<\/p>\n<p>Unutarnja ljuska: 100% ekspandirani polistiren (EPS).<\/p>\n<p>Podstava: 50% poliester, 50% ekspandirani poliuretan.<\/p>\n<p>Dvostruka D-prsten kop\u010da: 100% nehr\u0111aju\u0107i \u010delik.<\/p>\n<p>Certificirano prema DOT FMVSS 218 i ECE R22.05.<\/p>\n","protected":false},"excerpt":{"rendered":"<p>Glave mladih MX voza\u010da moraju biti posebno dobro za\u0161ti\u0107ene. Dakle, ako tra\u017eite najsuvremeniju, sigurnu i udobnu&#8230;<\/p>\n","protected":false},"featured_media":17527,"comment_status":"open","ping_status":"open","template":"","meta":{"_acf_changed":false},"brand":[3005],"gender":[],"product_brand":[],"product_cat":[2733],"product_tag":[],"class_list":{"0":"post-148620","1":"product","2":"type-product","3":"status-publish","4":"has-post-thumbnail","6":"brand-najvisa-razina","7":"product_cat-oprema-za-motokros","8":"pa_size-l-hr","9":"pa_size-m-hr","11":"first","12":"onbackorder","13":"taxable","14":"shipping-taxable","15":"purchasable","16":"product-type-variable"},"acf":[],"_links":{"self":[{"href":"https:\/\/moto-oprema.com\/hr\/wp-json\/wp\/v2\/product\/148620","targetHints":{"allow":["GET"]}}],"collection":[{"href":"https:\/\/moto-oprema.com\/hr\/wp-json\/wp\/v2\/product"}],"about":[{"href":"https:\/\/moto-oprema.com\/hr\/wp-json\/wp\/v2\/types\/product"}],"replies":[{"embeddable":true,"href":"https:\/\/moto-oprema.com\/hr\/wp-json\/wp\/v2\/comments?post=148620"}],"wp:featuredmedia":[{"embeddable":true,"href":"https:\/\/moto-oprema.com\/hr\/wp-json\/wp\/v2\/media\/17527"}],"wp:attachment":[{"href":"https:\/\/moto-oprema.com\/hr\/wp-json\/wp\/v2\/media?parent=148620"}],"wp:term":[{"taxonomy":"brand","embeddable":true,"href":"https:\/\/moto-oprema.com\/hr\/wp-json\/wp\/v2\/brand?post=148620"},{"taxonomy":"gender","embeddable":true,"href":"https:\/\/moto-oprema.com\/hr\/wp-json\/wp\/v2\/gender?post=148620"},{"taxonomy":"product_brand","embeddable":true,"href":"https:\/\/moto-oprema.com\/hr\/wp-json\/wp\/v2\/product_brand?post=148620"},{"taxonomy":"product_cat","embeddable":true,"href":"https:\/\/moto-oprema.com\/hr\/wp-json\/wp\/v2\/product_cat?post=148620"},{"taxonomy":"product_tag","embeddable":true,"href":"https:\/\/moto-oprema.com\/hr\/wp-json\/wp\/v2\/product_tag?post=148620"}],"curies":[{"name":"wp","href":"https:\/\/api.w.org\/{rel}","templated":true}]}}