{"id":148590,"date":"2022-04-04T11:07:42","date_gmt":"2022-04-04T11:07:42","guid":{"rendered":"https:\/\/moto-oprema.com\/Artikel\/dainese-druid-4-rukavice-b-g-fy\/"},"modified":"2022-04-04T11:07:42","modified_gmt":"2022-04-04T11:07:42","slug":"dainese-druid-4-rukavice-b-g-fy","status":"publish","type":"product","link":"https:\/\/moto-oprema.com\/hr\/Artikel\/dainese-druid-4-rukavice-b-g-fy\/","title":{"rendered":"DAINESE DRUID 4 RUKAVICE B\/G\/FY"},"content":{"rendered":"<p>Rukavice za motociklisti\u010dke utrke od ov\u010dje ko\u017ee s karbonskim \u0161titnicima za zglobove, poliuretanskim umetcima i prethodno zakrivljenim, termoformiranim prstima.<\/p>\n<p>OPIS<\/p>\n<p>Dainese Druid 4 ko\u017ene trka\u0107e rukavice izraz su najvi\u0161ih za\u0161titnih standarda, dizajnirane za maksimalne performanse na stazi i cesti. Prethodno zakrivljeni i termoformirani prsti, karbonski umeci na zglobovima i nadlanici te termoplasti\u010dni \u0161titnik na malom prstu osiguravaju sigurnost i ergonomiju svjetskog prvenstva. <\/p>\n<p>TEMPERATURA<\/p>\n<p>  Perforacija na unutarnjoj strani prsta<\/p>\n<p>ERGONOMIJA<\/p>\n<p>  Podesivi remen za man\u017eetu<br \/> Mikroinjekciono oja\u010danje na dlanu<br \/> Prije zakrivljeni prsti<br \/> Zatezni remen<br \/> Elasti\u010dni umetak na vanjskom palcu<br \/> Elasti\u010dni umetci<\/p>\n<p>ZNA\u010cAJKE<\/p>\n<p>  Poklopac na zateznoj traci<br \/> Meki umetci<\/p>\n<p>GLAVNI MATERIJALI<\/p>\n<p>  Super mekani dlan izra\u0111en od obojene kozje ko\u017ee<br \/> Mikro ov\u010dja ko\u017ea<br \/> Oja\u010danje od kozje ko\u017ee izme\u0111u palca, ka\u017eiprsta i dlana<br \/> Ov\u010dja ko\u017ea<\/p>\n<p>ZA\u0160TITA<\/p>\n<p>  Umetci od karbonskih vlakana na zglobovima i le\u0111ima<br \/> DCP sustav na malom prstu<br \/> Poliuretanski umetak na dlanu<br \/> Poliuretanski umetci na zglobovima prstiju<br \/> Umetci od termoplasti\u010dne smole na maloj strani<br \/> Oja\u010dana konstrukcija man\u017eete<br \/> \u010cetverosmjerna elasti\u010dna traka izme\u0111u zglobova i nadlanice<br \/> CE certificirane rukavice &#8211; kat. II &#8211; EN 13594\/2015 Standard kat. II razina 1<\/p>\n","protected":false},"excerpt":{"rendered":"<p>Prva isporuka srpanj 2022.!<\/p>\n","protected":false},"featured_media":17477,"comment_status":"open","ping_status":"open","template":"","meta":{"_acf_changed":false},"brand":[2800],"gender":[],"product_brand":[],"product_cat":[2835,1356,2816],"product_tag":[],"class_list":{"0":"post-148590","1":"product","2":"type-product","3":"status-publish","4":"has-post-thumbnail","6":"brand-dainese-hr","7":"product_cat-kozne-rukavice","8":"product_cat-motociklisticka-oprema","9":"product_cat-rukavice","10":"pa_size-l-hr","11":"pa_size-m-hr","12":"pa_size-s-hr","13":"pa_size-xl-hr","14":"pa_size-xs-hr","15":"pa_size-xxl-hr","16":"pa_size-xxxl-hr","18":"first","19":"onbackorder","20":"taxable","21":"shipping-taxable","22":"purchasable","23":"product-type-variable"},"acf":[],"_links":{"self":[{"href":"https:\/\/moto-oprema.com\/hr\/wp-json\/wp\/v2\/product\/148590","targetHints":{"allow":["GET"]}}],"collection":[{"href":"https:\/\/moto-oprema.com\/hr\/wp-json\/wp\/v2\/product"}],"about":[{"href":"https:\/\/moto-oprema.com\/hr\/wp-json\/wp\/v2\/types\/product"}],"replies":[{"embeddable":true,"href":"https:\/\/moto-oprema.com\/hr\/wp-json\/wp\/v2\/comments?post=148590"}],"wp:featuredmedia":[{"embeddable":true,"href":"https:\/\/moto-oprema.com\/hr\/wp-json\/wp\/v2\/media\/17477"}],"wp:attachment":[{"href":"https:\/\/moto-oprema.com\/hr\/wp-json\/wp\/v2\/media?parent=148590"}],"wp:term":[{"taxonomy":"brand","embeddable":true,"href":"https:\/\/moto-oprema.com\/hr\/wp-json\/wp\/v2\/brand?post=148590"},{"taxonomy":"gender","embeddable":true,"href":"https:\/\/moto-oprema.com\/hr\/wp-json\/wp\/v2\/gender?post=148590"},{"taxonomy":"product_brand","embeddable":true,"href":"https:\/\/moto-oprema.com\/hr\/wp-json\/wp\/v2\/product_brand?post=148590"},{"taxonomy":"product_cat","embeddable":true,"href":"https:\/\/moto-oprema.com\/hr\/wp-json\/wp\/v2\/product_cat?post=148590"},{"taxonomy":"product_tag","embeddable":true,"href":"https:\/\/moto-oprema.com\/hr\/wp-json\/wp\/v2\/product_tag?post=148590"}],"curies":[{"name":"wp","href":"https:\/\/api.w.org\/{rel}","templated":true}]}}