{"id":148505,"date":"2022-06-14T11:41:52","date_gmt":"2022-06-14T11:41:52","guid":{"rendered":"https:\/\/moto-oprema.com\/Artikel\/alpinestars-t-sp-x-superair-crna-crvena\/"},"modified":"2022-06-14T11:41:52","modified_gmt":"2022-06-14T11:41:52","slug":"alpinestars-t-sp-x-superair-crna-crvena","status":"publish","type":"product","link":"https:\/\/moto-oprema.com\/hr\/Artikel\/alpinestars-t-sp-x-superair-crna-crvena\/","title":{"rendered":"ALPINESTARS T-SP X SUPERAIR CRNA CRVENA"},"content":{"rendered":"<p>Lagana T-SP X jakna nudi neusporedivu kontrolu klime zahvaljuju\u0107i velikim mre\u017eastim panelima na tijelu, rukama i gornjem dijelu prsa. Istovremeno, T-SP X jakna je za\u0161titna i nudi optimalnu otpornost na habanje zahvaljuju\u0107i svojoj 600D poli tkanini. Ova jakna je atletskog kroja i spremna za Tech-Air\u00ae; posebno je razvijena za Tech-Air\u00ae 5 sustav zra\u010dnih jastuka.  <\/p>\n<p>Zna\u010dajke:<\/p>\n<p>Kroj jakne osmi\u0161ljen je kako bi pru\u017eio najvi\u0161u razinu aktivne za\u0161tite na natjecanjima; spreman je za Tech-Air\u00ae i mo\u017ee primiti sustav zra\u010dnih jastuka Tech-Air\u00ae 5, zajedno s novim algoritmom za trka\u0107e utrke dostupnim za preuzimanje.<\/p>\n<ul>\n<li>  Mre\u017easti umeci osiguravaju optimalnu ventilaciju i maksimalnu cirkulaciju zraka.<\/li>\n<li>  Za\u0161titni i udobni \u0161titnik Nucleon Flex Plus vrlo je fleksibilan i prozra\u010dan. Nizak profil osigurava optimalnu udobnost za voza\u010da. <\/li>\n<li>  Atletski kroj &#8211; Sna\u017eno savijeno tijelo i ruke za pobolj\u0161ane performanse.<\/li>\n<li>  Razli\u010diti gornji materijali s mre\u017eastim umetcima u podru\u010dju prsa i rukava pobolj\u0161avaju hla\u0111enje.<\/li>\n<li>  Pode\u0161avanje struka za pojednostavljeno pristajanje.<\/li>\n<li>  Kontrole volumena na rukavu sprje\u010davaju nakupljanje materijala.<\/li>\n<li>  Dva d\u017eepa s patentnim zatvara\u010dem, dva unutarnja d\u017eepa i vodootporni d\u017eep na prsima daju jakni prakti\u010dnost.<\/li>\n<li>  Spojne petlje omogu\u0107uju pri\u010dvr\u0161\u0107ivanje na sve hla\u010de s remenom.<\/li>\n<li>  Niska konstrukcija ovratnika s udobnim mikrovlaknastim vezom i 3D teksturiranom unutarnjom podstavom ovratnika za visoku udobnost jaha\u010da.<\/li>\n<li>  Reflektiraju\u0107i ukrasi.<\/li>\n<li>  Za\u0161titna oprema prema EN17092 Klasa II &#8211; Klasa A.<\/li>\n<li>  Prsni i stra\u017enji d\u017eepovi pripremljeni su za Alpinestars prsne \u0161titnike Level 1 i Nucleon te le\u0111ne \u0161titnike Level 2 Nucleon, koji su dostupni kao dodatna oprema.<\/li>\n<li>  \u0160titnici za ramena i laktove Nucleon Flex Plus razine 1 za u\u010dinkovitu za\u0161titu od udara.<\/li>\n<\/ul>\n<p>Uklju\u010deno:<\/p>\n<p> 1x Alpinestars T-SP X Superair motociklisti\u010dka tekstilna jakna<br \/> 1x par Nucleon Flex Plus jastu\u010di\u0107a za ramena<br \/> 1x par Nucleon Flex Plus \u0161titnika za laktove<\/p>\n","protected":false},"excerpt":{"rendered":"<p>Boja: Crno &#8211; Crvena<\/p>\n","protected":false},"featured_media":17764,"comment_status":"open","ping_status":"closed","template":"","meta":{"_acf_changed":false},"brand":[2748],"gender":[],"product_brand":[],"product_cat":[2759,1356,2761],"product_tag":[],"class_list":{"0":"post-148505","1":"product","2":"type-product","3":"status-publish","4":"has-post-thumbnail","6":"brand-alpinestars-hr","7":"product_cat-jakne-hr","8":"product_cat-motociklisticka-oprema","9":"product_cat-tekstilne-jakne-hr","10":"pa_size-l-hr","11":"pa_size-m-hr","12":"pa_size-s-hr","13":"pa_size-xl-hr","14":"pa_size-xxl-hr","15":"pa_size-xxxl-hr","17":"first","18":"outofstock","19":"sale","20":"taxable","21":"shipping-taxable","22":"purchasable","23":"product-type-variable"},"acf":[],"_links":{"self":[{"href":"https:\/\/moto-oprema.com\/hr\/wp-json\/wp\/v2\/product\/148505","targetHints":{"allow":["GET"]}}],"collection":[{"href":"https:\/\/moto-oprema.com\/hr\/wp-json\/wp\/v2\/product"}],"about":[{"href":"https:\/\/moto-oprema.com\/hr\/wp-json\/wp\/v2\/types\/product"}],"replies":[{"embeddable":true,"href":"https:\/\/moto-oprema.com\/hr\/wp-json\/wp\/v2\/comments?post=148505"}],"wp:featuredmedia":[{"embeddable":true,"href":"https:\/\/moto-oprema.com\/hr\/wp-json\/wp\/v2\/media\/17764"}],"wp:attachment":[{"href":"https:\/\/moto-oprema.com\/hr\/wp-json\/wp\/v2\/media?parent=148505"}],"wp:term":[{"taxonomy":"brand","embeddable":true,"href":"https:\/\/moto-oprema.com\/hr\/wp-json\/wp\/v2\/brand?post=148505"},{"taxonomy":"gender","embeddable":true,"href":"https:\/\/moto-oprema.com\/hr\/wp-json\/wp\/v2\/gender?post=148505"},{"taxonomy":"product_brand","embeddable":true,"href":"https:\/\/moto-oprema.com\/hr\/wp-json\/wp\/v2\/product_brand?post=148505"},{"taxonomy":"product_cat","embeddable":true,"href":"https:\/\/moto-oprema.com\/hr\/wp-json\/wp\/v2\/product_cat?post=148505"},{"taxonomy":"product_tag","embeddable":true,"href":"https:\/\/moto-oprema.com\/hr\/wp-json\/wp\/v2\/product_tag?post=148505"}],"curies":[{"name":"wp","href":"https:\/\/api.w.org\/{rel}","templated":true}]}}