{"id":148502,"date":"2022-06-09T11:37:42","date_gmt":"2022-06-09T11:37:42","guid":{"rendered":"https:\/\/moto-oprema.com\/Artikel\/alpinestars-supertech-rukavice-za-trke-crno-bijelo-crveno\/"},"modified":"2022-06-09T11:37:42","modified_gmt":"2022-06-09T11:37:42","slug":"alpinestars-supertech-rukavice-za-trke-crno-bijelo-crveno","status":"publish","type":"product","link":"https:\/\/moto-oprema.com\/hr\/Artikel\/alpinestars-supertech-rukavice-za-trke-crno-bijelo-crveno\/","title":{"rendered":"ALPINESTARS SUPERTECH RUKAVICE ZA TRKE CRNO BIJELO CRVENO"},"content":{"rendered":"<p>Konstruirane na najvi\u0161oj razini za profesionalne utrke, Supertechove tehni\u010dki najnaprednije rukavice, usmjerene na atletske performanse, kombiniraju revolucionarne metode proizvodnje i in\u017eenjering materijala. S opse\u017enom upotrebom vrhunske klokanove ko\u017ee za vrhunsku udobnost i izdr\u017eljivost, Supertech uklju\u010duje naprednu tehnologiju pro\u0161ivenih vrhova prstiju koja pru\u017ea neusporedivu spretnost i osjetljivost pri upravljanju motociklom. Svaki dio Supertech Level 2 pa\u017eljivo je dizajniran za preciznost i performanse, od vrhunskih oja\u010danja od tkanine poput Alpinestars ARSHIELD aramidnih vlakana i toplinski otporne Carbon X membrane do napredne Dynamic Friction Shield za\u0161tite. Ove rukavice su namijenjene za trka\u0107u stazu.   <\/p>\n<ul>\n<li>  Izra\u0111ena od velikih povr\u0161ina podatne i robusne klokanove i kozje ko\u017ee punog zrna za vrhunske performanse, izdr\u017eljivost i udobnost.<\/li>\n<li>  Prethodno zakrivljeni omota\u010di za prste i palac s unutarnjim \u0161avovima pru\u017eaju vrhunsku spretnost na ru\u010dicama spojke i ko\u010dnice za vrhunski osje\u0107aj vo\u017enje. Lokalizirane perforacije na nadlanici i laminacije poma\u017eu u odr\u017eavanju hladno\u0107e ruku. <\/li>\n<li>  Ergonomski dizajnirana ARSHIELD oja\u010danja izra\u0111ena od aramidnih vlakana i poliamida na udarnim povr\u0161inama dlana i vanjskog dijela dlana pru\u017eaju najve\u0107u mogu\u0107u otpornost na habanje u kriti\u010dnim podru\u010djima udara.<\/li>\n<li>  PU pjena na gornjem dijelu ruku i zglobova pru\u017ea izvrsnu apsorpciju udaraca.<\/li>\n<li>  Alpinestars Dynamic Friction Shield (DFS) sustav za\u0161tite zglobova i man\u017eete ima dvostruko oblikovanu strukturu za vrhunsku otpornost na ponovljene udarce.<\/li>\n<li>  Ergonomski dizajnirana podesiva TPU man\u017eeta za vrhunsku otpornost na udarce i habanje s \u010di\u010dkom visokog prianjanja za sigurnost i podesivim \u010di\u010dkom za zglob.<\/li>\n<li>  Ubrizgani TPU 3D kliza\u010di na prstima za vrhunsku otpornost na udarce i habanje.<\/li>\n<li>  Alpinestars ergonomski rastezljivi paneli izme\u0111u palca i dlana pru\u017eaju fleksibilnost za pove\u0107anje pokretljivosti ruke.<\/li>\n<li>  Integrira CarbonX\u00ae tkaninu, razvijenu i testiranu od strane Alpinestars Auto Departmenta, za vrhunsku otpornost na habanje i toplinu u slu\u010daju sudara.<\/li>\n<li>  Dizajn prethodno savijenih prstiju smanjuje umor voza\u010da i pru\u017ea ve\u0107u udobnost vo\u017enje.<\/li>\n<li>  Ko\u017ena rastezljiva harmonika plo\u010da u podru\u010dju produ\u017eenog palca i prstiju za vrhunsko pristajanje i fleksibilnost.<\/li>\n<li>  Ko\u017eni umetci u stilu harmonike pru\u017eaju \u0161iri raspon pokreta u stra\u017enjem dijelu ruke.<\/li>\n<li>  Unutarnja podstava na vrhu ruke, palcu i prstima izra\u0111ena od aramidnih vlakana.<\/li>\n<li>  Alpinestarsovi patentirani mostovi za tre\u0107i i \u010detvrti prst sprje\u010davaju uvrtanje i odvajanje prstiju prilikom klizanja.<\/li>\n<li>  Otisnuti logotipi nude pobolj\u0161anu u\u0161tedu te\u017eine i teksturu rukavice.<\/li>\n<li>  Supertech ima CE certifikat razine 2.a.<\/li>\n<\/ul>\n<p>Sastav sirovine:<br \/> Vanjski dio: 92% ko\u017ea, 8% <span id=\"result_box\" class=\"short_text\" xml_lang=\"sl\" lang=\"sl\"><span>poliuretan<br \/> Podstava: 44% aramidna vlakna, 32% poliester, 24% pamuk<br \/><\/span><\/span><\/p>\n","protected":false},"excerpt":{"rendered":"<p>Konstruirane na najvi\u0161oj razini za profesionalne utrke, Supertechove tehni\u010dki najnaprednije rukavice, usmjerene na atletske performanse, kombiniraju&#8230;<\/p>\n","protected":false},"featured_media":17702,"comment_status":"open","ping_status":"open","template":"","meta":{"_acf_changed":false},"brand":[2748],"gender":[],"product_brand":[],"product_cat":[2835,1356,2816],"product_tag":[],"class_list":{"0":"post-148502","1":"product","2":"type-product","3":"status-publish","4":"has-post-thumbnail","6":"brand-alpinestars-hr","7":"product_cat-kozne-rukavice","8":"product_cat-motociklisticka-oprema","9":"product_cat-rukavice","10":"pa_size-l-hr","11":"pa_size-xl-hr","12":"pa_size-xxl-hr","14":"first","15":"onbackorder","16":"taxable","17":"shipping-taxable","18":"purchasable","19":"product-type-variable"},"acf":[],"_links":{"self":[{"href":"https:\/\/moto-oprema.com\/hr\/wp-json\/wp\/v2\/product\/148502","targetHints":{"allow":["GET"]}}],"collection":[{"href":"https:\/\/moto-oprema.com\/hr\/wp-json\/wp\/v2\/product"}],"about":[{"href":"https:\/\/moto-oprema.com\/hr\/wp-json\/wp\/v2\/types\/product"}],"replies":[{"embeddable":true,"href":"https:\/\/moto-oprema.com\/hr\/wp-json\/wp\/v2\/comments?post=148502"}],"wp:featuredmedia":[{"embeddable":true,"href":"https:\/\/moto-oprema.com\/hr\/wp-json\/wp\/v2\/media\/17702"}],"wp:attachment":[{"href":"https:\/\/moto-oprema.com\/hr\/wp-json\/wp\/v2\/media?parent=148502"}],"wp:term":[{"taxonomy":"brand","embeddable":true,"href":"https:\/\/moto-oprema.com\/hr\/wp-json\/wp\/v2\/brand?post=148502"},{"taxonomy":"gender","embeddable":true,"href":"https:\/\/moto-oprema.com\/hr\/wp-json\/wp\/v2\/gender?post=148502"},{"taxonomy":"product_brand","embeddable":true,"href":"https:\/\/moto-oprema.com\/hr\/wp-json\/wp\/v2\/product_brand?post=148502"},{"taxonomy":"product_cat","embeddable":true,"href":"https:\/\/moto-oprema.com\/hr\/wp-json\/wp\/v2\/product_cat?post=148502"},{"taxonomy":"product_tag","embeddable":true,"href":"https:\/\/moto-oprema.com\/hr\/wp-json\/wp\/v2\/product_tag?post=148502"}],"curies":[{"name":"wp","href":"https:\/\/api.w.org\/{rel}","templated":true}]}}