{"id":148435,"date":"2022-04-11T09:31:57","date_gmt":"2022-04-11T09:31:57","guid":{"rendered":"https:\/\/moto-oprema.com\/Artikel\/sizzapp-max-gps-uredaj-za-pracenje-4g\/"},"modified":"2022-04-11T09:31:57","modified_gmt":"2022-04-11T09:31:57","slug":"sizzapp-max-gps-uredaj-za-pracenje-4g","status":"publish","type":"product","link":"https:\/\/moto-oprema.com\/hr\/Artikel\/sizzapp-max-gps-uredaj-za-pracenje-4g\/","title":{"rendered":"SIZZAPP MAX GPS URE\u0110AJ ZA PRA\u0106ENJE 4G"},"content":{"rendered":"<p>Pratite lokaciju svog motocikla, za\u0161titite ga od kra\u0111e i primajte obavijesti \u010dak i kada niste u blizini.<\/p>\n<p>U stvarnom vremenu, u jednoj aplikaciji, bit \u0107ete upozoreni na sve potencijalne probleme s va\u0161im motociklom bilo gdje i bilo kada.<\/p>\n<p>ZA\u0160TO ODABRATI SIZZAPP?<\/p>\n<p>GPS<\/p>\n<p>Pratite svoje vozilo bilo kada i bilo gdje.<\/p>\n<p>PUTEVI<\/p>\n<p>MJESTO<\/p>\n<p>UBRZATI<\/p>\n<p>GEOZONA<\/p>\n<p>NA PUTOVANJU \/ NA STANICI<\/p>\n<p>ONLINE \/ OFFLINE<\/p>\n<p>SIGURNOST<\/p>\n<p>Budite sigurni u sigurnost svog motocikla.<\/p>\n<p>DETEKTOR POKRETA<\/p>\n<p>KRETANJE I NESRE\u0106A<\/p>\n<p>OTKLJU\u010cAVANJE URE\u0110AJA<\/p>\n<p>GENERAL<\/p>\n<p>Obratite pa\u017enju na va\u017ene informacije o svom vozilu<\/p>\n<p>RAZINA NAPUNJENOSTI BATERIJE<\/p>\n<p>ORGANIZATOR<\/p>\n<p>VRIJEME<\/p>\n<p>DRU\u0160TVENO<\/p>\n<p>Vozite svoj motocikl u povezanom svijetu zajedno sa svojim suputnicima.<\/p>\n<p>DIJELJENJE RUTE S PRIJATELJIMA<\/p>\n<p>GRUPNO VO\u017dNJENJE<\/p>\n<p>PLANIRANJE DOGA\u0110AJA I PUTOVANJA<\/p>\n<p>Sizzapp GPS ure\u0111aj za pra\u0107enje s ugra\u0111enom SIM karticom i besplatnim prijenosom podataka. Besplatna aplikacija za Android i iOS ure\u0111aje. <\/p>\n<p>Jednostavna instalacija, samo dvije \u017eice (plus i minus). Napajanje +10 do +30V <\/p>\n<p>Zna\u010dajke:<\/p>\n<p><span class=\"VIiyi\" lang=\"sl\"><span class=\"JLqJ4b ChMk0b\">SIZZAPP 2-\u017ei\u010dni ure\u0111aj je terminal za pra\u0107enje s GNSS i 4G povezivo\u0161\u0107u, sposoban za prikupljanje koordinata ure\u0111aja i njihovo slanje na poslu\u017eitelj putem GSM mre\u017ee.<\/span><\/span><\/p>\n<p>Sadr\u017eaj kompleta:<\/p>\n<ul>\n<li><span class=\"VIiyi\" lang=\"sl\"><span class=\"JLqJ4b\">Ve\u0107 unaprijed postavljeni 2-\u017ei\u010dni SIZZAPP ure\u0111aj;<\/span><\/span><\/li>\n<li><span class=\"VIiyi\" lang=\"sl\"><span class=\"JLqJ4b\">  Unaprijed instalirana SIM kartica<br \/>\n<\/span><\/span><\/li>\n<li><span class=\"VIiyi\" lang=\"sl\"><span class=\"JLqJ4b\">  ugra\u0111ena litij-ionska baterija<\/span><\/span><\/li>\n<\/ul>\n<p><span class=\"VIiyi\" lang=\"sl\"><span class=\"JLqJ4b\">Tehni\u010dke karakteristike <span class=\"VIiyi\" lang=\"sl\"><span class=\"JLqJ4b\"><span class=\"VIiyi\" lang=\"sl\"><span class=\"JLqJ4b\">GSM\/GPRS\/GNSS:<\/span><\/span><\/span><\/span><\/span><\/span><\/p>\n<ul>\n<li><span class=\"VIiyi\" lang=\"sl\"><span class=\"JLqJ4b\"><span class=\"VIiyi\" lang=\"sl\"><span class=\"JLqJ4b\">Vi\u0161epojasni modul (GSM LTE)<br \/>\n<\/span><\/span><\/span><\/span><\/li>\n<li><span class=\"VIiyi\" lang=\"sl\"><span class=\"JLqJ4b\"><span class=\"VIiyi\" lang=\"sl\"><span class=\"JLqJ4b\">GPRS klasa 12;  <\/span><\/span><\/span><\/span><\/li>\n<li><span class=\"VIiyi\" lang=\"sl\"><span class=\"JLqJ4b\"><span class=\"VIiyi\" lang=\"sl\"><span class=\"JLqJ4b\">SMS (tekst, podaci);<\/span><\/span><\/span><\/span><\/li>\n<li><span class=\"VIiyi\" lang=\"sl\"><span class=\"JLqJ4b\"><span class=\"VIiyi\" lang=\"sl\"><span class=\"JLqJ4b\">Integrirani GNSS prijemnik;  <\/span><\/span><\/span><\/span><\/li>\n<li><span class=\"VIiyi\" lang=\"sl\"><span class=\"JLqJ4b\"><span class=\"VIiyi\" lang=\"sl\"><span class=\"JLqJ4b\">Osjetljivost GNSS prijemnika do -165 dBm.<\/span><\/span> <\/span><\/span><\/li>\n<\/ul>\n<p><span class=\"VIiyi\" lang=\"sl\"><span class=\"JLqJ4b\"><span class=\"VIiyi\" lang=\"sl\"><span class=\"JLqJ4b\">Zna\u010dajke hardvera:<br \/>\n<\/span><\/span><\/span><\/span><\/p>\n<ul>\n<li><span class=\"VIiyi\" lang=\"sl\"><span class=\"JLqJ4b\"><span class=\"VIiyi\" lang=\"sl\"><span class=\"JLqJ4b\">  Ugra\u0111eni senzor pokreta;<\/span><\/span><\/span><\/span><\/li>\n<li><span class=\"VIiyi\" lang=\"sl\"><span class=\"JLqJ4b\"><span class=\"VIiyi\" lang=\"sl\"><span class=\"JLqJ4b\">  Ugra\u0111eni Bluetooth 4.0;<\/span><\/span><\/span><\/span><\/li>\n<li><span class=\"VIiyi\" lang=\"sl\"><span class=\"JLqJ4b\"><span class=\"VIiyi\" lang=\"sl\"><span class=\"JLqJ4b\">  Unutarnja GNSS antena s visokim poja\u010danjem;<\/span><\/span><\/span><\/span><\/li>\n<li><span class=\"VIiyi\" lang=\"sl\"><span class=\"JLqJ4b\"><span class=\"VIiyi\" lang=\"sl\"><span class=\"JLqJ4b\">  Unutarnja GSM antena s visokim poja\u010danjem;<\/span><\/span><\/span><\/span><\/li>\n<li><span class=\"VIiyi\" lang=\"sl\"><span class=\"JLqJ4b\"><span class=\"VIiyi\" lang=\"sl\"><span class=\"JLqJ4b\">  128 MB interne flash memorije;<\/span><\/span><\/span><\/span><\/li>\n<li><span class=\"VIiyi\" lang=\"sl\"><span class=\"JLqJ4b\"><span class=\"VIiyi\" lang=\"sl\"><span class=\"JLqJ4b\">  Punjiva litij-ionska baterija od 3,7 V od 170 mAh.<\/span><\/span><\/span><\/span><\/li>\n<\/ul>\n<p><span class=\"VIiyi\" lang=\"sl\"><span class=\"JLqJ4b\"><span class=\"VIiyi\" lang=\"sl\"><span class=\"JLqJ4b\">Pametno izdvajanje podataka na temelju:<\/span><\/span><\/span><\/span><\/p>\n<ul>\n<li>\n<ul>\n<li><span class=\"VIiyi\" lang=\"sl\"><span class=\"JLqJ4b\"><span class=\"VIiyi\" lang=\"sl\"><span class=\"JLqJ4b\">  vrijeme;<\/span><\/span><\/span><\/span><\/li>\n<\/ul>\n<ul>\n<li><span class=\"VIiyi\" lang=\"sl\"><span class=\"JLqJ4b\"><span class=\"VIiyi\" lang=\"sl\"><span class=\"JLqJ4b\">  kao;<\/span><\/span><\/span><\/span><\/li>\n<li><span class=\"VIiyi\" lang=\"sl\"><span class=\"JLqJ4b\"><span class=\"VIiyi\" lang=\"sl\"><span class=\"JLqJ4b\">  Udaljenost;<\/span><\/span><\/span><\/span><\/li>\n<li><span class=\"VIiyi\" lang=\"sl\"><span class=\"JLqJ4b\"><span class=\"VIiyi\" lang=\"sl\"><span class=\"JLqJ4b\">  Paljenje ili bilo koji drugi I\/O doga\u0111aj.<\/span><\/span><\/span><\/span><\/li>\n<li><span class=\"VIiyi\" lang=\"sl\"><span class=\"JLqJ4b\"><span class=\"VIiyi\" lang=\"sl\"><span class=\"JLqJ4b\">  slanje prikupljenih podataka putem 4G mre\u017ee;<\/span><\/span><\/span><\/span><\/li>\n<li><span class=\"VIiyi\" lang=\"sl\"><span class=\"JLqJ4b\"><span class=\"VIiyi\" lang=\"sl\"><span class=\"JLqJ4b\">  GPRS i SMS I\/O doga\u0111aji;<\/span><\/span><\/span><\/span><\/li>\n<li><span class=\"VIiyi\" lang=\"sl\"><span class=\"JLqJ4b\"><span class=\"VIiyi\" lang=\"sl\"><span class=\"JLqJ4b\">  virtualni broja\u010d kilometara;<\/span><\/span><\/span><\/span><\/li>\n<li><span class=\"VIiyi\" lang=\"sl\"><span class=\"JLqJ4b\"><span class=\"VIiyi\" lang=\"sl\"><span class=\"JLqJ4b\">  otkrivanje poreme\u0107aja;<\/span><\/span><\/span><\/span><\/li>\n<li><span class=\"VIiyi\" lang=\"sl\"><span class=\"JLqJ4b\"><span class=\"VIiyi\" lang=\"sl\"><span class=\"JLqJ4b\">  Konfigurira se pomo\u0107u za\u0161ti\u0107enih SMS naredbi;<\/span><\/span><\/span><\/span><\/li>\n<li><span class=\"VIiyi\" lang=\"sl\"><span class=\"JLqJ4b\"><span class=\"VIiyi\" lang=\"sl\"><span class=\"JLqJ4b\">  Za\u0161tita od prenapona.<\/span><\/span><\/span><\/span><\/li>\n<\/ul>\n<\/li>\n<\/ul>\n","protected":false},"excerpt":{"rendered":"<p>Osigurajte sigurnost svog vozila uz Sizzapp ure\u0111aj za pra\u0107enje!<\/p>\n","protected":false},"featured_media":148437,"comment_status":"open","ping_status":"closed","template":"","meta":{"_acf_changed":false},"brand":[3331],"gender":[],"product_brand":[],"product_cat":[2766,2729],"product_tag":[],"class_list":{"0":"post-148435","1":"product","2":"type-product","3":"status-publish","4":"has-post-thumbnail","6":"brand-sizzapp-hr","7":"product_cat-ostali-pribor","8":"product_cat-pribor","10":"first","11":"instock","12":"sale","13":"taxable","14":"shipping-taxable","15":"purchasable","16":"product-type-simple"},"acf":[],"_links":{"self":[{"href":"https:\/\/moto-oprema.com\/hr\/wp-json\/wp\/v2\/product\/148435","targetHints":{"allow":["GET"]}}],"collection":[{"href":"https:\/\/moto-oprema.com\/hr\/wp-json\/wp\/v2\/product"}],"about":[{"href":"https:\/\/moto-oprema.com\/hr\/wp-json\/wp\/v2\/types\/product"}],"replies":[{"embeddable":true,"href":"https:\/\/moto-oprema.com\/hr\/wp-json\/wp\/v2\/comments?post=148435"}],"wp:featuredmedia":[{"embeddable":true,"href":"https:\/\/moto-oprema.com\/hr\/wp-json\/wp\/v2\/media\/148437"}],"wp:attachment":[{"href":"https:\/\/moto-oprema.com\/hr\/wp-json\/wp\/v2\/media?parent=148435"}],"wp:term":[{"taxonomy":"brand","embeddable":true,"href":"https:\/\/moto-oprema.com\/hr\/wp-json\/wp\/v2\/brand?post=148435"},{"taxonomy":"gender","embeddable":true,"href":"https:\/\/moto-oprema.com\/hr\/wp-json\/wp\/v2\/gender?post=148435"},{"taxonomy":"product_brand","embeddable":true,"href":"https:\/\/moto-oprema.com\/hr\/wp-json\/wp\/v2\/product_brand?post=148435"},{"taxonomy":"product_cat","embeddable":true,"href":"https:\/\/moto-oprema.com\/hr\/wp-json\/wp\/v2\/product_cat?post=148435"},{"taxonomy":"product_tag","embeddable":true,"href":"https:\/\/moto-oprema.com\/hr\/wp-json\/wp\/v2\/product_tag?post=148435"}],"curies":[{"name":"wp","href":"https:\/\/api.w.org\/{rel}","templated":true}]}}