{"id":148423,"date":"2022-04-11T09:13:55","date_gmt":"2022-04-11T09:13:55","guid":{"rendered":"https:\/\/moto-oprema.com\/Artikel\/sizzapp-obd-max-gps-tracker-4g\/"},"modified":"2022-04-11T09:13:55","modified_gmt":"2022-04-11T09:13:55","slug":"sizzapp-obd-max-gps-tracker-4g","status":"publish","type":"product","link":"https:\/\/moto-oprema.com\/hr\/Artikel\/sizzapp-obd-max-gps-tracker-4g\/","title":{"rendered":"SIZZAPP OBD MAX GPS TRACKER 4G"},"content":{"rendered":"<p>SIZZAPP je kompaktan, jednostavan za instalaciju i ure\u0111aj za nadzor bez ugovora. BEZ MJESE\u010cNIH PRETPLATA, NIKAD! <\/p>\n<p>Pratite lokaciju svog motocikla, za\u0161titite ga od kra\u0111e i primajte obavijesti \u010dak i kada niste u blizini.<\/p>\n<p>U stvarnom vremenu, u jednoj aplikaciji, bit \u0107ete upozoreni na sve potencijalne probleme s va\u0161im motociklom bilo gdje i bilo kada.<\/p>\n<p>ZA\u0160TO ODABRATI SIZZAPP?<\/p>\n<p>GPS<\/p>\n<p>Pratite svoje vozilo bilo kada i bilo gdje.<\/p>\n<p>PUTEVI<\/p>\n<p>MJESTO<\/p>\n<p>UBRZATI<\/p>\n<p>GEOZONA<\/p>\n<p>NA PUTOVANJU \/ NA STANICI<\/p>\n<p>ONLINE \/ OFFLINE<\/p>\n<p>SIGURNOST<\/p>\n<p>Budite sigurni u sigurnost svog motocikla.<\/p>\n<p>DETEKTOR POKRETA<\/p>\n<p>KRETANJE I NESRE\u0106A<\/p>\n<p>OTKLJU\u010cAVANJE URE\u0110AJA<\/p>\n<p>GENERAL<\/p>\n<p>Obratite pa\u017enju na va\u017ene informacije o svom vozilu<\/p>\n<p>RAZINA NAPUNJENOSTI BATERIJE<\/p>\n<p>ORGANIZATOR<\/p>\n<p>VRIJEME<\/p>\n<p>DRU\u0160TVENO<\/p>\n<p>Vozite svoj motocikl u povezanom svijetu zajedno sa svojim suputnicima.<\/p>\n<p>DIJELJENJE RUTE S PRIJATELJIMA<\/p>\n<p>GRUPNO VO\u017dNJENJE<\/p>\n<p>PLANIRANJE DOGA\u0110AJA I PUTOVANJA<\/p>\n<p>SIZZAPP OBD ure\u0111aj je terminal za pra\u0107enje s GNSS i GSM povezivo\u0161\u0107u, sposoban za prikupljanje koordinata ure\u0111aja i njihovo slanje na poslu\u017eitelj putem GSM mre\u017ee. Va\u017eno je napomenuti da SIZZAPP OBD ure\u0111aj ima standardno OBD-II su\u010delje koje omogu\u0107uje pra\u0107enje osnovnih parametara vozila. Sadr\u017eaj paketa  <\/p>\n<p>SIZZAPP OBD ure\u0111aj se isporu\u010duje kupcu u kartonskoj kutiji koja sadr\u017ei svu opremu potrebnu za rad.<\/p>\n<p>Paket uklju\u010duje:<\/p>\n<p>SIZZAPP OBD ure\u0111aj;<\/p>\n<p>Unaprijed instalirana SIM kartica (pokrivenost diljem svijeta);<\/p>\n<p>Litij-ionska baterija. Osnovne zna\u010dajke GSM \/ GPRS \/ 4G \/ GNSS funkcije: <\/p>\n<p>\u010detveropojasni modul (GSM 850 \/ 900 \/ 1800 \/ 1900 MHz);<\/p>\n<p>GPRS vi\u0161eslotni klasa 12 (do 240 kbps);<\/p>\n<p>SMS (tekst, podaci);<\/p>\n<p>Integrirani GNSS prijemnik;<\/p>\n<p>Osjetljivost GNSS prijemnika do -165 dBm. Karakteristike hardvera: <\/p>\n<p>ugra\u0111eni senzor pokreta;<\/p>\n<p>Ugra\u0111eni Bluetooth 3.0;<\/p>\n<p>Ugra\u0111eni Bluetooth 4.0;<\/p>\n<p>Unutarnja GNSS antena s visokim poja\u010danjem;<\/p>\n<p>Unutarnja GSM antena s visokim poja\u010danjem;<\/p>\n<p>128 MB flash memorije (422.400 zapisa);<\/p>\n<p>Punjiva litij-ionska baterija od 3,7 V od 170 mAh. Zna\u010dajke su\u010delja: <\/p>\n<p>Napajanje: +10&#8230;+30 V;<\/p>\n<p>1 digitalni ulaz;<\/p>\n<p>MO\u017dE;<\/p>\n<p>K-LINE;<\/p>\n<p>USB priklju\u010dak;<\/p>\n<p>OBD II;<\/p>\n<p>2 LED diode koje pokazuju status ure\u0111aja.<\/p>\n","protected":false},"excerpt":{"rendered":"<p>Osigurajte sigurnost svog vozila uz Sizzapp ure\u0111aj za pra\u0107enje! Potpuno novi SIZZAPP model sljede\u0107e generacije. Ovaj&#8230;<\/p>\n","protected":false},"featured_media":148427,"comment_status":"open","ping_status":"closed","template":"","meta":{"_acf_changed":false},"brand":[3331],"gender":[],"product_brand":[],"product_cat":[2766,2729],"product_tag":[],"class_list":{"0":"post-148423","1":"product","2":"type-product","3":"status-publish","4":"has-post-thumbnail","6":"brand-sizzapp-hr","7":"product_cat-ostali-pribor","8":"product_cat-pribor","10":"first","11":"outofstock","12":"taxable","13":"shipping-taxable","14":"purchasable","15":"product-type-simple"},"acf":[],"_links":{"self":[{"href":"https:\/\/moto-oprema.com\/hr\/wp-json\/wp\/v2\/product\/148423","targetHints":{"allow":["GET"]}}],"collection":[{"href":"https:\/\/moto-oprema.com\/hr\/wp-json\/wp\/v2\/product"}],"about":[{"href":"https:\/\/moto-oprema.com\/hr\/wp-json\/wp\/v2\/types\/product"}],"replies":[{"embeddable":true,"href":"https:\/\/moto-oprema.com\/hr\/wp-json\/wp\/v2\/comments?post=148423"}],"wp:featuredmedia":[{"embeddable":true,"href":"https:\/\/moto-oprema.com\/hr\/wp-json\/wp\/v2\/media\/148427"}],"wp:attachment":[{"href":"https:\/\/moto-oprema.com\/hr\/wp-json\/wp\/v2\/media?parent=148423"}],"wp:term":[{"taxonomy":"brand","embeddable":true,"href":"https:\/\/moto-oprema.com\/hr\/wp-json\/wp\/v2\/brand?post=148423"},{"taxonomy":"gender","embeddable":true,"href":"https:\/\/moto-oprema.com\/hr\/wp-json\/wp\/v2\/gender?post=148423"},{"taxonomy":"product_brand","embeddable":true,"href":"https:\/\/moto-oprema.com\/hr\/wp-json\/wp\/v2\/product_brand?post=148423"},{"taxonomy":"product_cat","embeddable":true,"href":"https:\/\/moto-oprema.com\/hr\/wp-json\/wp\/v2\/product_cat?post=148423"},{"taxonomy":"product_tag","embeddable":true,"href":"https:\/\/moto-oprema.com\/hr\/wp-json\/wp\/v2\/product_tag?post=148423"}],"curies":[{"name":"wp","href":"https:\/\/api.w.org\/{rel}","templated":true}]}}