{"id":148422,"date":"2022-05-09T09:52:45","date_gmt":"2022-05-09T09:52:45","guid":{"rendered":"https:\/\/moto-oprema.com\/Artikel\/interfonske-aktivne-dvostruke-komunikacije\/"},"modified":"2022-05-09T09:52:45","modified_gmt":"2022-05-09T09:52:45","slug":"interfonske-aktivne-dvostruke-komunikacije","status":"publish","type":"product","link":"https:\/\/moto-oprema.com\/hr\/Artikel\/interfonske-aktivne-dvostruke-komunikacije\/","title":{"rendered":"INTERFONSKE AKTIVNE DVOSTRUKE KOMUNIKACIJE"},"content":{"rendered":"<p>Interphone Active je dizajniran da zadovolji sve voza\u010de kojima je va\u017ena kvaliteta zvuka njihovog ure\u0111aja, \u010dak i tijekom grupnih razgovora. IQAL tehnologija, Interphone Quality Audio Lab, razvijena je kako bi se osigurala najbolja kvaliteta zvuka u svim uvjetima vo\u017enje. <\/p>\n<p>Zna\u010dajke:<\/p>\n<ul>\n<li>  Trajanje kori\u0161tenja: do 20 sati<\/li>\n<li>  Vrijeme pripravnosti: 1000 sati<\/li>\n<li>  80MHz digitalni signalni procesor (DSP) za najbolji audio do\u017eivljaj<\/li>\n<li>  Tipke za izravan pristup funkcijama (Quick Touch)<\/li>\n<li>  Intuitivno korisni\u010dko su\u010delje<\/li>\n<li>  Aplikacija za pametne telefone: kompatibilna s iOS-om i Androidom.<\/li>\n<li>  Omogu\u0107uje vam postavljanje i upravljanje interfonom izravno s va\u0161eg pametnog telefona<\/li>\n<li>  Vox: Aktivacija INTERKOMA putem glasovnih naredbi (VOX)<\/li>\n<li>  Anycom: Omogu\u0107uje komunikaciju s INTERCOM Bluetooth ure\u0111ajima svih marki u punom dupleksnom na\u010dinu rada<\/li>\n<li>  Automatsko ponovno povezivanje: ako se veza prekine u INTERCOM funkciji, ona \u0107e se automatski ponovno omogu\u0107iti kada se vratite u domet javljanja.<\/li>\n<\/ul>\n<p>Na\u010din rada interkoma:<\/p>\n<ul>\n<li>  4 korisnika: konferencijska veza izme\u0111u 4 bicikla ili 2 bicikla s voza\u010dem i suvoza\u010dem<\/li>\n<li>  3 korisnika: 3 motocikla ili 1 motocikl + 1 motocikl s voza\u010dem i suvoza\u010dem<\/li>\n<li>  2 korisnika: motocikl-motocikl ili voza\u010d-suvoza\u010d<\/li>\n<\/ul>\n<p>Domet interfona:<\/p>\n<p>  Do 1 km u punom dupleksu<\/p>\n<p>mobitel:<\/p>\n<p>  Brzo biranje: mogu\u0107nost pohranjivanja broja za brzo biranje pomo\u0107u naredbe<br \/> Glasovni poziv (ovisno o modelu mobilnog telefona)<br \/> Ponovno birajte zadnji poziv<\/p>\n<p>Integrirani FM radio:<\/p>\n<p>  Prijem od 88,0 MHz do 108 MHz<br \/> RDS funkcija (odabir najboljih frekvencija prema zonama)<br \/> 8 skladi\u0161nih stanica<br \/> Sna\u017enije automatsko pohranjivanje prvih 8 stanica<br \/> Automatsko isklju\u010divanje dolaznih poziva<\/p>\n<p>GPS:<\/p>\n<p>  Kompatibilan s glavnim Bluetooth\u00ae navigatorima za motocikle<br \/> Glasovne upute GPS-a<br \/> Kompatibilno s glavnim aplikacijama za navigaciju pametnih telefona<\/p>\n<p>MP3\/glazba:<\/p>\n<p>  Be\u017ei\u010dna reprodukcija MP3 datoteka (A2DP\/AVRCP) s pametnih telefona i MP3 playera<br \/> Dijeljenje pjesama: Dijeljenje glazbe izme\u0111u voza\u010da i suvoza\u010da<\/p>\n<p>A\u017euriranja firmvera:<\/p>\n<p>  A\u017euriranje firmvera s ra\u010dunala (Windows i MacO)<\/p>\n<p>Kompatibilno s:<\/p>\n<p>  Ve\u0107ina kaciga na tr\u017ei\u0161tu<br \/> Svi pametni telefoni s Bluetooth tehnologijom<br \/> GPS navigatori s Bluetooth tehnologijom i HFP profilom<br \/> Interfoni drugih marki<br \/> Interfoni prethodne serije<\/p>\n<p>Vodootporno:<\/p>\n<p>  Vodootpornost prema: IP67<\/p>\n<p>Zvuk:<\/p>\n<p>  Snimljene glasovne poruke (s vi\u0161ejezi\u010dnim paketima) koje se mogu nadograditi<br \/> Usmjereni mikrofon otporan na vjetar<br \/> NDVC &#8211; Automatska kontrola glasno\u0107e<br \/> Metoda pode\u0161avanja glasno\u0107e<\/p>\n<p>\u010cip\/baterija\/punja\u010d:<\/p>\n<p>  \u010cipset: Visokou\u010dinkoviti procesor s niskom potro\u0161njom energije<br \/> Bluetooth verzija 4.2<br \/> &#8220;Infinity&#8221; baterija s rekordnom autonomijom<br \/> USB kabel s micro USB priklju\u010dkom za punjenje<br \/> Priklju\u010dci za mikrofon i zvu\u010dnik (MINI USB) te priklju\u010dak za punjenje, podatke i AUX (MICRO USB)<\/p>\n","protected":false},"excerpt":{"rendered":"<p>Interphone Active Dual &#8211; Komplet za dvije kacige.<\/p>\n","protected":false},"featured_media":17558,"comment_status":"open","ping_status":"open","template":"","meta":{"_acf_changed":false},"brand":[2976],"gender":[],"product_brand":[],"product_cat":[1358,2757,1356],"product_tag":[],"class_list":{"0":"post-148422","1":"product","2":"type-product","3":"status-publish","4":"has-post-thumbnail","6":"brand-interphone-hr","7":"product_cat-kacige","8":"product_cat-komunikacije-hr","9":"product_cat-motociklisticka-oprema","11":"first","12":"onbackorder","13":"taxable","14":"shipping-taxable","15":"purchasable","16":"product-type-simple"},"acf":[],"_links":{"self":[{"href":"https:\/\/moto-oprema.com\/hr\/wp-json\/wp\/v2\/product\/148422","targetHints":{"allow":["GET"]}}],"collection":[{"href":"https:\/\/moto-oprema.com\/hr\/wp-json\/wp\/v2\/product"}],"about":[{"href":"https:\/\/moto-oprema.com\/hr\/wp-json\/wp\/v2\/types\/product"}],"replies":[{"embeddable":true,"href":"https:\/\/moto-oprema.com\/hr\/wp-json\/wp\/v2\/comments?post=148422"}],"wp:featuredmedia":[{"embeddable":true,"href":"https:\/\/moto-oprema.com\/hr\/wp-json\/wp\/v2\/media\/17558"}],"wp:attachment":[{"href":"https:\/\/moto-oprema.com\/hr\/wp-json\/wp\/v2\/media?parent=148422"}],"wp:term":[{"taxonomy":"brand","embeddable":true,"href":"https:\/\/moto-oprema.com\/hr\/wp-json\/wp\/v2\/brand?post=148422"},{"taxonomy":"gender","embeddable":true,"href":"https:\/\/moto-oprema.com\/hr\/wp-json\/wp\/v2\/gender?post=148422"},{"taxonomy":"product_brand","embeddable":true,"href":"https:\/\/moto-oprema.com\/hr\/wp-json\/wp\/v2\/product_brand?post=148422"},{"taxonomy":"product_cat","embeddable":true,"href":"https:\/\/moto-oprema.com\/hr\/wp-json\/wp\/v2\/product_cat?post=148422"},{"taxonomy":"product_tag","embeddable":true,"href":"https:\/\/moto-oprema.com\/hr\/wp-json\/wp\/v2\/product_tag?post=148422"}],"curies":[{"name":"wp","href":"https:\/\/api.w.org\/{rel}","templated":true}]}}