{"id":148359,"date":"2022-04-04T10:48:07","date_gmt":"2022-04-04T10:48:07","guid":{"rendered":"https:\/\/moto-oprema.com\/Artikel\/dainese-plaza-3-d-dry-rukavice-crne\/"},"modified":"2022-04-04T10:48:07","modified_gmt":"2022-04-04T10:48:07","slug":"dainese-plaza-3-d-dry-rukavice-crne","status":"publish","type":"product","link":"https:\/\/moto-oprema.com\/hr\/Artikel\/dainese-plaza-3-d-dry-rukavice-crne\/","title":{"rendered":"DAINESE PLAZA 3 D-DRY RUKAVICE CRNE"},"content":{"rendered":"<p>Posebno prilago\u0111ene obliku \u017eenske ruke, certificirane gradske rukavice Plaza 3 Lady D-Dry\u00ae dizajnirane su za sve one motocikliste koji se ne \u017eele odre\u0107i svog dvokota\u010da, \u010dak ni u nepovoljnim vremenskim uvjetima. Dainese D-Dry\u00ae membrana osigurava potpunu nepropusnost i prozra\u010dnost. Termalna podstava i sustav za\u0161tite od vjetra odr\u017eavaju ruke toplima \u010dak i u najhladnijim danima. Mekani umeci, rastezljiva tkanina koja se prilago\u0111ava obliku ruke i prethodno zakrivljeni prsti osiguravaju maksimalnu udobnost. Rukavice su opremljene Daineseovim Smart Touch umetkom, koji omogu\u0107uje kori\u0161tenje pametnih telefona i GPS sustava. Kontrastni, reflektiraju\u0107i detalji i oja\u010dana tkanina na dlanu upotpunjuju karakteristike rukavica Plaza 3 Lady D-Dry\u00ae.     <\/p>\n<p>Sastav sirovine: 100% poliester<\/p>\n","protected":false},"excerpt":{"rendered":"<p>Posebno prilago\u0111ene obliku \u017eenske ruke, certificirane gradske rukavice Plaza 3 Lady D-Dry\u00ae dizajnirane su za sve&#8230;<\/p>\n","protected":false},"featured_media":17446,"comment_status":"open","ping_status":"open","template":"","meta":{"_acf_changed":false},"brand":[2800],"gender":[1314],"product_brand":[],"product_cat":[1356,2816,2822],"product_tag":[],"class_list":{"0":"post-148359","1":"product","2":"type-product","3":"status-publish","4":"has-post-thumbnail","6":"brand-dainese-hr","7":"gender-zenska","8":"product_cat-motociklisticka-oprema","9":"product_cat-rukavice","10":"product_cat-tekstilne-rukavice","11":"pa_size-l-hr","12":"pa_size-m-hr","13":"pa_size-s-hr","14":"pa_size-xl-hr","15":"pa_size-xs-hr","16":"pa_size-xxl-hr","17":"pa_size-xxxl-hr","19":"first","20":"onbackorder","21":"taxable","22":"shipping-taxable","23":"purchasable","24":"product-type-variable"},"acf":[],"_links":{"self":[{"href":"https:\/\/moto-oprema.com\/hr\/wp-json\/wp\/v2\/product\/148359","targetHints":{"allow":["GET"]}}],"collection":[{"href":"https:\/\/moto-oprema.com\/hr\/wp-json\/wp\/v2\/product"}],"about":[{"href":"https:\/\/moto-oprema.com\/hr\/wp-json\/wp\/v2\/types\/product"}],"replies":[{"embeddable":true,"href":"https:\/\/moto-oprema.com\/hr\/wp-json\/wp\/v2\/comments?post=148359"}],"wp:featuredmedia":[{"embeddable":true,"href":"https:\/\/moto-oprema.com\/hr\/wp-json\/wp\/v2\/media\/17446"}],"wp:attachment":[{"href":"https:\/\/moto-oprema.com\/hr\/wp-json\/wp\/v2\/media?parent=148359"}],"wp:term":[{"taxonomy":"brand","embeddable":true,"href":"https:\/\/moto-oprema.com\/hr\/wp-json\/wp\/v2\/brand?post=148359"},{"taxonomy":"gender","embeddable":true,"href":"https:\/\/moto-oprema.com\/hr\/wp-json\/wp\/v2\/gender?post=148359"},{"taxonomy":"product_brand","embeddable":true,"href":"https:\/\/moto-oprema.com\/hr\/wp-json\/wp\/v2\/product_brand?post=148359"},{"taxonomy":"product_cat","embeddable":true,"href":"https:\/\/moto-oprema.com\/hr\/wp-json\/wp\/v2\/product_cat?post=148359"},{"taxonomy":"product_tag","embeddable":true,"href":"https:\/\/moto-oprema.com\/hr\/wp-json\/wp\/v2\/product_tag?post=148359"}],"curies":[{"name":"wp","href":"https:\/\/api.w.org\/{rel}","templated":true}]}}