{"id":148340,"date":"2022-04-01T10:18:12","date_gmt":"2022-04-01T10:18:12","guid":{"rendered":"https:\/\/moto-oprema.com\/Artikel\/dainese-scout-2-unisex-gore-tex-rukavice-crne\/"},"modified":"2022-04-01T10:18:12","modified_gmt":"2022-04-01T10:18:12","slug":"dainese-scout-2-unisex-gore-tex-rukavice-crne","status":"publish","type":"product","link":"https:\/\/moto-oprema.com\/hr\/Artikel\/dainese-scout-2-unisex-gore-tex-rukavice-crne\/","title":{"rendered":"DAINESE SCOUT 2 UNISEX GORE-TEX RUKAVICE CRNE"},"content":{"rendered":"<p>OPIS<\/p>\n<p>Napredna evolucija klasi\u010dnog Dainese Road Touring \u010darapa, s Techno\u2122 umetcima na zglobovima i prstima, poliuretanskim umetcima na dlanovima, prozra\u010dnom vodootpornom GORE-TEX\u00ae membranom i Primaloft\u00ae izolacijom. Pobolj\u0161ana prakti\u010dnim detaljima poput brisa\u010da vizira i opcije zaslona osjetljivog na dodir, Scout 2 ima CE &#8211; Cat. II i EN 13594 razinu 1 certifikata. Dakle, gdje god vas cesta odvede, mo\u017eete se udobno voziti s potpunom kontrolom.   <\/p>\n<p>TEMPERATURA<\/p>\n<p>  Prozra\u010dna vodootporna GORE-TEX\u00ae membrana<br \/> Termalna podloga Primaloft\u00ae<\/p>\n<p>ERGONOMIJA<\/p>\n<p>  Elasti\u010dni umeci od tkanine<br \/> Podesivi remen za man\u017eetu<br \/> Prije zakrivljeni prsti<br \/> Zatezni remen<br \/> Elasti\u010dna tkanina<\/p>\n<p>ZNA\u010cAJKE<\/p>\n<p>  Dainese Smart Touch<br \/> Dainese brisa\u010d vizira na lijevom palcu<br \/> Reflektiraju\u0107i umetci<br \/> Meki umetci<\/p>\n<p>GLAVNI MATERIJALI<\/p>\n<p>  Amica bru\u0161eni dlan<br \/> Oja\u010danja od kozje ko\u017ee na dlanu i prstima<\/p>\n<p>\u0160OK U PERFORMANSAMA<\/p>\n<p>  Rukavice s CE certifikatom &#8211; kat. II &#8211; Pr-EN 13594\/2010 Standard kat. II razina 1<br \/> Poliuretanski umetak na dlanu<br \/> Oja\u010dani dlan<br \/> Techno\u2122 umetci na zglobovima i prstima<\/p>\n","protected":false},"excerpt":{"rendered":"<p>Napredna evolucija klasi\u010dnog Dainese Road Touring bicikla, s Techno\u2122 umetcima na zglobovima i prstima te Gore-Tex&#8230;<\/p>\n","protected":false},"featured_media":17436,"comment_status":"open","ping_status":"open","template":"","meta":{"_acf_changed":false},"brand":[2800],"gender":[],"product_brand":[],"product_cat":[1356,2816,2822],"product_tag":[],"class_list":{"0":"post-148340","1":"product","2":"type-product","3":"status-publish","4":"has-post-thumbnail","6":"brand-dainese-hr","7":"product_cat-motociklisticka-oprema","8":"product_cat-rukavice","9":"product_cat-tekstilne-rukavice","10":"pa_size-l-hr","11":"pa_size-m-hr","12":"pa_size-s-hr","13":"pa_size-xl-hr","14":"pa_size-xs-hr","15":"pa_size-xxl-hr","16":"pa_size-xxs-hr","17":"pa_size-xxxs-hr","19":"first","20":"onbackorder","21":"taxable","22":"shipping-taxable","23":"purchasable","24":"product-type-variable"},"acf":[],"_links":{"self":[{"href":"https:\/\/moto-oprema.com\/hr\/wp-json\/wp\/v2\/product\/148340","targetHints":{"allow":["GET"]}}],"collection":[{"href":"https:\/\/moto-oprema.com\/hr\/wp-json\/wp\/v2\/product"}],"about":[{"href":"https:\/\/moto-oprema.com\/hr\/wp-json\/wp\/v2\/types\/product"}],"replies":[{"embeddable":true,"href":"https:\/\/moto-oprema.com\/hr\/wp-json\/wp\/v2\/comments?post=148340"}],"wp:featuredmedia":[{"embeddable":true,"href":"https:\/\/moto-oprema.com\/hr\/wp-json\/wp\/v2\/media\/17436"}],"wp:attachment":[{"href":"https:\/\/moto-oprema.com\/hr\/wp-json\/wp\/v2\/media?parent=148340"}],"wp:term":[{"taxonomy":"brand","embeddable":true,"href":"https:\/\/moto-oprema.com\/hr\/wp-json\/wp\/v2\/brand?post=148340"},{"taxonomy":"gender","embeddable":true,"href":"https:\/\/moto-oprema.com\/hr\/wp-json\/wp\/v2\/gender?post=148340"},{"taxonomy":"product_brand","embeddable":true,"href":"https:\/\/moto-oprema.com\/hr\/wp-json\/wp\/v2\/product_brand?post=148340"},{"taxonomy":"product_cat","embeddable":true,"href":"https:\/\/moto-oprema.com\/hr\/wp-json\/wp\/v2\/product_cat?post=148340"},{"taxonomy":"product_tag","embeddable":true,"href":"https:\/\/moto-oprema.com\/hr\/wp-json\/wp\/v2\/product_tag?post=148340"}],"curies":[{"name":"wp","href":"https:\/\/api.w.org\/{rel}","templated":true}]}}