{"id":148308,"date":"2022-03-31T12:57:40","date_gmt":"2022-03-31T12:57:40","guid":{"rendered":"https:\/\/moto-oprema.com\/Artikel\/dainese-cizme-axial-d1-air-crna-fluo-crvena\/"},"modified":"2022-03-31T12:57:40","modified_gmt":"2022-03-31T12:57:40","slug":"dainese-cizme-axial-d1-air-crna-fluo-crvena","status":"publish","type":"product","link":"https:\/\/moto-oprema.com\/hr\/Artikel\/dainese-cizme-axial-d1-air-crna-fluo-crvena\/","title":{"rendered":"DAINESE \u010cizme AXIAL D1 AIR CRNA\/FLUO CRVENA"},"content":{"rendered":"<div class=\"rte\">\n<div class=\"rte\">\n<div class=\"rte\">\n<p>Zra\u010dne \u010dizme Dainese Axail D1 pru\u017eaju voza\u010du najvi\u0161u mogu\u0107u razinu za\u0161tite, udobnosti i funkcionalnosti tijekom vo\u017enje. Dizajnirane su kako bi smanjile rizik od uganu\u0107a gle\u017enja i pru\u017eile maksimalnu sigurnost u slu\u010daju udara. Kliza\u010di od nehr\u0111aju\u0107eg \u010delika. Prsti i potplat \u010dizme oja\u010dani su najlonom i nude voza\u010du dodatni element sigurnosti.   <\/p>\n<p>Sastav sirovine: umjetna ko\u017ea, mikrovlakna<\/p>\n<\/p>\n<p><strong><span style=\"font-size:12px;\">Op\u0107e zna\u010dajke:<\/span><\/strong><\/p>\n<ul>\n<li>za\u0161tita mjenja\u010da<\/li>\n<li>gumeni potplat s diferenciranim dizajnom<\/li>\n<li>prilo\u017eeni klju\u010d za vijke<\/li>\n<\/ul>\n<p><strong>Ergonomija:<\/strong><\/p>\n<ul>\n<li>zatvaranje patentnim zatvara\u010dem na stra\u017enjoj strani<\/li>\n<li>elasti\u010dni umetci<\/li>\n<li>sustav brzog vezanja<\/li>\n<li>sustav pri\u010dvr\u0161\u0107ivanja odijela na \u010dizmu<\/li>\n<\/ul>\n<p><strong>Glavni materijali:<\/strong><\/p>\n<ul>\n<li>D-Stone\u2122 tkanina<\/li>\n<li>umetci od podijeljene kravlje ko\u017ee<\/li>\n<li>gornji dio od mikrovlakana<\/li>\n<\/ul>\n<p><strong>\u0160ok performansi:<\/strong><\/p>\n<ul>\n<li>odobreno prema normi kategorije II &#8211; EN 13634 <\/li>\n<li>D-aksijalni sustav od karbonskih i aramidnih vlakana<\/li>\n<li>metalni umetci<\/li>\n<li>najlonske pete<\/li>\n<li>oja\u010dani najlonski vrh<\/li>\n<li>zamjenjivi magnezijski kliza\u010d (1999885 Komplet kliza\u010da prtlja\u017enika od nehr\u0111aju\u0107eg \u010delika, 1996252 Komplet kliza\u010da prtlja\u017enika od plastike 08; 1999954 Komplet kliza\u010da prtlja\u017enika od plastike 16)<\/li>\n<li>TPU stra\u017enji unutarnji ulo\u017eak<\/li>\n<\/ul>\n<p><strong>Regulacija temperature:<\/strong><\/p>\n<ul>\n<li>dvostruka d\u017eersej podstava za zra\u010dni prostor<\/li>\n<\/ul>\n<\/div>\n<\/div>\n<\/div>\n","protected":false},"excerpt":{"rendered":"<p>Axial D1 Air je ventilirana verzija Daineseovih najsuvremenijih trka\u0107ih \u010dizama, koje nose i MotoGP\u2122 voza\u010di.<\/p>\n","protected":false},"featured_media":17311,"comment_status":"open","ping_status":"open","template":"","meta":{"_acf_changed":false},"brand":[2800],"gender":[],"product_brand":[],"product_cat":[1356,2769,2792],"product_tag":[],"class_list":{"0":"post-148308","1":"product","2":"type-product","3":"status-publish","4":"has-post-thumbnail","6":"brand-dainese-hr","7":"product_cat-motociklisticka-oprema","8":"product_cat-obuca","9":"product_cat-sportske-cipele","10":"pa_size-40-hr","11":"pa_size-41-hr","12":"pa_size-42-hr","13":"pa_size-43-hr","14":"pa_size-44-hr","15":"pa_size-45-hr","16":"pa_size-46-hr","17":"pa_size-47-hr","19":"first","20":"onbackorder","21":"taxable","22":"shipping-taxable","23":"purchasable","24":"product-type-variable"},"acf":[],"_links":{"self":[{"href":"https:\/\/moto-oprema.com\/hr\/wp-json\/wp\/v2\/product\/148308","targetHints":{"allow":["GET"]}}],"collection":[{"href":"https:\/\/moto-oprema.com\/hr\/wp-json\/wp\/v2\/product"}],"about":[{"href":"https:\/\/moto-oprema.com\/hr\/wp-json\/wp\/v2\/types\/product"}],"replies":[{"embeddable":true,"href":"https:\/\/moto-oprema.com\/hr\/wp-json\/wp\/v2\/comments?post=148308"}],"wp:featuredmedia":[{"embeddable":true,"href":"https:\/\/moto-oprema.com\/hr\/wp-json\/wp\/v2\/media\/17311"}],"wp:attachment":[{"href":"https:\/\/moto-oprema.com\/hr\/wp-json\/wp\/v2\/media?parent=148308"}],"wp:term":[{"taxonomy":"brand","embeddable":true,"href":"https:\/\/moto-oprema.com\/hr\/wp-json\/wp\/v2\/brand?post=148308"},{"taxonomy":"gender","embeddable":true,"href":"https:\/\/moto-oprema.com\/hr\/wp-json\/wp\/v2\/gender?post=148308"},{"taxonomy":"product_brand","embeddable":true,"href":"https:\/\/moto-oprema.com\/hr\/wp-json\/wp\/v2\/product_brand?post=148308"},{"taxonomy":"product_cat","embeddable":true,"href":"https:\/\/moto-oprema.com\/hr\/wp-json\/wp\/v2\/product_cat?post=148308"},{"taxonomy":"product_tag","embeddable":true,"href":"https:\/\/moto-oprema.com\/hr\/wp-json\/wp\/v2\/product_tag?post=148308"}],"curies":[{"name":"wp","href":"https:\/\/api.w.org\/{rel}","templated":true}]}}