{"id":147995,"date":"2022-06-09T12:13:08","date_gmt":"2022-06-09T12:13:08","guid":{"rendered":"https:\/\/moto-oprema.com\/Artikel\/alpinestars-missile-v3-crne-duge-kozne-hlace\/"},"modified":"2022-06-09T12:13:08","modified_gmt":"2022-06-09T12:13:08","slug":"alpinestars-missile-v3-crne-duge-kozne-hlace","status":"publish","type":"product","link":"https:\/\/moto-oprema.com\/hr\/Artikel\/alpinestars-missile-v3-crne-duge-kozne-hlace\/","title":{"rendered":"ALPINESTARS MISSILE V3 CRNE DUGE KO\u017dNE HLA\u010cE"},"content":{"rendered":"<div class=\"rte\">Alpinestars popularne ko\u017ene hla\u010de Missile v3 izra\u0111ene su od kravlje ko\u017ee debljine 1,3 mm i imaju harmonika rastezljive ulo\u0161ke iznad koljena za optimalnu udobnost. Imaju produ\u017eeni stra\u017enji pojas za ve\u0107u slobodu kretanja, kao i pobolj\u0161ano pristajanje, pobolj\u0161anu ventilaciju, spojni patentni zatvara\u010d u struku i oja\u010dano podru\u010dje sjedala. Unutarnja mre\u017easta podstava optimizira dodatne rastezljive umetke, dok produ\u017eeni rastezljivi ulo\u0161ci na bokovima osiguravaju da su ko\u017ene hla\u010de Missile Tech 10 spremne za upotrebu. Hla\u010de nude Alpinestars GP-R Lite \u0161titnike za koljena za optimalnu za\u0161titu i kompatibilne su sa \u0161titnicima za bokove Nucleon KR-H. SPORT kliza\u010di za koljena su zamjenjivi, u potpunosti CE certificirani prema CE kategoriji II EN 17092 &#8211; klasi AA.    <\/div>\n","protected":false},"excerpt":{"rendered":"<p>Pro\u0161ireni model!!<\/p>\n","protected":false},"featured_media":148003,"comment_status":"open","ping_status":"closed","template":"","meta":{"_acf_changed":false},"brand":[2748],"gender":[],"product_brand":[],"product_cat":[2832,2983,1356],"product_tag":[],"class_list":{"0":"post-147995","1":"product","2":"type-product","3":"status-publish","4":"has-post-thumbnail","6":"brand-alpinestars-hr","7":"product_cat-hlace-hr","8":"product_cat-kozne-hlace","9":"product_cat-motociklisticka-oprema","10":"pa_size-48-hr","11":"pa_size-50-hr","12":"pa_size-52-hr","13":"pa_size-54-hr","14":"pa_size-56-hr","15":"pa_size-58-hr","16":"pa_size-60-hr","18":"first","19":"onbackorder","20":"sale","21":"taxable","22":"shipping-taxable","23":"purchasable","24":"product-type-variable"},"acf":[],"_links":{"self":[{"href":"https:\/\/moto-oprema.com\/hr\/wp-json\/wp\/v2\/product\/147995","targetHints":{"allow":["GET"]}}],"collection":[{"href":"https:\/\/moto-oprema.com\/hr\/wp-json\/wp\/v2\/product"}],"about":[{"href":"https:\/\/moto-oprema.com\/hr\/wp-json\/wp\/v2\/types\/product"}],"replies":[{"embeddable":true,"href":"https:\/\/moto-oprema.com\/hr\/wp-json\/wp\/v2\/comments?post=147995"}],"wp:featuredmedia":[{"embeddable":true,"href":"https:\/\/moto-oprema.com\/hr\/wp-json\/wp\/v2\/media\/148003"}],"wp:attachment":[{"href":"https:\/\/moto-oprema.com\/hr\/wp-json\/wp\/v2\/media?parent=147995"}],"wp:term":[{"taxonomy":"brand","embeddable":true,"href":"https:\/\/moto-oprema.com\/hr\/wp-json\/wp\/v2\/brand?post=147995"},{"taxonomy":"gender","embeddable":true,"href":"https:\/\/moto-oprema.com\/hr\/wp-json\/wp\/v2\/gender?post=147995"},{"taxonomy":"product_brand","embeddable":true,"href":"https:\/\/moto-oprema.com\/hr\/wp-json\/wp\/v2\/product_brand?post=147995"},{"taxonomy":"product_cat","embeddable":true,"href":"https:\/\/moto-oprema.com\/hr\/wp-json\/wp\/v2\/product_cat?post=147995"},{"taxonomy":"product_tag","embeddable":true,"href":"https:\/\/moto-oprema.com\/hr\/wp-json\/wp\/v2\/product_tag?post=147995"}],"curies":[{"name":"wp","href":"https:\/\/api.w.org\/{rel}","templated":true}]}}