{"id":147984,"date":"2022-05-12T09:39:29","date_gmt":"2022-05-12T09:39:29","guid":{"rendered":"https:\/\/moto-oprema.com\/Artikel\/alpinestars-tech-air-10-sustav-zracnih-jastuka\/"},"modified":"2022-05-12T09:39:29","modified_gmt":"2022-05-12T09:39:29","slug":"alpinestars-tech-air-10-sustav-zracnih-jastuka","status":"publish","type":"product","link":"https:\/\/moto-oprema.com\/hr\/Artikel\/alpinestars-tech-air-10-sustav-zracnih-jastuka\/","title":{"rendered":"ALPINESTARS TECH-AIR 10 SUSTAV ZRA\u010cNIH JASTUKA"},"content":{"rendered":"<p>Tech-Air\u00ae 10 je najnoviji inovativni autonomni zra\u010dni jastuk koji se pridru\u017euje Alpinestarsovoj Tech-Air\u00ae obitelji, koja uklju\u010duje elektroni\u010dke sustave zra\u010dnih jastuka Tech-Air\u00ae Race, Tech-Air\u00ae Street i Tech-Air\u00ae 5. Izveden iz Alpinestarsove tehnologije zra\u010dnih jastuka koju su usvojili voza\u010di MotoGP-a, Tech-Air\u00ae 10 je tanak, samostalni nosivi sustav zra\u010dnih jastuka koji pru\u017ea neusporedivu za\u0161titu tijela za trka\u010de, cestovne trka\u010de i cestovne voza\u010de pokrivaju\u0107i voza\u010deva ramena, prsa te cijela le\u0111a i bokove.  <\/p>\n<p>Tech-Air\u00ae 10 se mo\u017ee nositi ispod bilo kojeg Alpinestars Tech-Air\u00ae Ready ili Tech-Air\u00ae Compatible ko\u017enog odijela ili ko\u017enog odijela bilo kojeg drugog proizvo\u0111a\u010da s 4 cm prostora u podru\u010dju prsa i 2 cm prostora oko bokova. Dodatni prostor u prsima i bokovima potreban je za smje\u0161taj napuhavanja zra\u010dnog jastuka u slu\u010daju sudara. <\/p>\n<p>ZA\u0160TITA:<\/p>\n<p>\u2022 Dizajniran za za\u0161titu ramena, prsa, le\u0111a i bokova voza\u010da motocikla, Tech-Air\u00ae 10 pru\u017ea najopse\u017eniju pokrivenost od svih trenutno dostupnih zra\u010dnih jastuka.<br \/>\n\u2022 Najsuvremeniji, nosivi sustav zra\u010dnih jastuka Tech-Air\u00ae 10 opremljen je aktivnim elektroni\u010dkim sustavom koji uklju\u010duje 12 senzora (3 troosna akcelerometra plus 1 troosni \u017eiroskop) i algoritam za detekciju sudara koji koristi umjetnu inteligenciju za precizno pra\u0107enje i aktiviranje zra\u010dnog jastuka u slu\u010daju sudara.<br \/>\n\u2022 Apsorpcija udara prilikom no\u0161enja zra\u010dnog jastuka rezultira smanjenjem sile udara do 95% u usporedbi s pasivnom za\u0161titom. Sustav zra\u010dnih jastuka Tech-Air\u00ae 10 pru\u017ea istu za\u0161titu kao i 18 \u0161titnika za le\u0111a kada se koristi.<br \/>\n\u2022 Tech-Air\u00ae 10 ima CE certifikat razine 2 za prsa i le\u0111a.<br \/>\n\u2022 Kada se otkrije sudar, aktivira se za\u0161titni zra\u010dni jastuk, pru\u017eaju\u0107i voza\u010du neusporedivu za\u0161titu s maksimalnim vremenom napuhavanja od 40 ms.<br \/>\n\u2022 Sustav zra\u010dnih jastuka Tech-Air\u00ae 10 pru\u017ea jo\u0161 ve\u0107u razinu sveobuhvatne pokrivenosti zbog dodatne bo\u010dne za\u0161tite i zahtijeva 2 argonska plinska pumpa za punjenje cijelog volumena ve\u0107eg zra\u010dnog jastuka prilikom aktiviranja u slu\u010daju sudara. Kao takav, Tech-Air\u00ae 10 nema koncept dvostrukog punjenja Tech-Air\u00ae Race sustava. <\/p>\n<p>ZNA\u010cAJKE:<\/p>\n<p>\u2022 Daljinski be\u017ei\u010dni LED zaslon prikazuje radni status zra\u010dnog jastuka.<br \/>\n\u2022 Ugra\u0111ena, certificirana litij-ionska baterija ima vijek trajanja od 24 sata vo\u017enje.<br \/>\n\u2022 Podaci o milijunima kilometara i tisu\u0107ama nesre\u0107a, razvijeni tijekom godina istra\u017eivanja s najboljim svjetskim voza\u010dima MotoGP-a i Alpinestarsovim kupcima, analizirani su kako bi se kontinuirano pobolj\u0161avao inteligentni algoritam za detekciju sudara.<br \/>\n\u2022 Sustav Tech-Air\u00ae 10 izuzetno je jednostavan za kori\u0161tenje; samo zatvorite prednji dio i pri\u010dvrstite pojas kako biste aktivirali sustav zra\u010dnih jastuka i spremni ste za polazak. Unutarnji pojas automatski aktivira sustav kada se pri\u010dvrsti i osigura.<br \/>\n\u2022 U na\u010dinu rada za utrku, sustav Tech-Air\u00ae 10 aktivan je samo kada se vozi brzinom ve\u0107om od pribli\u017eno 60 km\/h (37 mph) najmanje 10 sekundi. Prije ove aktivacije ili kada brzina voza\u010da stalno pada ispod te brzine najmanje 10 sekundi, sustav se deaktivira. Ovo je standardno pona\u0161anje sustava zra\u010dnih jastuka Tech-Air\u00ae 10 u na\u010dinu rada za utrku, jer je normalno zaustaviti se i brzo voziti u situacijama kada voza\u010d ne \u017eeli deaktivirati zra\u010dni jastuk. U takvim situacijama sigurnije je za voza\u010da da sustav automatski deaktivira zra\u010dni jastuk kako bi se izbjeglo ne\u017eeljeno aktiviranje zra\u010dnog jastuka.<br \/>\n\u2022 Daljinski be\u017ei\u010dni LED zaslon mo\u017ee se premjestiti na ruku voza\u010da radi lak\u0161e provjere statusa sustava. LED zaslon se tako\u0111er mo\u017ee pri\u010dvrstiti na bicikl, ovisno o \u017eeljama voza\u010da.<br \/>\n\u2022 Sustavu Tech-Air\u00ae 10 potrebno je otprilike 4 sata za punjenje prazne baterije pomo\u0107u prilo\u017eenog USB punja\u010da. Potpuno napunjena baterija omogu\u0107uje otprilike 24 sata kori\u0161tenja. Ako je vrijeme ograni\u010deno, punjenje baterije od otprilike 1 sat osigurat \u0107e otprilike 6 sati kori\u0161tenja.<br \/>\n\u2022 Sam zra\u010dni jastuk je prozra\u010dan, dizajniran s zra\u010dnim kanalima i perforiranom stra\u017enjom zonom koja osigurava protok zraka za pobolj\u0161anje udobnosti voza\u010da.<br \/>\n\u2022 Tech-Air\u00ae 10 sustav se mo\u017ee brzo pri\u010dvrstiti na Alpinestars Tech-Air\u00ae 10 osnovni sloj pomo\u0107u jednostavnih bo\u010dnih patentnih zatvara\u010da; to omogu\u0107uje voza\u010dima da po \u017eelji mijenjaju osnovne slojeve izme\u0111u sesija vo\u017enje.<br \/>\n\u2022 Osnovni sloj Tech-Air\u00ae 10 mo\u017ee se prati ru\u010dno.<br \/>\n\u2022 Ukupna te\u017eina Tech-Air\u00ae 10 (sustav i osnovni sloj) iznosi 2390 g za veli\u010dinu srednju.<br \/>\n\u2022 Tech-Air\u00ae 10 dizajniran je za upotrebu na stazama i cestama te se mo\u017ee koristiti s na\u010dinima vo\u017enje RACE i STREET, koji imaju posebne algoritme za otkrivanje sudara umjetnom inteligencijom. Na\u010din vo\u017enje RACE trebao bi se koristiti samo za vo\u017enju na zatvorenoj stazi i ne bi se trebao koristiti za druge vrste vo\u017enje.<br \/>\n\u2022 Bluetooth povezivost s aplikacijom Tech-Air\u00ae pru\u017ea voza\u010dima status sustava zra\u010dnih jastuka, status baterije i informacije o putovanju putem MyRidea.<br \/>\n\u2022 Putem aplikacije Tech-Air\u00ae, voza\u010di tako\u0111er mogu a\u017eurirati firmver sustava kada je dostupno novo a\u017euriranje<\/p>\n","protected":false},"excerpt":{"rendered":"<p>Tech-Air\u00ae 10 je najnoviji inovativni autonomni zra\u010dni jastuk koji se pridru\u017euje Alpinestarsovoj Tech-Air\u00ae obitelji, koja uklju\u010duje&#8230;<\/p>\n","protected":false},"featured_media":147990,"comment_status":"open","ping_status":"closed","template":"","meta":{"_acf_changed":false},"brand":[2748],"gender":[],"product_brand":[],"product_cat":[1356,2855,2888],"product_tag":[],"class_list":{"0":"post-147984","1":"product","2":"type-product","3":"status-publish","4":"has-post-thumbnail","6":"brand-alpinestars-hr","7":"product_cat-motociklisticka-oprema","8":"product_cat-zastitnici-i-zracni-jastuci","9":"product_cat-zracni-jastuci","10":"pa_size-l-hr","11":"pa_size-m-hr","12":"pa_size-s-hr","13":"pa_size-xl-hr","14":"pa_size-xxl-hr","16":"first","17":"instock","18":"sale","19":"taxable","20":"shipping-taxable","21":"purchasable","22":"product-type-variable"},"acf":[],"_links":{"self":[{"href":"https:\/\/moto-oprema.com\/hr\/wp-json\/wp\/v2\/product\/147984","targetHints":{"allow":["GET"]}}],"collection":[{"href":"https:\/\/moto-oprema.com\/hr\/wp-json\/wp\/v2\/product"}],"about":[{"href":"https:\/\/moto-oprema.com\/hr\/wp-json\/wp\/v2\/types\/product"}],"replies":[{"embeddable":true,"href":"https:\/\/moto-oprema.com\/hr\/wp-json\/wp\/v2\/comments?post=147984"}],"wp:featuredmedia":[{"embeddable":true,"href":"https:\/\/moto-oprema.com\/hr\/wp-json\/wp\/v2\/media\/147990"}],"wp:attachment":[{"href":"https:\/\/moto-oprema.com\/hr\/wp-json\/wp\/v2\/media?parent=147984"}],"wp:term":[{"taxonomy":"brand","embeddable":true,"href":"https:\/\/moto-oprema.com\/hr\/wp-json\/wp\/v2\/brand?post=147984"},{"taxonomy":"gender","embeddable":true,"href":"https:\/\/moto-oprema.com\/hr\/wp-json\/wp\/v2\/gender?post=147984"},{"taxonomy":"product_brand","embeddable":true,"href":"https:\/\/moto-oprema.com\/hr\/wp-json\/wp\/v2\/product_brand?post=147984"},{"taxonomy":"product_cat","embeddable":true,"href":"https:\/\/moto-oprema.com\/hr\/wp-json\/wp\/v2\/product_cat?post=147984"},{"taxonomy":"product_tag","embeddable":true,"href":"https:\/\/moto-oprema.com\/hr\/wp-json\/wp\/v2\/product_tag?post=147984"}],"curies":[{"name":"wp","href":"https:\/\/api.w.org\/{rel}","templated":true}]}}