{"id":147815,"date":"2022-02-23T12:24:19","date_gmt":"2022-02-23T12:24:19","guid":{"rendered":"https:\/\/moto-oprema.com\/Artikel\/alpinestars-jakna-stella-gp-plus-r-v3-crno-bijela\/"},"modified":"2022-02-23T12:24:19","modified_gmt":"2022-02-23T12:24:19","slug":"alpinestars-jakna-stella-gp-plus-r-v3-crno-bijela","status":"publish","type":"product","link":"https:\/\/moto-oprema.com\/hr\/Artikel\/alpinestars-jakna-stella-gp-plus-r-v3-crno-bijela\/","title":{"rendered":"ALPINESTARS JAKNA STELLA GP PLUS R V3 CRNO-BIJELA"},"content":{"rendered":"<p><span class=\"VIiyi\" xml_lang=\"sl\" lang=\"sl\"><span class=\"JLqJ4b\"><span>\u017denska ko\u017ena jakna GP Plus V3 izra\u0111ena je od vrlo izdr\u017eljive i otporne ko\u017ee na habanje sa sofisticiranom ugra\u0111enom Nucleon Flex Plus za\u0161titom u svojoj klasi, dizajniranom za optimalnu kombinaciju sigurnosti i udobnosti.<\/span><\/span><\/span><\/p>\n<p><span class=\"VIiyi\" xml_lang=\"sl\" lang=\"sl\"><span class=\"JLqJ4b\"><span>Sastav sirovine: 71% ko\u017ea, 29% poliester<\/span><\/span><\/span><\/p>\n<p><strong>Zna\u010dajke:<\/strong><\/p>\n<ul>\n<li>Ko\u017ena jakna pletenog dizajna, izra\u0111ena s mapiranim trka\u0107im krojem i prethodno zakrivljenim rukavima i tijelom za optimalne performanse vo\u017enje.<\/li>\n<li>Napredna konstrukcija i sastavljanje unutarnje udobne podstave za optimiziranu fleksibilnost i jednostavnost kori\u0161tenja, \u010dime se maksimizira funkcija pletenih panela za neusporediv osje\u0107aj slobode kada je jakna na sebi.<\/li>\n<li>Umetci od rastezljivih panela dizajnirani su kako bi se prilagodili Alpinestars sustavu zra\u010dnih jastuka, omogu\u0107uju\u0107i \u0161irenje kada se zra\u010dni jastuk napuhne, ali i nude\u0107i visoku razinu anatomskih performansi i vrhunsko pristajanje prilikom vo\u017enje bez ugra\u0111enog sustava.<\/li>\n<li>\u0160asija izra\u0111ena od vrhunske gove\u0111e ko\u017ee za vrhunsku otpornost na habanje.<\/li>\n<li>Velika mre\u017easta plo\u010da na stra\u017enjoj strani ovratnika za optimiziranu razinu protoka zraka.<\/li>\n<li>Stra\u017enji dio jakne je produ\u017een za bolju pokrivenost tijekom vo\u017enje.<\/li>\n<li>Pletena tehnolo\u0161ka tkanina na podru\u010dju \u0161ava za programiranu rastezljivost, \u010dime se optimizira pristajanje i udobnost.<\/li>\n<li>\u010ci\u010dak traka u struku i man\u017eetama s poluautomatskim patentnim zatvara\u010dem za sigurno zatvaranje.<\/li>\n<li>Niskoprofilna konstrukcija ovratnika s mekom podstavom za pove\u0107anu udobnost voza\u010da.<\/li>\n<li>Dva prednja d\u017eepa s patentnim zatvara\u010dem, unutarnji vodootporni d\u017eep za dokumente i dva unutarnja d\u017eepa na podlozi za sigurno i za\u0161ti\u0107eno spremanje.<\/li>\n<li>Gornji bo\u010dni otvori za optimalnu cirkulaciju zraka.<\/li>\n<li>Glavni patentni zatvara\u010d za jednostavno kori\u0161tenje, \u010dak i s rukavicama.<\/li>\n<li>Zatvaraju\u0107i patentni zatvara\u010d omogu\u0107uje pri\u010dvr\u0161\u0107ivanje na Alpinestars hla\u010de za jahanje.<\/li>\n<li>Reflektiraju\u0107i detalji.<\/li>\n<\/ul>\n<p><strong>Tehni\u010dki podaci:<\/strong><\/p>\n<ul>\n<li>Nucleon Flex Plus \u0161titnici razine 1 na ramenima i laktovima (EN1621-1:2012)<\/li>\n<li>DFS (Dynamic Friction Shield) Lite kliza\u010d na ramenu za dodatnu za\u0161titu od abrazije.<\/li>\n<li>Pripremljeno za Nucleon \u0161titnike za prsa i le\u0111a (prodaju se zasebno).<\/li>\n<li>Pripremljeno za Alpinestars Tech-Air\u00ae 5 sustav zra\u010dnih jastuka (prodaje se zasebno).<\/li>\n<li>za\u0161titna motociklisti\u010dka odje\u0107a klase AA (prema standardima kategorije II prEN17092)<\/li>\n<\/ul><\/p>\n","protected":false},"excerpt":{"rendered":"<p>Boja: crno-bijela<\/p>\n","protected":false},"featured_media":147819,"comment_status":"open","ping_status":"closed","template":"","meta":{"_acf_changed":false},"brand":[2748],"gender":[1314],"product_brand":[],"product_cat":[2759,1356,2761],"product_tag":[],"class_list":{"0":"post-147815","1":"product","2":"type-product","3":"status-publish","4":"has-post-thumbnail","6":"brand-alpinestars-hr","7":"gender-zenska","8":"product_cat-jakne-hr","9":"product_cat-motociklisticka-oprema","10":"product_cat-tekstilne-jakne-hr","11":"pa_size-38-hr","12":"pa_size-40-hr","13":"pa_size-42-hr","14":"pa_size-44-hr","16":"first","17":"onbackorder","18":"sale","19":"taxable","20":"shipping-taxable","21":"purchasable","22":"product-type-variable"},"acf":[],"_links":{"self":[{"href":"https:\/\/moto-oprema.com\/hr\/wp-json\/wp\/v2\/product\/147815","targetHints":{"allow":["GET"]}}],"collection":[{"href":"https:\/\/moto-oprema.com\/hr\/wp-json\/wp\/v2\/product"}],"about":[{"href":"https:\/\/moto-oprema.com\/hr\/wp-json\/wp\/v2\/types\/product"}],"replies":[{"embeddable":true,"href":"https:\/\/moto-oprema.com\/hr\/wp-json\/wp\/v2\/comments?post=147815"}],"wp:featuredmedia":[{"embeddable":true,"href":"https:\/\/moto-oprema.com\/hr\/wp-json\/wp\/v2\/media\/147819"}],"wp:attachment":[{"href":"https:\/\/moto-oprema.com\/hr\/wp-json\/wp\/v2\/media?parent=147815"}],"wp:term":[{"taxonomy":"brand","embeddable":true,"href":"https:\/\/moto-oprema.com\/hr\/wp-json\/wp\/v2\/brand?post=147815"},{"taxonomy":"gender","embeddable":true,"href":"https:\/\/moto-oprema.com\/hr\/wp-json\/wp\/v2\/gender?post=147815"},{"taxonomy":"product_brand","embeddable":true,"href":"https:\/\/moto-oprema.com\/hr\/wp-json\/wp\/v2\/product_brand?post=147815"},{"taxonomy":"product_cat","embeddable":true,"href":"https:\/\/moto-oprema.com\/hr\/wp-json\/wp\/v2\/product_cat?post=147815"},{"taxonomy":"product_tag","embeddable":true,"href":"https:\/\/moto-oprema.com\/hr\/wp-json\/wp\/v2\/product_tag?post=147815"}],"curies":[{"name":"wp","href":"https:\/\/api.w.org\/{rel}","templated":true}]}}