{"id":147770,"date":"2022-02-22T10:19:01","date_gmt":"2022-02-22T10:19:01","guid":{"rendered":"https:\/\/moto-oprema.com\/Artikel\/spidi-crossmaster-h2out-hlace-crne\/"},"modified":"2022-02-22T10:19:01","modified_gmt":"2022-02-22T10:19:01","slug":"spidi-crossmaster-h2out-hlace-crne","status":"publish","type":"product","link":"https:\/\/moto-oprema.com\/hr\/Artikel\/spidi-crossmaster-h2out-hlace-crne\/","title":{"rendered":"SPIDI CROSSMASTER H2OUT HLA\u010cE CRNE"},"content":{"rendered":"<p>Hla\u010de Crossmaster H2out savr\u0161eno se sla\u017eu sa svim SPIDI avanturisti\u010dkim jaknama; idealne su za cjelogodi\u0161nja putovanja motociklom. Vanjski dio je izra\u0111en od visoko\u010dvrstog poliestera, presvu\u010denog PU-om, koji pru\u017ea dobru otpornost na posjekotine i ogrebotine: <\/p>\n<p>Hla\u010de Crossmaster imaju CE certifikat prema EN 17092-4:2020, klasa AA. Dolaze s uklonjivim Multitech \u0161titnicima za koljena i kukove certificiranim prema EN 1621-1:2012. \u0160titnici za koljena su tako\u0111er podesivi (10 centimetara) kako bi se prona\u0161ao pravi polo\u017eaj za anatomiju i stil vo\u017enje svakog voza\u010da. Hla\u010de tako\u0111er imaju Step-In Wear System, vodootpornu H2Out\u00ae 5K\/5K membranu koja se mo\u017ee nositi unutar hla\u010da po ki\u0161nim ili hladnijim uvjetima. Postoje 2 velika ventilacijska podru\u010dja strate\u0161ki postavljena tamo gdje su ventilacija i cirkulacija zraka na najvi\u0161oj razini u polo\u017eaju za vo\u017enju. Tu su 3M\u00ae Scotchlite\u00ae reflektori za izvrsnu vidljivost no\u0107u i patentni zatvara\u010d izme\u0111u jakne i hla\u010da za dodatnu sigurnost. YKK\u00ae patentni zatvara\u010di na potkoljenicama omogu\u0107uju no\u0161enje preko ili ispod touring cipela.      <\/p>\n<p>Sastav sirovine: 100% poliester<\/p>\n","protected":false},"excerpt":{"rendered":"<p>Hla\u010de Crossmaster H2out savr\u0161eno se sla\u017eu sa svim SPIDI avanturisti\u010dkim jaknama; idealne su za cjelogodi\u0161nja putovanja&#8230;<\/p>\n","protected":false},"featured_media":16856,"comment_status":"open","ping_status":"open","template":"","meta":{"_acf_changed":false},"brand":[2732],"gender":[],"product_brand":[],"product_cat":[2832,1356,2857],"product_tag":[],"class_list":{"0":"post-147770","1":"product","2":"type-product","3":"status-publish","4":"has-post-thumbnail","6":"brand-spidi-hr","7":"product_cat-hlace-hr","8":"product_cat-motociklisticka-oprema","9":"product_cat-tekstilne-hlace-hr","10":"pa_size-l-hr","11":"pa_size-m-hr","12":"pa_size-xl-hr","13":"pa_size-xxl-hr","14":"pa_size-xxxl-hr","15":"pa_size-xxxxl-hr","17":"first","18":"onbackorder","19":"sale","20":"taxable","21":"shipping-taxable","22":"purchasable","23":"product-type-variable"},"acf":[],"_links":{"self":[{"href":"https:\/\/moto-oprema.com\/hr\/wp-json\/wp\/v2\/product\/147770","targetHints":{"allow":["GET"]}}],"collection":[{"href":"https:\/\/moto-oprema.com\/hr\/wp-json\/wp\/v2\/product"}],"about":[{"href":"https:\/\/moto-oprema.com\/hr\/wp-json\/wp\/v2\/types\/product"}],"replies":[{"embeddable":true,"href":"https:\/\/moto-oprema.com\/hr\/wp-json\/wp\/v2\/comments?post=147770"}],"wp:featuredmedia":[{"embeddable":true,"href":"https:\/\/moto-oprema.com\/hr\/wp-json\/wp\/v2\/media\/16856"}],"wp:attachment":[{"href":"https:\/\/moto-oprema.com\/hr\/wp-json\/wp\/v2\/media?parent=147770"}],"wp:term":[{"taxonomy":"brand","embeddable":true,"href":"https:\/\/moto-oprema.com\/hr\/wp-json\/wp\/v2\/brand?post=147770"},{"taxonomy":"gender","embeddable":true,"href":"https:\/\/moto-oprema.com\/hr\/wp-json\/wp\/v2\/gender?post=147770"},{"taxonomy":"product_brand","embeddable":true,"href":"https:\/\/moto-oprema.com\/hr\/wp-json\/wp\/v2\/product_brand?post=147770"},{"taxonomy":"product_cat","embeddable":true,"href":"https:\/\/moto-oprema.com\/hr\/wp-json\/wp\/v2\/product_cat?post=147770"},{"taxonomy":"product_tag","embeddable":true,"href":"https:\/\/moto-oprema.com\/hr\/wp-json\/wp\/v2\/product_tag?post=147770"}],"curies":[{"name":"wp","href":"https:\/\/api.w.org\/{rel}","templated":true}]}}