{"id":147754,"date":"2022-02-21T10:15:05","date_gmt":"2022-02-21T10:15:05","guid":{"rendered":"https:\/\/moto-oprema.com\/Artikel\/dainese-ruksak-od-aligatora\/"},"modified":"2022-02-21T10:15:05","modified_gmt":"2022-02-21T10:15:05","slug":"dainese-ruksak-od-aligatora","status":"publish","type":"product","link":"https:\/\/moto-oprema.com\/hr\/Artikel\/dainese-ruksak-od-aligatora\/","title":{"rendered":"DAINESE RUKSAK OD ALIGATORA"},"content":{"rendered":"<p>Dainese ruksak za hidrataciju s motivom aligatora<\/p>\n<p>Dainese Alligator je avanturisti\u010dki ruksak s ugra\u0111enim spremnikom za hidrataciju, dizajniran za sve motociklisti\u010dke avanture na cesti i izvan nje &#8211; s prakti\u010dnom zalihom vode koja je uvijek pri ruci bez potrebe za zaustavljanjem. Spremnik od 2 litre mPE\/EVA prirodno je antimikrobni, bez mirisa i okusa te certificirano ne sadr\u017ei BPA. Izolacijski premaz omogu\u0107uje odr\u017eavanje teku\u0107ine na idealnoj temperaturi satima. S prakti\u010dnom slamkom koja se lako pri\u010dvr\u0161\u0107uje na remene ruksaka kada se ne koristi, lako se pije bez skidanja ruksaka i promjene polo\u017eaja vo\u017enje. Ruksak ima veliki glavni odjeljak u koji mo\u017eete pohraniti termo slojeve, vodootpornu odje\u0107u, opremu i pribor. Dva bo\u010dna d\u017eepa pru\u017eaju prostor za manje predmete i, zajedno s elasti\u010dnim kompresijskim trakama, mogu se koristiti kao dr\u017ea\u010di za pri\u010dvr\u0161\u0107ivanje ve\u0107e opreme na ruksak. Kompresijske trake tako\u0111er osiguravaju da su predmeti u ruksaku stabilni i da je njihovo kretanje \u0161to je mogu\u0107e ograni\u010denije kako bi se osigurala maksimalna udobnost vo\u017enje. Ergonomske, podesive naramenice s mre\u017eastim umetcima pru\u017eaju maksimalnu udobnost i brzo odvode vi\u0161ak vlage.       <\/p>\n<p>Zna\u010dajke:<\/p>\n<ul>\n<li>  Spremnik od 2 l (antimikrobni, bez BPA, bez okusa i mirisa)<\/li>\n<li>  Ergonomski podstavljene Air Mesh naramenice za odvo\u0111enje vlage<\/li>\n<li>  veliki pretinac za pohranu odje\u0107e, opreme i alata<\/li>\n<li>  dva vanjska bo\u010dna d\u017eepa za pohranu manjeg alata<\/li>\n<li>  gornje kompresijske trake za odr\u017eavanje stabilnosti ruksaka i raspodjelu optere\u0107enja<\/li>\n<\/ul>\n","protected":false},"excerpt":{"rendered":"<p>Dainese ruksak za hidrataciju s motivom aligatora Dainese Alligator je avanturisti\u010dki ruksak s ugra\u0111enim spremnikom za&#8230;<\/p>\n","protected":false},"featured_media":16819,"comment_status":"open","ping_status":"open","template":"","meta":{"_acf_changed":false},"brand":[2800],"gender":[],"product_brand":[],"product_cat":[1356,2729,2755],"product_tag":[],"class_list":{"0":"post-147754","1":"product","2":"type-product","3":"status-publish","4":"has-post-thumbnail","6":"brand-dainese-hr","7":"product_cat-motociklisticka-oprema","8":"product_cat-pribor","9":"product_cat-ruksaci-i-torbe-za-noge","11":"first","12":"onbackorder","13":"sale","14":"taxable","15":"shipping-taxable","16":"purchasable","17":"product-type-simple"},"acf":[],"_links":{"self":[{"href":"https:\/\/moto-oprema.com\/hr\/wp-json\/wp\/v2\/product\/147754","targetHints":{"allow":["GET"]}}],"collection":[{"href":"https:\/\/moto-oprema.com\/hr\/wp-json\/wp\/v2\/product"}],"about":[{"href":"https:\/\/moto-oprema.com\/hr\/wp-json\/wp\/v2\/types\/product"}],"replies":[{"embeddable":true,"href":"https:\/\/moto-oprema.com\/hr\/wp-json\/wp\/v2\/comments?post=147754"}],"wp:featuredmedia":[{"embeddable":true,"href":"https:\/\/moto-oprema.com\/hr\/wp-json\/wp\/v2\/media\/16819"}],"wp:attachment":[{"href":"https:\/\/moto-oprema.com\/hr\/wp-json\/wp\/v2\/media?parent=147754"}],"wp:term":[{"taxonomy":"brand","embeddable":true,"href":"https:\/\/moto-oprema.com\/hr\/wp-json\/wp\/v2\/brand?post=147754"},{"taxonomy":"gender","embeddable":true,"href":"https:\/\/moto-oprema.com\/hr\/wp-json\/wp\/v2\/gender?post=147754"},{"taxonomy":"product_brand","embeddable":true,"href":"https:\/\/moto-oprema.com\/hr\/wp-json\/wp\/v2\/product_brand?post=147754"},{"taxonomy":"product_cat","embeddable":true,"href":"https:\/\/moto-oprema.com\/hr\/wp-json\/wp\/v2\/product_cat?post=147754"},{"taxonomy":"product_tag","embeddable":true,"href":"https:\/\/moto-oprema.com\/hr\/wp-json\/wp\/v2\/product_tag?post=147754"}],"curies":[{"name":"wp","href":"https:\/\/api.w.org\/{rel}","templated":true}]}}