{"id":147751,"date":"2022-02-21T10:07:50","date_gmt":"2022-02-21T10:07:50","guid":{"rendered":"https:\/\/moto-oprema.com\/Artikel\/dainese-d-essence-ruksak\/"},"modified":"2022-02-21T10:07:50","modified_gmt":"2022-02-21T10:07:50","slug":"dainese-d-essence-ruksak","status":"publish","type":"product","link":"https:\/\/moto-oprema.com\/hr\/Artikel\/dainese-d-essence-ruksak\/","title":{"rendered":"DAINESE D-ESSENCE RUKSAK"},"content":{"rendered":"<p>Dainese D-Essence ruksak<\/p>\n<p>Za Dainese stil na svakom putovanju. Ovaj ruksak je idealan suputnik za no\u0161enje osnovnih stvari tijekom svakodnevnih vo\u017enji ili aktivnosti na otvorenom. <\/p>\n<p>Zna\u010dajke:<\/p>\n<ul>\n<li>  Prednje plo\u010de od oblikovanog EVA materijala za aerodinami\u010dniji profil<\/li>\n<li>  Potpuno podesivi remen za ramena i prsa za dobro pristajanje<\/li>\n<li>  veliki glavni odjeljak<\/li>\n<li>  Podstavljena stra\u017enja plo\u010da za bolju ventilaciju<\/li>\n<li>  Podstavljeni pretinac za laptop &#8211; odgovara ve\u0107ini 15-in\u010dnih laptopa<\/li>\n<li>  reflektiraju\u0107i umetci<\/li>\n<li>  Patentni zatvara\u010di sprje\u010davaju zveckanje i pru\u017eaju dodatnu sigurnost<\/li>\n<\/ul>\n<p>Tehni\u010dki podaci:<\/p>\n<p> Sastav sirovine: 80% poliester, 20% etilen vinil acetat (EVA)<br \/> Dimenzije: 49,5 x 20,3 x 30,5 cm<br \/> Te\u017eina: 1,32 kg<\/p>\n","protected":false},"excerpt":{"rendered":"<p>Dainese D-Essence ruksak Za Dainese stil na svakom putovanju. Ovaj ruksak je idealan suputnik za no\u0161enje&#8230;<\/p>\n","protected":false},"featured_media":16817,"comment_status":"open","ping_status":"open","template":"","meta":{"_acf_changed":false},"brand":[2800],"gender":[],"product_brand":[],"product_cat":[1356,2729,2755],"product_tag":[],"class_list":{"0":"post-147751","1":"product","2":"type-product","3":"status-publish","4":"has-post-thumbnail","6":"brand-dainese-hr","7":"product_cat-motociklisticka-oprema","8":"product_cat-pribor","9":"product_cat-ruksaci-i-torbe-za-noge","11":"first","12":"onbackorder","13":"sale","14":"taxable","15":"shipping-taxable","16":"purchasable","17":"product-type-simple"},"acf":[],"_links":{"self":[{"href":"https:\/\/moto-oprema.com\/hr\/wp-json\/wp\/v2\/product\/147751","targetHints":{"allow":["GET"]}}],"collection":[{"href":"https:\/\/moto-oprema.com\/hr\/wp-json\/wp\/v2\/product"}],"about":[{"href":"https:\/\/moto-oprema.com\/hr\/wp-json\/wp\/v2\/types\/product"}],"replies":[{"embeddable":true,"href":"https:\/\/moto-oprema.com\/hr\/wp-json\/wp\/v2\/comments?post=147751"}],"wp:featuredmedia":[{"embeddable":true,"href":"https:\/\/moto-oprema.com\/hr\/wp-json\/wp\/v2\/media\/16817"}],"wp:attachment":[{"href":"https:\/\/moto-oprema.com\/hr\/wp-json\/wp\/v2\/media?parent=147751"}],"wp:term":[{"taxonomy":"brand","embeddable":true,"href":"https:\/\/moto-oprema.com\/hr\/wp-json\/wp\/v2\/brand?post=147751"},{"taxonomy":"gender","embeddable":true,"href":"https:\/\/moto-oprema.com\/hr\/wp-json\/wp\/v2\/gender?post=147751"},{"taxonomy":"product_brand","embeddable":true,"href":"https:\/\/moto-oprema.com\/hr\/wp-json\/wp\/v2\/product_brand?post=147751"},{"taxonomy":"product_cat","embeddable":true,"href":"https:\/\/moto-oprema.com\/hr\/wp-json\/wp\/v2\/product_cat?post=147751"},{"taxonomy":"product_tag","embeddable":true,"href":"https:\/\/moto-oprema.com\/hr\/wp-json\/wp\/v2\/product_tag?post=147751"}],"curies":[{"name":"wp","href":"https:\/\/api.w.org\/{rel}","templated":true}]}}