{"id":147700,"date":"2022-02-16T10:20:44","date_gmt":"2022-02-16T10:20:44","guid":{"rendered":"https:\/\/moto-oprema.com\/Artikel\/dainese-risoluta-air-tex-zenska-jakna-crno-bijela\/"},"modified":"2022-02-16T10:20:44","modified_gmt":"2022-02-16T10:20:44","slug":"dainese-risoluta-air-tex-zenska-jakna-crno-bijela","status":"publish","type":"product","link":"https:\/\/moto-oprema.com\/hr\/Artikel\/dainese-risoluta-air-tex-zenska-jakna-crno-bijela\/","title":{"rendered":"DAINESE RISOLUTA AIR TEX \u017dENSKA JAKNA CRNO-BIJELA"},"content":{"rendered":"<p>\u017denska motociklisti\u010dka jakna Risoluta Air Tex Lady svestran je odjevni predmet za sva godi\u0161nja doba, koji kombinira za\u0161titu i jednostavnost kori\u0161tenja. Izra\u0111ena od tkanine otporne na habanje, omogu\u0107uje sigurnu i udobnu vo\u017enju \u010dak i ljeti zahvaljuju\u0107i izvrsnoj prozra\u010dnosti. Uklonjiva termalna podstava u najhladnijim danima pru\u017ea idealnu razinu izolacije s kojom mo\u017eete s pouzdanjem u\u017eivati u cesti. Dainese sigurnosne standarde podr\u017eavaju kompozitni \u0161titnici na ramenima i laktovima, koji se po potrebi mogu ukloniti. Poseban d\u017eep omogu\u0107uje umetanje \u0161titnika za le\u0111a G1 ili G2.    <\/p>\n<p>TEMPERATURA<\/p>\n<ul>\n<li>  Podstava izra\u0111ena od prozra\u010dne i perforirane Sanitized\u00ae tkanine<\/li>\n<li>  Uklonjiva termalna podloga<\/li>\n<\/ul>\n<p>ERGONOMIJA<\/p>\n<ul>\n<li>  Sustav za pri\u010dvr\u0161\u0107ivanje jakne i hla\u010da<\/li>\n<li>  Pode\u0161avanje vrata, struka i zape\u0161\u0107a<\/li>\n<li>  Pode\u0161avanje rukava<\/li>\n<\/ul>\n<p>ZNA\u010cAJKE<\/p>\n<ul>\n<li>  1 unutarnji d\u017eep na termo podstavi<\/li>\n<li>  2 vanjska d\u017eepa<\/li>\n<li>  D\u017eep za stra\u017enji za\u0161titnik Wave G1 i G2<\/li>\n<li>  Reflektiraju\u0107i umetci<\/li>\n<\/ul>\n<p>GLAVNI MATERIJALI<\/p>\n<p> D-Synth 350 tkanina<\/p>\n<p>ZA\u0160TITA<\/p>\n<p> Uklonjivi kompozitni \u0161titnici certificirani prema EN 1621.1<\/p>\n<p> OP\u0106E TEHNI\u010cKE ZNA\u010cAJKE<\/p>\n<p> Mikromre\u017easte plo\u010de za bolji protok zraka<\/p>\n<\/p>\n<p>Sastav sirovine: 100% poliester<\/p>\n","protected":false},"excerpt":{"rendered":"<p>\u017denska motociklisti\u010dka jakna izra\u0111ena od tkanine s uklonjivom termo podstavom i kompozitnim \u0161titnicima na ramenima i&#8230;<\/p>\n","protected":false},"featured_media":16763,"comment_status":"open","ping_status":"open","template":"","meta":{"_acf_changed":false},"brand":[2800],"gender":[1314],"product_brand":[],"product_cat":[2759,1356,2761],"product_tag":[],"class_list":{"0":"post-147700","1":"product","2":"type-product","3":"status-publish","4":"has-post-thumbnail","6":"brand-dainese-hr","7":"gender-zenska","8":"product_cat-jakne-hr","9":"product_cat-motociklisticka-oprema","10":"product_cat-tekstilne-jakne-hr","11":"pa_size-40-hr","12":"pa_size-42-hr","13":"pa_size-44-hr","14":"pa_size-46-hr","15":"pa_size-48-hr","16":"pa_size-50-hr","17":"pa_size-52-hr","19":"first","20":"onbackorder","21":"taxable","22":"shipping-taxable","23":"purchasable","24":"product-type-variable"},"acf":[],"_links":{"self":[{"href":"https:\/\/moto-oprema.com\/hr\/wp-json\/wp\/v2\/product\/147700","targetHints":{"allow":["GET"]}}],"collection":[{"href":"https:\/\/moto-oprema.com\/hr\/wp-json\/wp\/v2\/product"}],"about":[{"href":"https:\/\/moto-oprema.com\/hr\/wp-json\/wp\/v2\/types\/product"}],"replies":[{"embeddable":true,"href":"https:\/\/moto-oprema.com\/hr\/wp-json\/wp\/v2\/comments?post=147700"}],"wp:featuredmedia":[{"embeddable":true,"href":"https:\/\/moto-oprema.com\/hr\/wp-json\/wp\/v2\/media\/16763"}],"wp:attachment":[{"href":"https:\/\/moto-oprema.com\/hr\/wp-json\/wp\/v2\/media?parent=147700"}],"wp:term":[{"taxonomy":"brand","embeddable":true,"href":"https:\/\/moto-oprema.com\/hr\/wp-json\/wp\/v2\/brand?post=147700"},{"taxonomy":"gender","embeddable":true,"href":"https:\/\/moto-oprema.com\/hr\/wp-json\/wp\/v2\/gender?post=147700"},{"taxonomy":"product_brand","embeddable":true,"href":"https:\/\/moto-oprema.com\/hr\/wp-json\/wp\/v2\/product_brand?post=147700"},{"taxonomy":"product_cat","embeddable":true,"href":"https:\/\/moto-oprema.com\/hr\/wp-json\/wp\/v2\/product_cat?post=147700"},{"taxonomy":"product_tag","embeddable":true,"href":"https:\/\/moto-oprema.com\/hr\/wp-json\/wp\/v2\/product_tag?post=147700"}],"curies":[{"name":"wp","href":"https:\/\/api.w.org\/{rel}","templated":true}]}}