{"id":147691,"date":"2022-02-03T09:18:54","date_gmt":"2022-02-03T09:18:54","guid":{"rendered":"https:\/\/moto-oprema.com\/Artikel\/dainese-laguna-seca-5-1kom-perf-s-t-crno-bijelo\/"},"modified":"2022-02-03T09:18:54","modified_gmt":"2022-02-03T09:18:54","slug":"dainese-laguna-seca-5-1kom-perf-s-t-crno-bijelo","status":"publish","type":"product","link":"https:\/\/moto-oprema.com\/hr\/Artikel\/dainese-laguna-seca-5-1kom-perf-s-t-crno-bijelo\/","title":{"rendered":"DAINESE LAGUNA SECA 5 1KOM PERF S\/T CRNO BIJELO"},"content":{"rendered":"<p>Dainse Laguna Seca 5 je tehnolo\u0161ka nadogradnja trka\u0107e legende koja se osje\u0107a kao kod ku\u0107e i na cesti i na stazi. Izra\u0111ena od izdr\u017eljive Tutu kravlje ko\u017ee. Stra\u017enja grba je aerodinami\u010dna i ima mjesta za hidratacijski sustav (prodaje se zasebno). Udobnost je osigurana kori\u0161tenjem Microelastic 2.0 i Triaxial tehnologije. \u0160titnici su najnovije generacije i isti su kao oni koje koriste voza\u010di u MotoGP prvenstvu.    <\/p>\n<\/p>\n<p>Za\u0161tita:<\/p>\n<ul>\n<li>Kompozitni \u0161titnici certificirani prema EN 1621.1 razini 2 kao standard na laktovima<\/li>\n<li>Kompozitni \u0161titnici certificirani prema EN 1621.1 razini 2 kao standard na koljenima<\/li>\n<li>Be\u0161avni aluminijski rameni paneli<\/li>\n<li>Be\u0161avne titanske plo\u010de na laktovima<\/li>\n<li>Mekani \u0161titnici certificirani prema standardu EN 1621.1 razine 2 na bokovima<\/li>\n<li>Mekani \u0161titnici certificirani prema standardu EN 1621.1 razine 2 na ramenima<\/li>\n<li>CE &#8211; kat. II &#8211; Direktiva 89\/686\/EEZ <\/li>\n<\/ul>\n<p>Ergonomija i udobnost:<\/p>\n<ul>\n<li>Titan<\/li>\n<li>Aluminij<\/li>\n<li>S1 bielasti\u010dna tkanina<\/li>\n<li>Tutu kravlja ko\u017ea<\/li>\n<li>Aerodinami\u010dni spojler<\/li>\n<li>Ovratnik s elasti\u010dnim umetcima<\/li>\n<li>Elasti\u010dni umetci<\/li>\n<li>Umetci od likre na unutarnjoj podlozi za ve\u0107u udobnost<\/li>\n<li>Mikroelasti\u010dno 2.0<\/li>\n<li>Uklonjiva NanoFeel podloga<\/li>\n<\/ul>\n<p>Sastav sirovine: Tutu kravlja ko\u017ea, S1 dvoelasti\u010dna tkanina, Lycra<\/p>\n","protected":false},"excerpt":{"rendered":"<p>Dainese Laguna Seca 5 jednodijelno odijelo, skra\u0107eni ili produ\u017eeni model. Prije narud\u017ebe provjerite zalihe pozivom na&#8230;<\/p>\n","protected":false},"featured_media":16670,"comment_status":"open","ping_status":"open","template":"","meta":{"_acf_changed":false},"brand":[2800],"gender":[],"product_brand":[],"product_cat":[2879,1356],"product_tag":[],"class_list":{"0":"post-147691","1":"product","2":"type-product","3":"status-publish","4":"has-post-thumbnail","6":"brand-dainese-hr","7":"product_cat-jednodijelni-kombinezoni","8":"product_cat-motociklisticka-oprema","9":"pa_size-104-hr","10":"pa_size-110-hr","11":"pa_size-116-hr","12":"pa_size-128-hr","13":"pa_size-24-hr","14":"pa_size-25-hr","15":"pa_size-26-hr","16":"pa_size-27-hr","17":"pa_size-28-hr","18":"pa_size-29-hr","19":"pa_size-30-hr","20":"pa_size-98-hr","21":"pa_size-xxl-hr","23":"first","24":"onbackorder","25":"sale","26":"taxable","27":"shipping-taxable","28":"purchasable","29":"product-type-variable"},"acf":[],"_links":{"self":[{"href":"https:\/\/moto-oprema.com\/hr\/wp-json\/wp\/v2\/product\/147691","targetHints":{"allow":["GET"]}}],"collection":[{"href":"https:\/\/moto-oprema.com\/hr\/wp-json\/wp\/v2\/product"}],"about":[{"href":"https:\/\/moto-oprema.com\/hr\/wp-json\/wp\/v2\/types\/product"}],"replies":[{"embeddable":true,"href":"https:\/\/moto-oprema.com\/hr\/wp-json\/wp\/v2\/comments?post=147691"}],"wp:featuredmedia":[{"embeddable":true,"href":"https:\/\/moto-oprema.com\/hr\/wp-json\/wp\/v2\/media\/16670"}],"wp:attachment":[{"href":"https:\/\/moto-oprema.com\/hr\/wp-json\/wp\/v2\/media?parent=147691"}],"wp:term":[{"taxonomy":"brand","embeddable":true,"href":"https:\/\/moto-oprema.com\/hr\/wp-json\/wp\/v2\/brand?post=147691"},{"taxonomy":"gender","embeddable":true,"href":"https:\/\/moto-oprema.com\/hr\/wp-json\/wp\/v2\/gender?post=147691"},{"taxonomy":"product_brand","embeddable":true,"href":"https:\/\/moto-oprema.com\/hr\/wp-json\/wp\/v2\/product_brand?post=147691"},{"taxonomy":"product_cat","embeddable":true,"href":"https:\/\/moto-oprema.com\/hr\/wp-json\/wp\/v2\/product_cat?post=147691"},{"taxonomy":"product_tag","embeddable":true,"href":"https:\/\/moto-oprema.com\/hr\/wp-json\/wp\/v2\/product_tag?post=147691"}],"curies":[{"name":"wp","href":"https:\/\/api.w.org\/{rel}","templated":true}]}}