{"id":147673,"date":"2022-01-31T11:53:17","date_gmt":"2022-01-31T11:53:17","guid":{"rendered":"https:\/\/moto-oprema.com\/Artikel\/alpinestars-sp-8-hdry-rukavice-crne\/"},"modified":"2022-01-31T11:53:17","modified_gmt":"2022-01-31T11:53:17","slug":"alpinestars-sp-8-hdry-rukavice-crne","status":"publish","type":"product","link":"https:\/\/moto-oprema.com\/hr\/Artikel\/alpinestars-sp-8-hdry-rukavice-crne\/","title":{"rendered":"ALPINESTARS SP-8 HDRY RUKAVICE CRNE"},"content":{"rendered":"<p>Alpinestars SP-8 HDry\u00ae rukavica je potpuno vodootporna i prozra\u010dna sportska rukavica za jahanje, proizvedena kori\u0161tenjem napredne HDry\u00ae tehnologije laminacije membrane kako bi se stvorila vodootporna rukavica. Temeljena na legendarnoj Alpinestars SP-8 rukavici, ova rukavica je izra\u0111ena od kombinacije kozje ko\u017ee i sinteti\u010dke ko\u017ee za laganu te\u017einu i performanse. Opremljena dvostrukom gusto\u0107om SP za\u0161tite zglobova, dvostrukim sustavom zatvaranja i vi\u0161eslojnim oja\u010danjima s harmonika i rastezljivim zonama, ova vodootporna rukavica nudi u\u010dinkovite performanse u svim vremenskim uvjetima.<\/p>\n","protected":false},"excerpt":{"rendered":"<p>Alpinestars SP-8 HDry\u00ae rukavica je potpuno vodootporna i prozra\u010dna sportska rukavica za jahanje, proizvedena kori\u0161tenjem napredne&#8230;<\/p>\n","protected":false},"featured_media":16667,"comment_status":"open","ping_status":"open","template":"","meta":{"_acf_changed":false},"brand":[2748],"gender":[],"product_brand":[],"product_cat":[2835,1356,2816],"product_tag":[],"class_list":{"0":"post-147673","1":"product","2":"type-product","3":"status-publish","4":"has-post-thumbnail","6":"brand-alpinestars-hr","7":"product_cat-kozne-rukavice","8":"product_cat-motociklisticka-oprema","9":"product_cat-rukavice","10":"pa_size-l-hr","11":"pa_size-m-hr","12":"pa_size-s-hr","13":"pa_size-xl-hr","14":"pa_size-xxl-hr","15":"pa_size-xxxl-hr","17":"first","18":"instock","19":"sale","20":"taxable","21":"shipping-taxable","22":"purchasable","23":"product-type-variable"},"acf":[],"_links":{"self":[{"href":"https:\/\/moto-oprema.com\/hr\/wp-json\/wp\/v2\/product\/147673","targetHints":{"allow":["GET"]}}],"collection":[{"href":"https:\/\/moto-oprema.com\/hr\/wp-json\/wp\/v2\/product"}],"about":[{"href":"https:\/\/moto-oprema.com\/hr\/wp-json\/wp\/v2\/types\/product"}],"replies":[{"embeddable":true,"href":"https:\/\/moto-oprema.com\/hr\/wp-json\/wp\/v2\/comments?post=147673"}],"wp:featuredmedia":[{"embeddable":true,"href":"https:\/\/moto-oprema.com\/hr\/wp-json\/wp\/v2\/media\/16667"}],"wp:attachment":[{"href":"https:\/\/moto-oprema.com\/hr\/wp-json\/wp\/v2\/media?parent=147673"}],"wp:term":[{"taxonomy":"brand","embeddable":true,"href":"https:\/\/moto-oprema.com\/hr\/wp-json\/wp\/v2\/brand?post=147673"},{"taxonomy":"gender","embeddable":true,"href":"https:\/\/moto-oprema.com\/hr\/wp-json\/wp\/v2\/gender?post=147673"},{"taxonomy":"product_brand","embeddable":true,"href":"https:\/\/moto-oprema.com\/hr\/wp-json\/wp\/v2\/product_brand?post=147673"},{"taxonomy":"product_cat","embeddable":true,"href":"https:\/\/moto-oprema.com\/hr\/wp-json\/wp\/v2\/product_cat?post=147673"},{"taxonomy":"product_tag","embeddable":true,"href":"https:\/\/moto-oprema.com\/hr\/wp-json\/wp\/v2\/product_tag?post=147673"}],"curies":[{"name":"wp","href":"https:\/\/api.w.org\/{rel}","templated":true}]}}