{"id":147581,"date":"2022-01-25T10:20:21","date_gmt":"2022-01-25T10:20:21","guid":{"rendered":"https:\/\/moto-oprema.com\/Artikel\/alpinestars-missile-v2-2-dijelni-kombinezon-bw\/"},"modified":"2022-01-25T10:20:21","modified_gmt":"2022-01-25T10:20:21","slug":"alpinestars-missile-v2-2-dijelni-kombinezon-bw","status":"publish","type":"product","link":"https:\/\/moto-oprema.com\/hr\/Artikel\/alpinestars-missile-v2-2-dijelni-kombinezon-bw\/","title":{"rendered":"ALPINESTARS MISSILE V2 2-DIJELNI KOMBINEZON BW"},"content":{"rendered":"<p>Alpinestars Missile V2 dvodijelno ko\u017eno odijelo za motocikle<\/p>\n<div class=\"dePhmb\">\n<div class=\"eyKpYb\">\n<div class=\"J0lOec\"><span class=\"VIiyi\" xml_lang=\"sl\" lang=\"sl\"><span class=\"JLqJ4b\"><span>Dvodijelno ko\u017eno trka\u0107e odijelo Missile v2 nudi optimalnu otpornost na habanje i istovremeno visoku razinu aktivne za\u0161tite u utrkama; Ovo odijelo je kompatibilno s Tech-Air\u00ae tehnologijom i mo\u017ee primiti sustav zra\u010dnih jastuka Tech-Air\u00ae 10, zajedno s produ\u017eenom za\u0161titom kukova.<\/span><\/span><\/span><\/div>\n<\/div>\n<\/div>\n<p>Zna\u010dajke:<\/p>\n<p><span class=\"VIiyi\" xml_lang=\"sl\" lang=\"sl\"><span class=\"JLqJ4b\"><span>Dizajnirano za pru\u017eanje najvi\u0161e razine aktivne za\u0161tite u utrkama, odijelo je kompatibilno s Tech-Air\u00ae-om i mo\u017ee primiti Tech-Air\u00ae 10 sustav zra\u010dnih jastuka s pro\u0161irenom za\u0161titom kukova ili Tech-Air\u00ae 5 set zra\u010dnih jastuka. S novim algoritmom za utrke dostupnim za preuzimanje. DFS \u0161titnici za ramena, laktove i koljena pru\u017eaju optimalnu za\u0161titu od udaraca i abrazije te nude iznimnu kontrolu trenja. HRSF poliamidni rastezljivi umeci za optimalnu otpornost na abraziju uz istovremeno pove\u0107anu slobodu kretanja. Prilago\u0111eno za utrke &#8211; visoko artikulirano tijelo, ruke i koljena za pobolj\u0161ane performanse. Visokokvalitetna kravlja ko\u017ea s dva sloja u podru\u010dju sjedala za bolju otpornost na abraziju. DFS \u0161titnici pru\u017eaju optimalnu otpornost na udarce i abraziju te nude iznimnu kontrolu trenja. Unutarnja za\u0161tita Race spec GP-R je mekana i nudi pro\u0161irenu pokrivenost za dodatnu za\u0161titu na klju\u010dnim podru\u010djima. Bio-Flex \u0161titnici za kukove za optimalnu otpornost na udarce. Sustav spajanja na kop\u010danje omogu\u0107uje ugradnju Nucleon Race \u0161titnika za le\u0111a. Podru\u010dje prsa mo\u017ee primiti Nucleon umetke za prsa (dostupni kao dodatak za naknadnu ugradnju). Uklonjiva udobna podstava s patentnim zatvara\u010dem i Polygiene BiostaticTM Stays Fresh tehnologija za jednostavno kori\u0161tenje.           <\/span><\/span><\/span><\/p>\n<p>Sastav sirovine: <span class=\"VIiyi\" xml_lang=\"sl\" lang=\"sl\"><span class=\"JLqJ4b\"><span>43% gove\u0111a ko\u017ea, 36% bivolja ko\u017ea, 21% poliamid<br \/><\/span><\/span><\/span><\/p>\n","protected":false},"excerpt":{"rendered":"<p>Boja: Crno &#8211; Bijela<\/p>\n","protected":false},"featured_media":147590,"comment_status":"open","ping_status":"closed","template":"","meta":{"_acf_changed":false},"brand":[2748],"gender":[],"product_brand":[],"product_cat":[2858,2859,1356],"product_tag":[],"class_list":{"0":"post-147581","1":"product","2":"type-product","3":"status-publish","4":"has-post-thumbnail","6":"brand-alpinestars-hr","7":"product_cat-dvodijelni-kombinezoni","8":"product_cat-kombinezoni-hr","9":"product_cat-motociklisticka-oprema","10":"pa_size-46-hr","11":"pa_size-48-hr","12":"pa_size-50-hr","13":"pa_size-52-hr","14":"pa_size-54-hr","15":"pa_size-56-hr","16":"pa_size-58-hr","17":"pa_size-60-hr","19":"first","20":"instock","21":"sale","22":"taxable","23":"shipping-taxable","24":"purchasable","25":"product-type-variable"},"acf":[],"_links":{"self":[{"href":"https:\/\/moto-oprema.com\/hr\/wp-json\/wp\/v2\/product\/147581","targetHints":{"allow":["GET"]}}],"collection":[{"href":"https:\/\/moto-oprema.com\/hr\/wp-json\/wp\/v2\/product"}],"about":[{"href":"https:\/\/moto-oprema.com\/hr\/wp-json\/wp\/v2\/types\/product"}],"replies":[{"embeddable":true,"href":"https:\/\/moto-oprema.com\/hr\/wp-json\/wp\/v2\/comments?post=147581"}],"wp:featuredmedia":[{"embeddable":true,"href":"https:\/\/moto-oprema.com\/hr\/wp-json\/wp\/v2\/media\/147590"}],"wp:attachment":[{"href":"https:\/\/moto-oprema.com\/hr\/wp-json\/wp\/v2\/media?parent=147581"}],"wp:term":[{"taxonomy":"brand","embeddable":true,"href":"https:\/\/moto-oprema.com\/hr\/wp-json\/wp\/v2\/brand?post=147581"},{"taxonomy":"gender","embeddable":true,"href":"https:\/\/moto-oprema.com\/hr\/wp-json\/wp\/v2\/gender?post=147581"},{"taxonomy":"product_brand","embeddable":true,"href":"https:\/\/moto-oprema.com\/hr\/wp-json\/wp\/v2\/product_brand?post=147581"},{"taxonomy":"product_cat","embeddable":true,"href":"https:\/\/moto-oprema.com\/hr\/wp-json\/wp\/v2\/product_cat?post=147581"},{"taxonomy":"product_tag","embeddable":true,"href":"https:\/\/moto-oprema.com\/hr\/wp-json\/wp\/v2\/product_tag?post=147581"}],"curies":[{"name":"wp","href":"https:\/\/api.w.org\/{rel}","templated":true}]}}