{"id":147478,"date":"2022-01-19T11:29:24","date_gmt":"2022-01-19T11:29:24","guid":{"rendered":"https:\/\/moto-oprema.com\/Artikel\/leatt-mtb-dres-all-mountain-5-0-crni\/"},"modified":"2022-01-19T11:29:24","modified_gmt":"2022-01-19T11:29:24","slug":"leatt-mtb-dres-all-mountain-5-0-crni","status":"publish","type":"product","link":"https:\/\/moto-oprema.com\/hr\/Artikel\/leatt-mtb-dres-all-mountain-5-0-crni\/","title":{"rendered":"LEATT MTB DRES ALL MOUNTAIN 5.0 CRNI"},"content":{"rendered":"<p>Idealan dres za hladnije vremenske uvjete. Prednji dio, rukavi i stranice izra\u0111eni su od vjetrootpornog i prozra\u010dnog WindBlock materijala. Na stra\u017enjoj strani, zra\u010dni mre\u017easti materijal osigurava optimalnu ventilaciju. Laktovi i ramena oja\u010dani su Brush Guardom, a \u0161avovi na rubu i struku su zavareni. Dres All Mountain 5.0 kompatibilan je sa za\u0161titnim jaknama i ovratnikom ove ko\u0161ulje s ovratnikom. Tako\u0111er ima silikonske trake na rubu, reflektiraju\u0107e detalje na stra\u017enjoj strani i dva bo\u010dna d\u017eepa.     <\/p>\n<p>Materijal je izra\u0111en od 100% poliestera.<\/p>\n","protected":false},"excerpt":{"rendered":"<p>Idealan dres za hladnije vremenske uvjete. Prednji dio, rukavi i stranice izra\u0111eni su od vjetrootpornog i&#8230;<\/p>\n","protected":false},"featured_media":16410,"comment_status":"open","ping_status":"closed","template":"","meta":{"_acf_changed":false},"brand":[2744],"gender":[],"product_brand":[],"product_cat":[2740,3033],"product_tag":[],"class_list":{"0":"post-147478","1":"product","2":"type-product","3":"status-publish","4":"has-post-thumbnail","6":"brand-leatt-hr","7":"product_cat-mtb-biciklisticka-oprema","8":"product_cat-mtb-dresovi","9":"pa_size-l-hr","10":"pa_size-m-hr","11":"pa_size-s-hr","12":"pa_size-xl-hr","13":"pa_size-xxl-hr","15":"first","16":"outofstock","17":"taxable","18":"shipping-taxable","19":"purchasable","20":"product-type-variable"},"acf":[],"_links":{"self":[{"href":"https:\/\/moto-oprema.com\/hr\/wp-json\/wp\/v2\/product\/147478","targetHints":{"allow":["GET"]}}],"collection":[{"href":"https:\/\/moto-oprema.com\/hr\/wp-json\/wp\/v2\/product"}],"about":[{"href":"https:\/\/moto-oprema.com\/hr\/wp-json\/wp\/v2\/types\/product"}],"replies":[{"embeddable":true,"href":"https:\/\/moto-oprema.com\/hr\/wp-json\/wp\/v2\/comments?post=147478"}],"wp:featuredmedia":[{"embeddable":true,"href":"https:\/\/moto-oprema.com\/hr\/wp-json\/wp\/v2\/media\/16410"}],"wp:attachment":[{"href":"https:\/\/moto-oprema.com\/hr\/wp-json\/wp\/v2\/media?parent=147478"}],"wp:term":[{"taxonomy":"brand","embeddable":true,"href":"https:\/\/moto-oprema.com\/hr\/wp-json\/wp\/v2\/brand?post=147478"},{"taxonomy":"gender","embeddable":true,"href":"https:\/\/moto-oprema.com\/hr\/wp-json\/wp\/v2\/gender?post=147478"},{"taxonomy":"product_brand","embeddable":true,"href":"https:\/\/moto-oprema.com\/hr\/wp-json\/wp\/v2\/product_brand?post=147478"},{"taxonomy":"product_cat","embeddable":true,"href":"https:\/\/moto-oprema.com\/hr\/wp-json\/wp\/v2\/product_cat?post=147478"},{"taxonomy":"product_tag","embeddable":true,"href":"https:\/\/moto-oprema.com\/hr\/wp-json\/wp\/v2\/product_tag?post=147478"}],"curies":[{"name":"wp","href":"https:\/\/api.w.org\/{rel}","templated":true}]}}