{"id":147472,"date":"2022-01-19T12:19:38","date_gmt":"2022-01-19T12:19:38","guid":{"rendered":"https:\/\/moto-oprema.com\/Artikel\/leatt-all-montain-2-0-dune-mtb-jakna\/"},"modified":"2022-01-19T12:19:38","modified_gmt":"2022-01-19T12:19:38","slug":"leatt-all-montain-2-0-dune-mtb-jakna","status":"publish","type":"product","link":"https:\/\/moto-oprema.com\/hr\/Artikel\/leatt-all-montain-2-0-dune-mtb-jakna\/","title":{"rendered":"LEATT ALL MONTAIN 2.0 DUNE MTB JAKNA"},"content":{"rendered":"<p>Lagana jakna rastezljiva u 4 smjera idealna je za gotovo sve uvjete vo\u017enje i sprema se u vlastiti d\u017eep na prsima za minimalisti\u010dku pohranu. Ova jakna je nadogra\u0111ena s dva nova d\u017eepa za grija\u010de ruku na bokovima. Zna\u010dajke tako\u0111er uklju\u010duju potpuno novi dizajn kapulja\u010de. Ride Adaptive Hood (RAhD) s visokim ovratnikom mo\u017ee se nositi na \u010detiri razli\u010dita na\u010dina, nude\u0107i potpunu pokrivenost za sve vremenske uvjete. Jedinstveni ClimbVent sustav osigurava optimalnu ventilaciju kada je jakna otvorena i oja\u010dan je materijalom na laktovima i ramenima. Izra\u0111ena od lagane, vodoodbojne (5000 mm) i prozra\u010dne (5000 mm) tkanine, Leatt All-Mountain 2.0 jakna ima patentirani magnetski sustav kapulja\u010de koji pri\u010dvr\u0161\u0107uje kapulja\u010du na kacigu ili le\u0111a.     <\/p>\n<p>Sastav sirovine: 100% poliester<\/p>\n","protected":false},"excerpt":{"rendered":"<p>Lagana jakna rastezljiva u 4 smjera idealna je za gotovo sve uvjete vo\u017enje i sprema se&#8230;<\/p>\n","protected":false},"featured_media":16459,"comment_status":"open","ping_status":"open","template":"","meta":{"_acf_changed":false},"brand":[2744],"gender":[],"product_brand":[],"product_cat":[2740,3292],"product_tag":[],"class_list":{"0":"post-147472","1":"product","2":"type-product","3":"status-publish","4":"has-post-thumbnail","6":"brand-leatt-hr","7":"product_cat-mtb-biciklisticka-oprema","8":"product_cat-mtb-jakne-hr","9":"pa_size-l-hr","10":"pa_size-m-hr","11":"pa_size-s-hr","12":"pa_size-xl-hr","14":"first","15":"outofstock","16":"taxable","17":"shipping-taxable","18":"purchasable","19":"product-type-variable"},"acf":[],"_links":{"self":[{"href":"https:\/\/moto-oprema.com\/hr\/wp-json\/wp\/v2\/product\/147472","targetHints":{"allow":["GET"]}}],"collection":[{"href":"https:\/\/moto-oprema.com\/hr\/wp-json\/wp\/v2\/product"}],"about":[{"href":"https:\/\/moto-oprema.com\/hr\/wp-json\/wp\/v2\/types\/product"}],"replies":[{"embeddable":true,"href":"https:\/\/moto-oprema.com\/hr\/wp-json\/wp\/v2\/comments?post=147472"}],"wp:featuredmedia":[{"embeddable":true,"href":"https:\/\/moto-oprema.com\/hr\/wp-json\/wp\/v2\/media\/16459"}],"wp:attachment":[{"href":"https:\/\/moto-oprema.com\/hr\/wp-json\/wp\/v2\/media?parent=147472"}],"wp:term":[{"taxonomy":"brand","embeddable":true,"href":"https:\/\/moto-oprema.com\/hr\/wp-json\/wp\/v2\/brand?post=147472"},{"taxonomy":"gender","embeddable":true,"href":"https:\/\/moto-oprema.com\/hr\/wp-json\/wp\/v2\/gender?post=147472"},{"taxonomy":"product_brand","embeddable":true,"href":"https:\/\/moto-oprema.com\/hr\/wp-json\/wp\/v2\/product_brand?post=147472"},{"taxonomy":"product_cat","embeddable":true,"href":"https:\/\/moto-oprema.com\/hr\/wp-json\/wp\/v2\/product_cat?post=147472"},{"taxonomy":"product_tag","embeddable":true,"href":"https:\/\/moto-oprema.com\/hr\/wp-json\/wp\/v2\/product_tag?post=147472"}],"curies":[{"name":"wp","href":"https:\/\/api.w.org\/{rel}","templated":true}]}}