{"id":147443,"date":"2022-01-19T10:12:08","date_gmt":"2022-01-19T10:12:08","guid":{"rendered":"https:\/\/moto-oprema.com\/Artikel\/dainese-avro-4-2-dijelni-drzac-crno-crno-bijelo\/"},"modified":"2022-01-19T10:12:08","modified_gmt":"2022-01-19T10:12:08","slug":"dainese-avro-4-2-dijelni-drzac-crno-crno-bijelo","status":"publish","type":"product","link":"https:\/\/moto-oprema.com\/hr\/Artikel\/dainese-avro-4-2-dijelni-drzac-crno-crno-bijelo\/","title":{"rendered":"DAINESE AVRO 4 2-DIJELNI DR\u017dA\u010c CRNO\/CRNO\/BIJELO"},"content":{"rendered":"<p><span style=\"font-family: arial, helvetica, sans-serif; font-size: small;\"><span id=\"result_box\" lang=\"sl\"><b>Dainese Avro 4<\/b> dvodijelno odijelo<\/span><\/span><span style=\"font-family: arial, helvetica, sans-serif; font-size: small;\"><span lang=\"sl\"><span class=\"hps\"><b><br \/>\n<\/b><\/span><\/span><\/span><i><span style=\"font-family: arial, helvetica, sans-serif; font-size: small;\"><br \/>\n<\/span><\/i><\/p>\n<div id=\"tab-product-description\" class=\"ui-tabs-panel ui-widget-content ui-corner-bottom\">\n<div class=\"description\">Dainese Avro 4 dvodijelno motociklisti\u010dko odijelo izra\u0111eno od fine tutu kravlje ko\u017ee, sastoji se od jakne i hla\u010da spojenih udobnim i izdr\u017eljivim patentnim zatvara\u010dem oko cijelog struka. Optimizirano za vo\u017enju po cesti, pogodno za sve vrste terena. Za maksimalnu za\u0161titu predvi\u0111eni su \u0161titnici od kompozitnih materijala na koljenima, laktovima i ramenima te mekani Pro-Shape 2.0 \u0161titnici na bokovima, koji se mogu dodatno pro\u0161iriti unutarnjim d\u017eepovima za umetanje \u0161titnika na prsima.  <\/div>\n<div class=\"description\">Avro 4 opremljen je uklonjivim i zamjenjivim kliza\u010dima za koljena i zamjenjivim aluminijskim plo\u010dama za ramena: posebna Dainese tehnologija koja podr\u017eava i poti\u010de klizanje u slu\u010daju pada, \u010dime se sprje\u010davaju opasna prevrtanja zbog prianjanja na asfalt. Grba na ramenima i vratu ima aerodinami\u010dku funkciju. Za dodatnu udobnost tijekom vo\u017enje, dvodijelno odijelo Avro 4 ima \u0161iroke umetke od rastezljive tkanine S1 na unutarnjoj strani ruku, na stra\u017enjici i stra\u017enjoj strani nogu, te umetke od Microelastic 2.0 ko\u017ee na le\u0111ima i rukama, koji pove\u0107avaju slobodu kretanja uz za\u0161titu od trenja, kao i podesive ventilacijske otvore s patentnim zatvara\u010dem na prsima. Aerodinamika i stabilnost \u010dizme mogu se pove\u0107ati patentiranom konstrukcijom dvostrukog patentnog zatvara\u010da na rubu noge, koja pro\u0161iruje donji dio i omogu\u0107uje u\u010dvr\u0161\u0107ivanje IN \u010dizme s unutarnje strane zahvaljuju\u0107i \u010di\u010dku.<br \/>\n<i><\/i><\/div>\n<div class=\"description\"><\/div>\n<div class=\"description\">\n<ul id=\"pdp-tabs-information\" class=\"pdp-tabs\">\n<li class=\"tab\">\n<div id=\"material-and-care\" class=\"technical-specifications active\">\n<div class=\"content-material-and-care\">\n<div class=\"tabs-informations\">\n<div class=\"product-info\" style=\"border-top: 1px solid #e0dcdc;\">\n<div class=\"title-info\">\n<h3>KARAKTERISTIKE<\/h3>\n<\/div>\n<div class=\"information-product\">\n<div class=\"row missing-icon\">\n<div class=\"col-sm-10 col-xs-9 vertical-aligned\">\n<p>Konstrukcija tele\u0107eg dijela s 2 patentna zatvara\u010da i sustavom uvla\u010denja \u010dizama<\/p>\n<\/div>\n<\/div>\n<div class=\"row missing-icon\">\n<div class=\"col-sm-10 col-xs-9 vertical-aligned\">\n<p>Izmjenjivi kliza\u010di za koljena<\/p>\n<\/div>\n<\/div>\n<div class=\"row missing-icon\">\n<div class=\"col-sm-10 col-xs-9 vertical-aligned\">\n<p>D\u017eepovi za dvostruki \u0161titnik za prsa<\/p>\n<\/div>\n<\/div>\n<div class=\"row missing-icon\">\n<div class=\"col-sm-10 col-xs-9 vertical-aligned\">\n<p>Reflektiraju\u0107i umetci<\/p>\n<\/div>\n<\/div>\n<\/div>\n<\/div>\n<div class=\"product-info\">\n<div class=\"title-info\">\n<h3>ERGONOMIJA<\/h3>\n<\/div>\n<div class=\"information-product\">\n<div class=\"row missing-icon\">\n<div class=\"col-sm-10 col-xs-9 vertical-aligned\">\n<p>Aerodinami\u010dka grba<\/p>\n<\/div>\n<\/div>\n<div class=\"row missing-icon\">\n<div class=\"col-sm-10 col-xs-9 vertical-aligned\">\n<p>Elasti\u010dni umetci<\/p>\n<\/div>\n<\/div>\n<div class=\"row missing-icon\">\n<div class=\"col-sm-10 col-xs-9 vertical-aligned\">\n<p>Mikroelasti\u010dno 2.0<\/p>\n<\/div>\n<\/div>\n<\/div>\n<\/div>\n<div class=\"product-info\">\n<div class=\"title-info\">\n<h3>OP\u0106E TEHNI\u010cKE ZNA\u010cAJKE<\/h3>\n<\/div>\n<div class=\"information-product\">\n<div class=\"row missing-icon\">\n<div class=\"col-sm-10 col-xs-9 vertical-aligned\">\n<p>Elasti\u010dna konstrukcija vrata<\/p>\n<\/div>\n<\/div>\n<\/div>\n<\/div>\n<div class=\"product-info\">\n<div class=\"title-info\">\n<h3>GLAVNI MATERIJALI<\/h3>\n<\/div>\n<div class=\"information-product\">\n<div class=\"row missing-icon\">\n<div class=\"col-sm-10 col-xs-9 vertical-aligned\">\n<p>S1 bielasti\u010dna tkanina<\/p>\n<\/div>\n<\/div>\n<div class=\"row missing-icon\">\n<div class=\"col-sm-10 col-xs-9 vertical-aligned\">\n<p>Tutu kravlja ko\u017ea<\/p>\n<\/div>\n<\/div>\n<\/div>\n<\/div>\n<div class=\"product-info\" style=\"border-top: 1px solid #e0dcdc;\">\n<div class=\"title-info\">\n<h3>\u0160OK U PERFORMANSAMA<\/h3>\n<\/div>\n<div class=\"information-product\">\n<div class=\"row missing-icon\">\n<div class=\"col-sm-10 col-xs-9 vertical-aligned\">\n<p>Kompozitni \u0161titnici certificirani prema standardu EN 1621.1 na laktovima i ramenima<\/p>\n<\/div>\n<\/div>\n<div class=\"row missing-icon\">\n<div class=\"col-sm-10 col-xs-9 vertical-aligned\">\n<p>Kompozitni \u0161titnici za koljena certificirani prema standardu EN 1621.1<\/p>\n<\/div>\n<\/div>\n<div class=\"row missing-icon\">\n<div class=\"col-sm-10 col-xs-9 vertical-aligned\">\n<p>Pro-Shape 2.0: mekani \u0161titnici certificirani prema standardu EN 1621.1 na bokovima<\/p>\n<\/div>\n<\/div>\n<div class=\"row missing-icon\">\n<div class=\"col-sm-10 col-xs-9 vertical-aligned\">\n<p>Zamjenjiva aluminijska plo\u010da na ramenu (1876165 komplet za sportsko aluminijsko rame)<\/p>\n<\/div>\n<\/div>\n<\/div>\n<\/div>\n<div class=\"product-info\">\n<div class=\"title-info\">\n<h3>TEMPERATURE<\/h3>\n<\/div>\n<div class=\"information-product\">\n<div class=\"row missing-icon\">\n<div class=\"col-sm-10 col-xs-9 vertical-aligned\">\n<p>Otvori za zrak na prsima<\/p>\n<\/div>\n<\/div>\n<div class=\"row missing-icon\">\n<div class=\"col-sm-10 col-xs-9 vertical-aligned\">\n<p>Prozra\u010dna Nanofeel\u00ae podstava s tretmanom od srebrnih iona<\/p>\n<p> Sastav sirovine: izvana 100% ko\u017ea<\/p>\n<\/div>\n<\/div>\n<\/div>\n<\/div>\n<\/div>\n<\/div>\n<\/div>\n<\/li>\n<\/ul>\n<\/div>\n<div class=\"description\"><\/div>\n<div class=\"description\"><\/div>\n<\/div>\n","protected":false},"excerpt":{"rendered":"<p>Dainese Avro 4 dvodijelno odijelo<\/p>\n","protected":false},"featured_media":147445,"comment_status":"open","ping_status":"closed","template":"","meta":{"_acf_changed":false},"brand":[2800],"gender":[],"product_brand":[],"product_cat":[2858,1356],"product_tag":[],"class_list":{"0":"post-147443","1":"product","2":"type-product","3":"status-publish","4":"has-post-thumbnail","6":"brand-dainese-hr","7":"product_cat-dvodijelni-kombinezoni","8":"product_cat-motociklisticka-oprema","9":"pa_size-104-hr","10":"pa_size-110-hr","11":"pa_size-116-hr","12":"pa_size-128-hr","13":"pa_size-24-hr","14":"pa_size-25-hr","15":"pa_size-26-hr","16":"pa_size-27-hr","17":"pa_size-28-hr","18":"pa_size-29-hr","19":"pa_size-30-hr","20":"pa_size-98-hr","21":"pa_size-xxl-hr","23":"first","24":"instock","25":"sale","26":"taxable","27":"shipping-taxable","28":"purchasable","29":"product-type-variable"},"acf":[],"_links":{"self":[{"href":"https:\/\/moto-oprema.com\/hr\/wp-json\/wp\/v2\/product\/147443","targetHints":{"allow":["GET"]}}],"collection":[{"href":"https:\/\/moto-oprema.com\/hr\/wp-json\/wp\/v2\/product"}],"about":[{"href":"https:\/\/moto-oprema.com\/hr\/wp-json\/wp\/v2\/types\/product"}],"replies":[{"embeddable":true,"href":"https:\/\/moto-oprema.com\/hr\/wp-json\/wp\/v2\/comments?post=147443"}],"wp:featuredmedia":[{"embeddable":true,"href":"https:\/\/moto-oprema.com\/hr\/wp-json\/wp\/v2\/media\/147445"}],"wp:attachment":[{"href":"https:\/\/moto-oprema.com\/hr\/wp-json\/wp\/v2\/media?parent=147443"}],"wp:term":[{"taxonomy":"brand","embeddable":true,"href":"https:\/\/moto-oprema.com\/hr\/wp-json\/wp\/v2\/brand?post=147443"},{"taxonomy":"gender","embeddable":true,"href":"https:\/\/moto-oprema.com\/hr\/wp-json\/wp\/v2\/gender?post=147443"},{"taxonomy":"product_brand","embeddable":true,"href":"https:\/\/moto-oprema.com\/hr\/wp-json\/wp\/v2\/product_brand?post=147443"},{"taxonomy":"product_cat","embeddable":true,"href":"https:\/\/moto-oprema.com\/hr\/wp-json\/wp\/v2\/product_cat?post=147443"},{"taxonomy":"product_tag","embeddable":true,"href":"https:\/\/moto-oprema.com\/hr\/wp-json\/wp\/v2\/product_tag?post=147443"}],"curies":[{"name":"wp","href":"https:\/\/api.w.org\/{rel}","templated":true}]}}