{"id":147392,"date":"2022-01-18T11:20:35","date_gmt":"2022-01-18T11:20:35","guid":{"rendered":"https:\/\/moto-oprema.com\/Artikel\/dainese-mig-3-unisex-rukavice-crne\/"},"modified":"2022-01-18T11:20:35","modified_gmt":"2022-01-18T11:20:35","slug":"dainese-mig-3-unisex-rukavice-crne","status":"publish","type":"product","link":"https:\/\/moto-oprema.com\/hr\/Artikel\/dainese-mig-3-unisex-rukavice-crne\/","title":{"rendered":"DAINESE MIG 3 UNISEX RUKAVICE CRNE"},"content":{"rendered":"<p>Rukavice Dainese MIG C2 dizajnirane su za voza\u010de koji vole voziti svoje motocikle tijekom vru\u0107ih ljetnih dana. Zahvaljuju\u0107i razli\u010ditim slojevima ko\u017ee i mre\u017eastim umetcima, ove sportske rukavice kombiniraju ventilaciju s performansama i otporno\u0161\u0107u. Zglobovi su dodatno za\u0161ti\u0107eni poliuretanskim \u0161titnikom. Rukavice imaju CE &#8211; Kategorija II &#8211; Pr-EN 13594\/2010 razina 1 certifikata.   <\/p>\n<p>Zna\u010dajke:<\/p>\n<div class=\"description\">\n<p style=\"margin-left:40px;\"><strong>Glavne tehni\u010dke zna\u010dajke<\/strong><\/p>\n<ul>\n<li>Poliuretanski umetci na zglobovima prstiju<\/li>\n<li>Ma\u010dka. II PrEN 13594\/2010 lev. 1<\/li>\n<\/ul>\n<p style=\"margin-left:40px;\"><strong>Udobnost Ergonomija<\/strong><\/p>\n<ul>\n<li>Zakrivljeni prsti<\/li>\n<li>Podesivi remen za man\u017eetu<\/li>\n<li>Udobna temperatura<\/li>\n<li>Umetci od mre\u017easte tkanine<\/li>\n<li>Meki umetci<\/li>\n<\/ul>\n<p style=\"margin-left:40px;\"><strong>Glavni materijali<\/strong><\/p>\n<ul>\n<li>Gove\u0111a ko\u017ea<\/li>\n<li>Oja\u010dani dlan sinteti\u010dkom antilopom<\/li>\n<\/ul>\n<\/div>\n<p>Sastav sirovine: 50% prava ko\u017ea, 40% najlon, 10% poliuretan<\/p>\n","protected":false},"excerpt":{"rendered":"<p>Dainese MIG 3 rukavice dizajnirane su za voza\u010de koji vole i\u0107i na motociklisti\u010dke izlete tijekom vru\u0107ih&#8230;<\/p>\n","protected":false},"featured_media":16354,"comment_status":"open","ping_status":"open","template":"","meta":{"_acf_changed":false},"brand":[2800],"gender":[],"product_brand":[],"product_cat":[2835,1356,2816],"product_tag":[],"class_list":{"0":"post-147392","1":"product","2":"type-product","3":"status-publish","4":"has-post-thumbnail","6":"brand-dainese-hr","7":"product_cat-kozne-rukavice","8":"product_cat-motociklisticka-oprema","9":"product_cat-rukavice","10":"pa_size-l-hr","11":"pa_size-m-hr","12":"pa_size-s-hr","13":"pa_size-xl-hr","14":"pa_size-xs-hr","15":"pa_size-xxl-hr","16":"pa_size-xxs-hr","17":"pa_size-xxxl-hr","18":"pa_size-xxxs-hr","20":"first","21":"onbackorder","22":"taxable","23":"shipping-taxable","24":"purchasable","25":"product-type-variable"},"acf":[],"_links":{"self":[{"href":"https:\/\/moto-oprema.com\/hr\/wp-json\/wp\/v2\/product\/147392","targetHints":{"allow":["GET"]}}],"collection":[{"href":"https:\/\/moto-oprema.com\/hr\/wp-json\/wp\/v2\/product"}],"about":[{"href":"https:\/\/moto-oprema.com\/hr\/wp-json\/wp\/v2\/types\/product"}],"replies":[{"embeddable":true,"href":"https:\/\/moto-oprema.com\/hr\/wp-json\/wp\/v2\/comments?post=147392"}],"wp:featuredmedia":[{"embeddable":true,"href":"https:\/\/moto-oprema.com\/hr\/wp-json\/wp\/v2\/media\/16354"}],"wp:attachment":[{"href":"https:\/\/moto-oprema.com\/hr\/wp-json\/wp\/v2\/media?parent=147392"}],"wp:term":[{"taxonomy":"brand","embeddable":true,"href":"https:\/\/moto-oprema.com\/hr\/wp-json\/wp\/v2\/brand?post=147392"},{"taxonomy":"gender","embeddable":true,"href":"https:\/\/moto-oprema.com\/hr\/wp-json\/wp\/v2\/gender?post=147392"},{"taxonomy":"product_brand","embeddable":true,"href":"https:\/\/moto-oprema.com\/hr\/wp-json\/wp\/v2\/product_brand?post=147392"},{"taxonomy":"product_cat","embeddable":true,"href":"https:\/\/moto-oprema.com\/hr\/wp-json\/wp\/v2\/product_cat?post=147392"},{"taxonomy":"product_tag","embeddable":true,"href":"https:\/\/moto-oprema.com\/hr\/wp-json\/wp\/v2\/product_tag?post=147392"}],"curies":[{"name":"wp","href":"https:\/\/api.w.org\/{rel}","templated":true}]}}