{"id":147344,"date":"2022-01-17T12:57:17","date_gmt":"2022-01-17T12:57:17","guid":{"rendered":"https:\/\/moto-oprema.com\/Artikel\/dainese-carbon-4-long-k-k\/"},"modified":"2022-01-17T12:57:17","modified_gmt":"2022-01-17T12:57:17","slug":"dainese-carbon-4-long-k-k","status":"publish","type":"product","link":"https:\/\/moto-oprema.com\/hr\/Artikel\/dainese-carbon-4-long-k-k\/","title":{"rendered":"DAINESE CARBON 4 LONG K\/K"},"content":{"rendered":"<p>Duge ko\u017ene sportske motociklisti\u010dke rukavice s DCP sustavom na malom prstu i karbonskim \u0161titnicima za zglobove.<\/p>\n<p>OPIS<\/p>\n<p>Dainese Carbon 4 duge motociklisti\u010dke rukavice su certificirane rukavice koje pru\u017eaju najvi\u0161u razinu za\u0161tite zahvaljuju\u0107i upotrebi tehni\u010dkih materijala inspiriranih natjecateljskom vo\u017enjom, poput konstrukcije od kozje ko\u017ee i ergonomskih karbonskih \u0161titnika za zglobove. Kao primjer najvi\u0161ih sigurnosnih standarda Dainesea, opremljene su DCP sustavom za za\u0161titu malog prsta, oja\u010danim rukavom i \u0161avovima za prste postavljenim s unutarnje strane za maksimalnu otpornost i udobnost. <\/p>\n<p>TEMPERATURA<\/p>\n<ul>\n<li>  Perforacija na unutarnjoj strani prsta<\/li>\n<\/ul>\n<p>ERGONOMIJA<\/p>\n<ul>\n<li>  Podesivi remen za man\u017eetu<\/li>\n<li>  Prije zakrivljeni prsti<\/li>\n<li>  Zatezni remen<\/li>\n<li>  Elasti\u010dni umetci<\/li>\n<\/ul>\n<p>GLAVNI MATERIJALI<\/p>\n<ul>\n<li>  Super mekani dlan izra\u0111en od obojene kozje ko\u017ee<\/li>\n<li>  Mikro ov\u010dja ko\u017ea<\/li>\n<li>  Oja\u010danje od kozje ko\u017ee izme\u0111u palca, ka\u017eiprsta i dlana<\/li>\n<\/ul>\n<p>ZA\u0160TITA<\/p>\n<ul>\n<li>  Umetci od karbonskih vlakana na zglobovima prstiju<\/li>\n<li>  DCP sustav na malom prstu<\/li>\n<li>  S jedne ko\u017ene plo\u010de sa strane ruke<\/li>\n<li>  Poliuretanski umetak na zglobovima prstiju i dlanu<\/li>\n<li>  Rukavice s CE certifikatom &#8211; kat. II &#8211; EN 13594\/2015 Standard kat. II razina.  <\/li>\n<\/ul>\n","protected":false},"excerpt":{"rendered":"<p>Rukavice Dainese Carbon 4 idealna su kombinacija za\u0161tite za trka\u0107u stazu s udobno\u0161\u0107u i ergonomijom rukavica&#8230;<\/p>\n","protected":false},"featured_media":16323,"comment_status":"open","ping_status":"open","template":"","meta":{"_acf_changed":false},"brand":[2800],"gender":[],"product_brand":[],"product_cat":[2835,1356,2816],"product_tag":[],"class_list":{"0":"post-147344","1":"product","2":"type-product","3":"status-publish","4":"has-post-thumbnail","6":"brand-dainese-hr","7":"product_cat-kozne-rukavice","8":"product_cat-motociklisticka-oprema","9":"product_cat-rukavice","10":"pa_size-m-hr","11":"pa_size-s-hr","12":"pa_size-xl-hr","13":"pa_size-xs-hr","14":"pa_size-xxl-hr","15":"pa_size-xxxl-hr","17":"first","18":"onbackorder","19":"sale","20":"taxable","21":"shipping-taxable","22":"purchasable","23":"product-type-variable"},"acf":[],"_links":{"self":[{"href":"https:\/\/moto-oprema.com\/hr\/wp-json\/wp\/v2\/product\/147344","targetHints":{"allow":["GET"]}}],"collection":[{"href":"https:\/\/moto-oprema.com\/hr\/wp-json\/wp\/v2\/product"}],"about":[{"href":"https:\/\/moto-oprema.com\/hr\/wp-json\/wp\/v2\/types\/product"}],"replies":[{"embeddable":true,"href":"https:\/\/moto-oprema.com\/hr\/wp-json\/wp\/v2\/comments?post=147344"}],"wp:featuredmedia":[{"embeddable":true,"href":"https:\/\/moto-oprema.com\/hr\/wp-json\/wp\/v2\/media\/16323"}],"wp:attachment":[{"href":"https:\/\/moto-oprema.com\/hr\/wp-json\/wp\/v2\/media?parent=147344"}],"wp:term":[{"taxonomy":"brand","embeddable":true,"href":"https:\/\/moto-oprema.com\/hr\/wp-json\/wp\/v2\/brand?post=147344"},{"taxonomy":"gender","embeddable":true,"href":"https:\/\/moto-oprema.com\/hr\/wp-json\/wp\/v2\/gender?post=147344"},{"taxonomy":"product_brand","embeddable":true,"href":"https:\/\/moto-oprema.com\/hr\/wp-json\/wp\/v2\/product_brand?post=147344"},{"taxonomy":"product_cat","embeddable":true,"href":"https:\/\/moto-oprema.com\/hr\/wp-json\/wp\/v2\/product_cat?post=147344"},{"taxonomy":"product_tag","embeddable":true,"href":"https:\/\/moto-oprema.com\/hr\/wp-json\/wp\/v2\/product_tag?post=147344"}],"curies":[{"name":"wp","href":"https:\/\/api.w.org\/{rel}","templated":true}]}}