{"id":147120,"date":"2022-02-11T09:19:42","date_gmt":"2022-02-11T09:19:42","guid":{"rendered":"https:\/\/moto-oprema.com\/Artikel\/dainese-rapida-performans-zenska-kozna-jakna-crno-bijela\/"},"modified":"2022-02-11T09:19:42","modified_gmt":"2022-02-11T09:19:42","slug":"dainese-rapida-performans-zenska-kozna-jakna-crno-bijela","status":"publish","type":"product","link":"https:\/\/moto-oprema.com\/hr\/Artikel\/dainese-rapida-performans-zenska-kozna-jakna-crno-bijela\/","title":{"rendered":"DAINESE RAPIDA PERFORMANS \u017dENSKA KO\u017dNA JAKNA CRNO-BIJELA"},"content":{"rendered":"<p>Perforirana \u017eenska motociklisti\u010dka ko\u017ena jakna Dainese Rapida Lady dizajnirana je kako bi se prilagodila anatomiji \u017eenskog tijela i nudi savr\u0161enu ravnote\u017eu izme\u0111u udobnosti i sportske opreme. Izra\u0111ena od mekane i izdr\u017eljive Tutu kravlje ko\u017ee s unutarnjom podstavom Nanofeel\u00ae, koristi najnovije tehnologije kako bi se osigurala sigurnost: unutarnji Pro Armor \u0161titnici ugra\u0111eni su na ramenima i laktovima, certificirani prema EN 1621.1 i, zahvaljuju\u0107i prirodnoj strukturi inspiriranoj fraktalima, ventilirani su na vi\u0161e od 40% povr\u0161ine. Inovativna tehnologija koja jam\u010di visoku za\u0161titu, lako\u0107u i maksimalnu slobodu kretanja. Na vanjskoj strani ramena kombinirana je s zamjenjivim aluminijskim plo\u010dama koje olak\u0161avaju klizanje u slu\u010daju pada i sprje\u010davaju opasno uvijanje na asfaltu. Opremljena stra\u017enjim d\u017eepom za umetanje \u0161titnika za le\u0111a, dva bo\u010dna ventilacijska otvora i \u010di\u010dkom na bokovima za pode\u0161avanje pristajanja, \u017eenska motociklisti\u010dka jakna Rapida Lady upotpunjena je tehni\u010dkim detaljima poput umetaka od rastezljive tkanine S1 na bokovima i unutarnjoj strani ruku, \u0161to je \u010dini laganom i nudi maksimalnu slobodu kretanja. Elasti\u010dna traka od tkanine na prsima tako\u0111er osigurava udobno pristajanje koje se prilago\u0111ava \u017eenskom tijelu.     <\/p>\n","protected":false},"excerpt":{"rendered":"","protected":false},"featured_media":16690,"comment_status":"open","ping_status":"closed","template":"","meta":{"_acf_changed":false},"brand":[2800],"gender":[1314],"product_brand":[],"product_cat":[2759,2915,1356],"product_tag":[],"class_list":{"0":"post-147120","1":"product","2":"type-product","3":"status-publish","4":"has-post-thumbnail","6":"brand-dainese-hr","7":"gender-zenska","8":"product_cat-jakne-hr","9":"product_cat-kozne-jakne","10":"product_cat-motociklisticka-oprema","11":"pa_size-40-hr","12":"pa_size-42-hr","13":"pa_size-44-hr","14":"pa_size-46-hr","15":"pa_size-48-hr","16":"pa_size-50-hr","18":"first","19":"onbackorder","20":"taxable","21":"shipping-taxable","22":"purchasable","23":"product-type-variable"},"acf":[],"_links":{"self":[{"href":"https:\/\/moto-oprema.com\/hr\/wp-json\/wp\/v2\/product\/147120","targetHints":{"allow":["GET"]}}],"collection":[{"href":"https:\/\/moto-oprema.com\/hr\/wp-json\/wp\/v2\/product"}],"about":[{"href":"https:\/\/moto-oprema.com\/hr\/wp-json\/wp\/v2\/types\/product"}],"replies":[{"embeddable":true,"href":"https:\/\/moto-oprema.com\/hr\/wp-json\/wp\/v2\/comments?post=147120"}],"wp:featuredmedia":[{"embeddable":true,"href":"https:\/\/moto-oprema.com\/hr\/wp-json\/wp\/v2\/media\/16690"}],"wp:attachment":[{"href":"https:\/\/moto-oprema.com\/hr\/wp-json\/wp\/v2\/media?parent=147120"}],"wp:term":[{"taxonomy":"brand","embeddable":true,"href":"https:\/\/moto-oprema.com\/hr\/wp-json\/wp\/v2\/brand?post=147120"},{"taxonomy":"gender","embeddable":true,"href":"https:\/\/moto-oprema.com\/hr\/wp-json\/wp\/v2\/gender?post=147120"},{"taxonomy":"product_brand","embeddable":true,"href":"https:\/\/moto-oprema.com\/hr\/wp-json\/wp\/v2\/product_brand?post=147120"},{"taxonomy":"product_cat","embeddable":true,"href":"https:\/\/moto-oprema.com\/hr\/wp-json\/wp\/v2\/product_cat?post=147120"},{"taxonomy":"product_tag","embeddable":true,"href":"https:\/\/moto-oprema.com\/hr\/wp-json\/wp\/v2\/product_tag?post=147120"}],"curies":[{"name":"wp","href":"https:\/\/api.w.org\/{rel}","templated":true}]}}