{"id":147111,"date":"2022-01-19T12:03:09","date_gmt":"2022-01-19T12:03:09","guid":{"rendered":"https:\/\/moto-oprema.com\/Artikel\/leatt-mtb-jakna-all-mountain-5-0-crna\/"},"modified":"2022-01-19T12:03:09","modified_gmt":"2022-01-19T12:03:09","slug":"leatt-mtb-jakna-all-mountain-5-0-crna","status":"publish","type":"product","link":"https:\/\/moto-oprema.com\/hr\/Artikel\/leatt-mtb-jakna-all-mountain-5-0-crna\/","title":{"rendered":"LEATT MTB JAKNA ALL MOUNTAIN 5.0 CRNA"},"content":{"rendered":"<p>Izra\u0111ena od Leatt-ove troslojne HydraDri membrane, vodootporne (30 000 mm) i prozra\u010dne (23 000 mm) tkanine s podesivom ventilacijom. Zna\u010dajke uklju\u010duju novi dizajn kapulja\u010de. Ride Adaptive Hood (RAhD) s visokim ovratnikom mo\u017ee se nositi na \u010detiri razli\u010dita na\u010dina, nude\u0107i potpunu pokrivenost u svim vremenskim uvjetima. Patentirani magnetski sustav kapulja\u010de pri\u010dvr\u0161\u0107uje kapulja\u010du na kacigu ili le\u0111a. S jedinstvenim Leatt ClimbVent-om, jakna se mo\u017ee potpuno otvoriti kako bi se omogu\u0107ila maksimalna ventilacija. Dva velika prednja d\u017eepa i mali d\u017eep na lijevom rukavu nude dovoljno prostora za sigurno pohranjivanje svih va\u017enih predmeta, npr. karte. Zahvaljuju\u0107i posebnom kroju i materijalu koji se raste\u017ee u 4 smjera, ispod ima mjesta i za za\u0161titnu majicu. Protuklizni flasteri na ramenima osiguravaju da ruksak ostane na mjestu kada po\u010dne ki\u0161a, dok \u0161titnici od \u010detkica na podlakticama \u0161tite jaknu od grana drve\u0107a.        <\/p>\n<p>Sastav sirovine: 100% poliester<\/p>\n","protected":false},"excerpt":{"rendered":"<p>Izra\u0111ena od Leatt-ove troslojne HydraDri membrane, vodootporne (30 000 mm) i prozra\u010dne (23 000 mm) tkanine&#8230;<\/p>\n","protected":false},"featured_media":16435,"comment_status":"open","ping_status":"open","template":"","meta":{"_acf_changed":false},"brand":[2744],"gender":[],"product_brand":[],"product_cat":[2740,3292],"product_tag":[],"class_list":{"0":"post-147111","1":"product","2":"type-product","3":"status-publish","4":"has-post-thumbnail","6":"brand-leatt-hr","7":"product_cat-mtb-biciklisticka-oprema","8":"product_cat-mtb-jakne-hr","9":"pa_size-l-hr","10":"pa_size-m-hr","11":"pa_size-s-hr","12":"pa_size-xl-hr","13":"pa_size-xxl-hr","14":"pa_size-xxxl-hr","16":"first","17":"outofstock","18":"taxable","19":"shipping-taxable","20":"purchasable","21":"product-type-variable"},"acf":[],"_links":{"self":[{"href":"https:\/\/moto-oprema.com\/hr\/wp-json\/wp\/v2\/product\/147111","targetHints":{"allow":["GET"]}}],"collection":[{"href":"https:\/\/moto-oprema.com\/hr\/wp-json\/wp\/v2\/product"}],"about":[{"href":"https:\/\/moto-oprema.com\/hr\/wp-json\/wp\/v2\/types\/product"}],"replies":[{"embeddable":true,"href":"https:\/\/moto-oprema.com\/hr\/wp-json\/wp\/v2\/comments?post=147111"}],"wp:featuredmedia":[{"embeddable":true,"href":"https:\/\/moto-oprema.com\/hr\/wp-json\/wp\/v2\/media\/16435"}],"wp:attachment":[{"href":"https:\/\/moto-oprema.com\/hr\/wp-json\/wp\/v2\/media?parent=147111"}],"wp:term":[{"taxonomy":"brand","embeddable":true,"href":"https:\/\/moto-oprema.com\/hr\/wp-json\/wp\/v2\/brand?post=147111"},{"taxonomy":"gender","embeddable":true,"href":"https:\/\/moto-oprema.com\/hr\/wp-json\/wp\/v2\/gender?post=147111"},{"taxonomy":"product_brand","embeddable":true,"href":"https:\/\/moto-oprema.com\/hr\/wp-json\/wp\/v2\/product_brand?post=147111"},{"taxonomy":"product_cat","embeddable":true,"href":"https:\/\/moto-oprema.com\/hr\/wp-json\/wp\/v2\/product_cat?post=147111"},{"taxonomy":"product_tag","embeddable":true,"href":"https:\/\/moto-oprema.com\/hr\/wp-json\/wp\/v2\/product_tag?post=147111"}],"curies":[{"name":"wp","href":"https:\/\/api.w.org\/{rel}","templated":true}]}}