{"id":147070,"date":"2022-01-20T09:34:13","date_gmt":"2022-01-20T09:34:13","guid":{"rendered":"https:\/\/moto-oprema.com\/Artikel\/leatt-mtb-djecje-kratke-hlace-all-mountain-2-0-crne\/"},"modified":"2022-01-20T09:34:13","modified_gmt":"2022-01-20T09:34:13","slug":"leatt-mtb-djecje-kratke-hlace-all-mountain-2-0-crne","status":"publish","type":"product","link":"https:\/\/moto-oprema.com\/hr\/Artikel\/leatt-mtb-djecje-kratke-hlace-all-mountain-2-0-crne\/","title":{"rendered":"LEATT MTB DJE\u010cJE KRATKE HLA\u010cE ALL MOUNTAIN 2.0 CRNE"},"content":{"rendered":"<p>S prili\u010dno kratkim krojem, ove kratke hla\u010de namijenjene su vi\u0161e za trail i avanturisti\u010dke bicikliste. Ovaj model ima be\u0161avno sjedalo, mekano pode\u0161avanje struka i stra\u017enji d\u017eep. Ljetne kratke hla\u010de DBX 2.0 izra\u0111ene su od materijala rastezljivog u 4 smjera i imaju otvore za ventilaciju. Laganu prtljagu mo\u017eete lako pohraniti u dva d\u017eepa na boku i dva d\u017eepa na bedrima.   <\/p>\n","protected":false},"excerpt":{"rendered":"<p>S prili\u010dno kratkim krojem, ove kratke hla\u010de namijenjene su vi\u0161e za trail i avanturisti\u010dke bicikliste. Ovaj&#8230;<\/p>\n","protected":false},"featured_media":16513,"comment_status":"open","ping_status":"closed","template":"","meta":{"_acf_changed":false},"brand":[2744],"gender":[],"product_brand":[],"product_cat":[2740,3034],"product_tag":[],"class_list":{"0":"post-147070","1":"product","2":"type-product","3":"status-publish","4":"has-post-thumbnail","6":"brand-leatt-hr","7":"product_cat-mtb-biciklisticka-oprema","8":"product_cat-mtb-hlace-hr","9":"pa_size-y-m","10":"pa_size-y-s","11":"pa_size-yl-hr","12":"pa_size-yxl-hr","14":"first","15":"outofstock","16":"taxable","17":"shipping-taxable","18":"purchasable","19":"product-type-variable"},"acf":[],"_links":{"self":[{"href":"https:\/\/moto-oprema.com\/hr\/wp-json\/wp\/v2\/product\/147070","targetHints":{"allow":["GET"]}}],"collection":[{"href":"https:\/\/moto-oprema.com\/hr\/wp-json\/wp\/v2\/product"}],"about":[{"href":"https:\/\/moto-oprema.com\/hr\/wp-json\/wp\/v2\/types\/product"}],"replies":[{"embeddable":true,"href":"https:\/\/moto-oprema.com\/hr\/wp-json\/wp\/v2\/comments?post=147070"}],"wp:featuredmedia":[{"embeddable":true,"href":"https:\/\/moto-oprema.com\/hr\/wp-json\/wp\/v2\/media\/16513"}],"wp:attachment":[{"href":"https:\/\/moto-oprema.com\/hr\/wp-json\/wp\/v2\/media?parent=147070"}],"wp:term":[{"taxonomy":"brand","embeddable":true,"href":"https:\/\/moto-oprema.com\/hr\/wp-json\/wp\/v2\/brand?post=147070"},{"taxonomy":"gender","embeddable":true,"href":"https:\/\/moto-oprema.com\/hr\/wp-json\/wp\/v2\/gender?post=147070"},{"taxonomy":"product_brand","embeddable":true,"href":"https:\/\/moto-oprema.com\/hr\/wp-json\/wp\/v2\/product_brand?post=147070"},{"taxonomy":"product_cat","embeddable":true,"href":"https:\/\/moto-oprema.com\/hr\/wp-json\/wp\/v2\/product_cat?post=147070"},{"taxonomy":"product_tag","embeddable":true,"href":"https:\/\/moto-oprema.com\/hr\/wp-json\/wp\/v2\/product_tag?post=147070"}],"curies":[{"name":"wp","href":"https:\/\/api.w.org\/{rel}","templated":true}]}}