{"id":146769,"date":"2020-10-21T10:32:49","date_gmt":"2020-10-21T10:32:49","guid":{"rendered":"https:\/\/moto-oprema.com\/Artikel\/dainese-pojas-s-right-pathfilmom\/"},"modified":"2020-10-21T10:32:49","modified_gmt":"2020-10-21T10:32:49","slug":"dainese-pojas-s-right-pathfilmom","status":"publish","type":"product","link":"https:\/\/moto-oprema.com\/hr\/Artikel\/dainese-pojas-s-right-pathfilmom\/","title":{"rendered":"DAINESE POJAS S RIGHT PATHFILMOM"},"content":{"rendered":"<p>Dainese ZIP BELT je produ\u017eetak za ko\u017enu jaknu. Pru\u017ea bolju pokrivenost le\u0111a kada se jakna ne nosi s Dainese hla\u010dama. <\/p>\n<p>Sastav sirovine: 100% poliester<\/p>\n","protected":false},"excerpt":{"rendered":"<p>Dainese ZIP BELT je produ\u017eetak za ko\u017enu jaknu. Pru\u017ea bolju pokrivenost le\u0111a kada se jakna ne&#8230;<\/p>\n","protected":false},"featured_media":146770,"comment_status":"open","ping_status":"closed","template":"","meta":{"_acf_changed":false},"brand":[2800],"gender":[2172],"product_brand":[],"product_cat":[1356,2856,2855],"product_tag":[],"class_list":{"0":"post-146769","1":"product","2":"type-product","3":"status-publish","4":"has-post-thumbnail","6":"brand-dainese-hr","7":"gender-unisex-hr","8":"product_cat-motociklisticka-oprema","9":"product_cat-zastitnici","10":"product_cat-zastitnici-i-zracni-jastuci","12":"first","13":"outofstock","14":"taxable","15":"shipping-taxable","16":"purchasable","17":"product-type-simple"},"acf":[],"_links":{"self":[{"href":"https:\/\/moto-oprema.com\/hr\/wp-json\/wp\/v2\/product\/146769","targetHints":{"allow":["GET"]}}],"collection":[{"href":"https:\/\/moto-oprema.com\/hr\/wp-json\/wp\/v2\/product"}],"about":[{"href":"https:\/\/moto-oprema.com\/hr\/wp-json\/wp\/v2\/types\/product"}],"replies":[{"embeddable":true,"href":"https:\/\/moto-oprema.com\/hr\/wp-json\/wp\/v2\/comments?post=146769"}],"wp:featuredmedia":[{"embeddable":true,"href":"https:\/\/moto-oprema.com\/hr\/wp-json\/wp\/v2\/media\/146770"}],"wp:attachment":[{"href":"https:\/\/moto-oprema.com\/hr\/wp-json\/wp\/v2\/media?parent=146769"}],"wp:term":[{"taxonomy":"brand","embeddable":true,"href":"https:\/\/moto-oprema.com\/hr\/wp-json\/wp\/v2\/brand?post=146769"},{"taxonomy":"gender","embeddable":true,"href":"https:\/\/moto-oprema.com\/hr\/wp-json\/wp\/v2\/gender?post=146769"},{"taxonomy":"product_brand","embeddable":true,"href":"https:\/\/moto-oprema.com\/hr\/wp-json\/wp\/v2\/product_brand?post=146769"},{"taxonomy":"product_cat","embeddable":true,"href":"https:\/\/moto-oprema.com\/hr\/wp-json\/wp\/v2\/product_cat?post=146769"},{"taxonomy":"product_tag","embeddable":true,"href":"https:\/\/moto-oprema.com\/hr\/wp-json\/wp\/v2\/product_tag?post=146769"}],"curies":[{"name":"wp","href":"https:\/\/api.w.org\/{rel}","templated":true}]}}