{"id":146696,"date":"2020-10-14T11:16:13","date_gmt":"2020-10-14T11:16:13","guid":{"rendered":"https:\/\/moto-oprema.com\/Artikel\/airoh-kaciga-mx-aviator-3-bijela\/"},"modified":"2020-10-14T11:16:13","modified_gmt":"2020-10-14T11:16:13","slug":"airoh-kaciga-mx-aviator-3-bijela","status":"publish","type":"product","link":"https:\/\/moto-oprema.com\/hr\/Artikel\/airoh-kaciga-mx-aviator-3-bijela\/","title":{"rendered":"AIROH KACIGA MX AVIATOR 3 BIJELA"},"content":{"rendered":"<p>Kaciga Aviator 3 predstavlja Airohov uspjeh, kori\u0161ten na samom vrhu off-road natjecanja. Izra\u0111ena je u tri razli\u010dite veli\u010dine \u0161koljke i kvalitetnim materijalima, a njezina konstrukcija od 100% 3K karbonskih vlakana \u010dini je jednom od najlak\u0161ih kaciga u svojoj kategoriji. <\/p>\n<p>Unutra\u0161njost kacige dizajnirana je i konstruirana za optimalnu ventilaciju i prozra\u010dnost, kao i kori\u0161tenje materijala, \u0161to omogu\u0107uje manje habanje i ve\u0107u udobnost \u010dak i tijekom aktivne upotrebe na visokoj natjecateljskoj razini. Kaciga je opremljena filterom za pra\u0161inu i sustavom za brzo uklanjanje unutra\u0161njosti (AEFR). <\/p>\n<hr>\n<ul>\n<li>Vrhunska kaciga izra\u0111ena od kompozitnih vlakana karbon-kevlar<\/li>\n<li>Vanjska \u0161koljka kacige u tri veli\u010dine<\/li>\n<li>Vi\u0161eslojni lak<\/li>\n<li>Napredni sustav ventilacije<\/li>\n<li>Unutarnja podstava koja se mo\u017ee skinuti i prati sa sustavom za brzo otpu\u0161tanje u slu\u010daju nu\u017ede<\/li>\n<li>Uklonjivi i perivi filter za za\u0161titu od pijeska<\/li>\n<li>Dodatna oprema uklju\u010dena u kacigu<\/li>\n<\/ul>\n<hr>\n<p>Te\u017eina: 1350 g \u00b1 50 g<\/p>\n<h3>Tehni\u010dki podaci:<\/h3>\n<h4>Sustav zadr\u017eavanja<\/h4>\n<div>\n<ul>\n<li>Dd prsten<\/li>\n<\/ul>\n<\/div>\n<div>\n<div>\n<h4>Ventilacija<\/h4>\n<ul>\n<li>Prednji otvori za ventilaciju<\/li>\n<li>Gornji otvori<\/li>\n<li>Otvori za ventilaciju brade<\/li>\n<li>Stra\u017enji ekstraktori<\/li>\n<\/ul>\n<\/div>\n<div>\n<h4>Unutarnja podstava<\/h4>\n<\/div>\n<\/div>\n<div>\n<ul>\n<li>Unutarnja podstava koja se mo\u017ee skinuti i prati<\/li>\n<li>Hipoalergeno<\/li>\n<\/ul>\n<\/div>\n<div class=\"tech-column aos-init aos-animate\">\n<div class=\"column-title\">\n<h4>Unutar kutije<\/h4>\n<ul>\n<li>GoPro podr\u0161ka<\/li>\n<li>Bo\u010dni branik<\/li>\n<li>Produ\u017eeni vrh<\/li>\n<li>Kratki poklopac za nos<\/li>\n<li>Set vijaka i filtera<\/li>\n<li>Gornji poklopci ventilacijskih otvora<\/li>\n<li>Prednje korice<\/li>\n<li>Zna\u010dka i klju\u010d<\/li>\n<li>Torba za kacigu<\/li>\n<\/ul>\n<\/div>\n<\/div>\n","protected":false},"excerpt":{"rendered":"<p>Kaciga Aviator 3 predstavlja Airohov uspjeh, kori\u0161ten na samom vrhu off-road natjecanja. Izra\u0111ena je u tri&#8230;<\/p>\n","protected":false},"featured_media":10955,"comment_status":"open","ping_status":"open","template":"","meta":{"_acf_changed":false},"brand":[2768],"gender":[2172],"product_brand":[],"product_cat":[1356,2764,2733],"product_tag":[],"class_list":{"0":"post-146696","1":"product","2":"type-product","3":"status-publish","4":"has-post-thumbnail","6":"brand-airoh-hr","7":"gender-unisex-hr","8":"product_cat-motociklisticka-oprema","9":"product_cat-mx-kacige","10":"product_cat-oprema-za-motokros","11":"pa_size-l-hr","12":"pa_size-m-hr","13":"pa_size-s-hr","14":"pa_size-xl-hr","15":"pa_size-xs-hr","16":"pa_size-xxl-hr","18":"first","19":"onbackorder","20":"sale","21":"taxable","22":"shipping-taxable","23":"purchasable","24":"product-type-variable"},"acf":[],"_links":{"self":[{"href":"https:\/\/moto-oprema.com\/hr\/wp-json\/wp\/v2\/product\/146696","targetHints":{"allow":["GET"]}}],"collection":[{"href":"https:\/\/moto-oprema.com\/hr\/wp-json\/wp\/v2\/product"}],"about":[{"href":"https:\/\/moto-oprema.com\/hr\/wp-json\/wp\/v2\/types\/product"}],"replies":[{"embeddable":true,"href":"https:\/\/moto-oprema.com\/hr\/wp-json\/wp\/v2\/comments?post=146696"}],"wp:featuredmedia":[{"embeddable":true,"href":"https:\/\/moto-oprema.com\/hr\/wp-json\/wp\/v2\/media\/10955"}],"wp:attachment":[{"href":"https:\/\/moto-oprema.com\/hr\/wp-json\/wp\/v2\/media?parent=146696"}],"wp:term":[{"taxonomy":"brand","embeddable":true,"href":"https:\/\/moto-oprema.com\/hr\/wp-json\/wp\/v2\/brand?post=146696"},{"taxonomy":"gender","embeddable":true,"href":"https:\/\/moto-oprema.com\/hr\/wp-json\/wp\/v2\/gender?post=146696"},{"taxonomy":"product_brand","embeddable":true,"href":"https:\/\/moto-oprema.com\/hr\/wp-json\/wp\/v2\/product_brand?post=146696"},{"taxonomy":"product_cat","embeddable":true,"href":"https:\/\/moto-oprema.com\/hr\/wp-json\/wp\/v2\/product_cat?post=146696"},{"taxonomy":"product_tag","embeddable":true,"href":"https:\/\/moto-oprema.com\/hr\/wp-json\/wp\/v2\/product_tag?post=146696"}],"curies":[{"name":"wp","href":"https:\/\/api.w.org\/{rel}","templated":true}]}}