{"id":146613,"date":"2020-09-29T09:47:39","date_gmt":"2020-09-29T09:47:39","guid":{"rendered":"https:\/\/moto-oprema.com\/?post_type=product&#038;p=146613"},"modified":"2026-03-25T10:05:14","modified_gmt":"2026-03-25T10:05:14","slug":"dainese-nexus-2-d-wp-crna-fluo-zuta","status":"publish","type":"product","link":"https:\/\/moto-oprema.com\/hr\/Artikel\/dainese-nexus-2-d-wp-crna-fluo-zuta\/","title":{"rendered":"DAINESE NEXUS 2 D-WP CRNA FLUO-\u017dUTA"},"content":{"rendered":"<p>Dainese Nexus 2 su sportske cipele koje mo\u017eete voziti u svim vremenskim uvjetima, jer su opremljene vodootpornom membranom D-WP. Gle\u017eanj je za\u0161ti\u0107en sustavom za kontrolu aksijalne distorzije. <\/p>\n<div>\n<div>\n<div>\n<p>KARAKTERISTIKE<\/p>\n<\/div>\n<div>\n<div>Za\u0161tita mjenja\u010da<\/div>\n<\/div>\n<div>\n<div>TPU umetci visokog prianjanja<\/div>\n<\/div>\n<div>\n<div>Gumeni potplat s diferenciranim dizajnom<\/div>\n<\/div>\n<p>Isporu\u010den klju\u010d za vijke<\/p><\/div>\n<div>\n<p>ERGONOMIJA<\/p>\n<\/div>\n<div>\n<div>\n<div>Zatvaranje patentnim zatvara\u010dem na stra\u017enjoj strani<\/div>\n<\/div>\n<div>\n<div>Fleksibilni zglobovi za dodatnu udobnost hodanja<\/div>\n<\/div>\n<\/div>\n<div>\n<p>GLAVNI MATERIJALI<\/p>\n<\/div>\n<div>\n<div>\n<div>D-Stone\u2122 tkanina<\/div>\n<\/div>\n<div>\n<div>Gornji dio od mikrovlakana<\/div>\n<\/div>\n<\/div>\n<div>\n<p>\u0160OK U PERFORMANSAMA<\/p>\n<\/div>\n<div>\n<div>\n<div>\u010cizme certificirane prema CE &#8211; kat. II &#8211; standardu EN 13634 <\/div>\n<\/div>\n<div>\n<div>Interni aksijalni sustav za kontrolu distorzije<\/div>\n<\/div>\n<div>\n<div>Najlonska peta<\/div>\n<\/div>\n<div>\n<div>Za\u0161titni unutarnji trup od najlona<\/div>\n<\/div>\n<div>\n<div>Oja\u010dani najlonski vrh<\/div>\n<\/div>\n<div>\n<div>Zamjenjivi plasti\u010dni kliza\u010d (1999885 Komplet kliza\u010da za \u010dizme od nehr\u0111aju\u0107eg \u010delika, 1996252 Komplet plasti\u010dnih kliza\u010da. 08)<\/div>\n<\/div>\n<div>\n<div>Termoplasti\u010dni poliuretanski umetci na potkoljenici<\/div>\n<\/div>\n<\/div>\n<div>\n<p>TEMPERATURE<\/p>\n<\/div>\n<div>\n<div>\n<div>Vodootporna D-WP\u00ae unutra\u0161njost<\/div>\n<\/div>\n<\/div>\n<\/div>\n<div class=\"product-info\" style=\"border-top:1px solid #e0dcdc;\">\n<div class=\"information-product\">\n<div class=\"row missing-icon\">\n<div class=\"col-sm-2 col-xs-3 active vertical-aligned\"><\/div>\n<\/div>\n<\/div>\n<\/div>\n","protected":false},"excerpt":{"rendered":"<p>Dainese Nexus 2 su sportske cipele koje mo\u017eete voziti u svim vremenskim uvjetima, jer su opremljene&#8230;<\/p>\n","protected":false},"featured_media":146623,"comment_status":"open","ping_status":"closed","template":"","meta":{"_acf_changed":false},"brand":[2800],"gender":[1313],"product_brand":[],"product_cat":[1356,2769,2792],"product_tag":[],"class_list":{"0":"post-146613","1":"product","2":"type-product","3":"status-publish","4":"has-post-thumbnail","6":"brand-dainese-hr","7":"gender-moski","8":"product_cat-motociklisticka-oprema","9":"product_cat-obuca","10":"product_cat-sportske-cipele","11":"pa_size-39-hr","12":"pa_size-40-hr","13":"pa_size-41-hr","14":"pa_size-42-hr","15":"pa_size-43-hr","16":"pa_size-44-hr","17":"pa_size-45-hr","18":"pa_size-46-hr","19":"pa_size-47-hr","21":"first","22":"onbackorder","23":"sale","24":"taxable","25":"shipping-taxable","26":"purchasable","27":"product-type-variable"},"acf":[],"_links":{"self":[{"href":"https:\/\/moto-oprema.com\/hr\/wp-json\/wp\/v2\/product\/146613","targetHints":{"allow":["GET"]}}],"collection":[{"href":"https:\/\/moto-oprema.com\/hr\/wp-json\/wp\/v2\/product"}],"about":[{"href":"https:\/\/moto-oprema.com\/hr\/wp-json\/wp\/v2\/types\/product"}],"replies":[{"embeddable":true,"href":"https:\/\/moto-oprema.com\/hr\/wp-json\/wp\/v2\/comments?post=146613"}],"wp:featuredmedia":[{"embeddable":true,"href":"https:\/\/moto-oprema.com\/hr\/wp-json\/wp\/v2\/media\/146623"}],"wp:attachment":[{"href":"https:\/\/moto-oprema.com\/hr\/wp-json\/wp\/v2\/media?parent=146613"}],"wp:term":[{"taxonomy":"brand","embeddable":true,"href":"https:\/\/moto-oprema.com\/hr\/wp-json\/wp\/v2\/brand?post=146613"},{"taxonomy":"gender","embeddable":true,"href":"https:\/\/moto-oprema.com\/hr\/wp-json\/wp\/v2\/gender?post=146613"},{"taxonomy":"product_brand","embeddable":true,"href":"https:\/\/moto-oprema.com\/hr\/wp-json\/wp\/v2\/product_brand?post=146613"},{"taxonomy":"product_cat","embeddable":true,"href":"https:\/\/moto-oprema.com\/hr\/wp-json\/wp\/v2\/product_cat?post=146613"},{"taxonomy":"product_tag","embeddable":true,"href":"https:\/\/moto-oprema.com\/hr\/wp-json\/wp\/v2\/product_tag?post=146613"}],"curies":[{"name":"wp","href":"https:\/\/api.w.org\/{rel}","templated":true}]}}