{"id":146587,"date":"2020-07-01T10:47:40","date_gmt":"2020-07-01T10:47:40","guid":{"rendered":"https:\/\/moto-oprema.com\/Artikel\/dainese-carbon-3-zenski-b-b\/"},"modified":"2020-07-01T10:47:40","modified_gmt":"2020-07-01T10:47:40","slug":"dainese-carbon-3-zenski-b-b","status":"publish","type":"product","link":"https:\/\/moto-oprema.com\/hr\/Artikel\/dainese-carbon-3-zenski-b-b\/","title":{"rendered":"DAINESE CARBON 3 \u017dENSKI B\/B"},"content":{"rendered":"<p>Dainese Carbon 3 rukavice idealna su kombinacija za\u0161tite za trka\u0107e staze, udobnosti i ergonomije spremne za cestu. Uklju\u010duju za\u0161titne zna\u010dajke koje se nalaze u Dainese trka\u0107im rukavicama, kao \u0161to su za\u0161tita zglobova od karbona, poliuretanski umeci i kontrola distorzije. <\/p>\n<p>Sastav sirovine: 75% ko\u017ea, 25% elastan<\/p>\n<p>Zna\u010dajke:<\/p>\n<div id=\"tab-product-description\" class=\"ui-tabs-panel ui-widget-content ui-corner-bottom\">\n<div class=\"description\">\n<div class=\"tabs-informations\">\n<div class=\"tabs-informations\">\n<div class=\"product-info\" style=\"border-top: 1px solid #e0dcdc\">\n<div class=\"title-info\">\n<h3>KARAKTERISTIKE<\/h3>\n<\/div>\n<div class=\"information-product\">\n<div class=\"row missing-icon\">\n<div class=\"col-sm-10 col-xs-9 vertical-aligned\">\n<p>Poklopac na zateznoj traci<\/p>\n<\/div>\n<\/div>\n<div class=\"row missing-icon\">\n<div class=\"col-sm-10 col-xs-9 vertical-aligned\">\n<p>Meki umetci<\/p>\n<\/div>\n<\/div>\n<\/div>\n<\/div>\n<div class=\"product-info\">\n<div class=\"title-info\">\n<h3>ERGONOMIJA<\/h3>\n<\/div>\n<div class=\"information-product\">\n<div class=\"row missing-icon\">\n<div class=\"col-sm-10 col-xs-9 vertical-aligned\">\n<p>Podesivi remen za man\u017eetu<\/p>\n<\/div>\n<\/div>\n<div class=\"row missing-icon\">\n<div class=\"col-sm-10 col-xs-9 vertical-aligned\">\n<p>Elasti\u010dni umetci<\/p>\n<\/div>\n<\/div>\n<div class=\"row missing-icon\">\n<div class=\"col-sm-10 col-xs-9 vertical-aligned\">\n<p>Unaprijed zakrivljeni prsti<\/p>\n<\/div>\n<\/div>\n<div class=\"row missing-icon\">\n<div class=\"col-sm-10 col-xs-9 vertical-aligned\">\n<p>Zatezni remen<\/p>\n<\/div>\n<\/div>\n<\/div>\n<\/div>\n<div class=\"product-info\">\n<div class=\"title-info\">\n<h3>GLAVNI MATERIJALI<\/h3>\n<\/div>\n<div class=\"information-product\">\n<div class=\"row missing-icon\">\n<div class=\"col-sm-10 col-xs-9 vertical-aligned\">\n<p>Dlan od super mekane kozje ko\u017ee obojene bubnjem<\/p>\n<\/div>\n<\/div>\n<div class=\"row missing-icon\">\n<div class=\"col-sm-10 col-xs-9 vertical-aligned\">\n<p>Mikro ov\u010dja ko\u017ea<\/p>\n<\/div>\n<\/div>\n<div class=\"row missing-icon\">\n<div class=\"col-sm-10 col-xs-9 vertical-aligned\">\n<p>Oja\u010danje od kozje ko\u017ee izme\u0111u palca, ka\u017eiprsta i dlana<\/p>\n<\/div>\n<\/div>\n<\/div>\n<\/div>\n<div class=\"product-info\" style=\"border-top: 1px solid #e0dcdc\">\n<div class=\"title-info\">\n<h3>\u0160OK U PERFORMANSAMA<\/h3>\n<\/div>\n<div class=\"information-product\">\n<div class=\"row missing-icon\">\n<div class=\"col-sm-10 col-xs-9 vertical-aligned\">\n<p>Kompozitni umetci od karbonskih vlakana na zglobovima prstiju<\/p>\n<\/div>\n<\/div>\n<div class=\"row missing-icon\">\n<div class=\"col-sm-10 col-xs-9 vertical-aligned\">\n<p>DCP sustav na malom prstu<\/p>\n<\/div>\n<\/div>\n<div class=\"row missing-icon\">\n<div class=\"col-sm-10 col-xs-9 vertical-aligned\">\n<p>Rukavice certificirane prema CE &#8211; Kat. II &#8211; EN 13594\/2015 Standard kat. II lev. 1<\/p>\n<\/div>\n<\/div>\n<div class=\"row missing-icon\">\n<div class=\"col-sm-10 col-xs-9 vertical-aligned\">\n<p>Jedna ko\u017ena plo\u010da sa strane ruke<\/p>\n<\/div>\n<\/div>\n<div class=\"row missing-icon\">\n<div class=\"col-sm-10 col-xs-9 vertical-aligned\">\n<p>Poliuretanski umetak na zglobovima prstiju i dlana<\/p>\n<\/div>\n<\/div>\n<\/div>\n<\/div>\n<div class=\"product-info\">\n<div class=\"title-info\">\n<h3>TEMPERATURE<\/h3>\n<\/div>\n<div class=\"information-product\">\n<div class=\"row missing-icon\">\n<div class=\"col-sm-10 col-xs-9 vertical-aligned\">\n<p>Perforacija na unutarnjoj strani prsta<\/p>\n<\/div>\n<\/div>\n<\/div>\n<\/div>\n<\/div>\n<\/div>\n<\/div>\n<\/div>\n","protected":false},"excerpt":{"rendered":"<p>Dainese Carbon 3 Lady rukavice idealna su kombinacija za\u0161tite za trka\u0107e staze, udobnosti i ergonomije cestovnih&#8230;<\/p>\n","protected":false},"featured_media":8660,"comment_status":"open","ping_status":"closed","template":"","meta":{"_acf_changed":false},"brand":[2800],"gender":[1314],"product_brand":[],"product_cat":[2835,1356,2816],"product_tag":[],"class_list":{"0":"post-146587","1":"product","2":"type-product","3":"status-publish","4":"has-post-thumbnail","6":"brand-dainese-hr","7":"gender-zenska","8":"product_cat-kozne-rukavice","9":"product_cat-motociklisticka-oprema","10":"product_cat-rukavice","11":"pa_size-l-hr","12":"pa_size-m-hr","13":"pa_size-s-hr","14":"pa_size-xs-hr","16":"first","17":"onbackorder","18":"taxable","19":"shipping-taxable","20":"purchasable","21":"product-type-variable"},"acf":[],"_links":{"self":[{"href":"https:\/\/moto-oprema.com\/hr\/wp-json\/wp\/v2\/product\/146587","targetHints":{"allow":["GET"]}}],"collection":[{"href":"https:\/\/moto-oprema.com\/hr\/wp-json\/wp\/v2\/product"}],"about":[{"href":"https:\/\/moto-oprema.com\/hr\/wp-json\/wp\/v2\/types\/product"}],"replies":[{"embeddable":true,"href":"https:\/\/moto-oprema.com\/hr\/wp-json\/wp\/v2\/comments?post=146587"}],"wp:featuredmedia":[{"embeddable":true,"href":"https:\/\/moto-oprema.com\/hr\/wp-json\/wp\/v2\/media\/8660"}],"wp:attachment":[{"href":"https:\/\/moto-oprema.com\/hr\/wp-json\/wp\/v2\/media?parent=146587"}],"wp:term":[{"taxonomy":"brand","embeddable":true,"href":"https:\/\/moto-oprema.com\/hr\/wp-json\/wp\/v2\/brand?post=146587"},{"taxonomy":"gender","embeddable":true,"href":"https:\/\/moto-oprema.com\/hr\/wp-json\/wp\/v2\/gender?post=146587"},{"taxonomy":"product_brand","embeddable":true,"href":"https:\/\/moto-oprema.com\/hr\/wp-json\/wp\/v2\/product_brand?post=146587"},{"taxonomy":"product_cat","embeddable":true,"href":"https:\/\/moto-oprema.com\/hr\/wp-json\/wp\/v2\/product_cat?post=146587"},{"taxonomy":"product_tag","embeddable":true,"href":"https:\/\/moto-oprema.com\/hr\/wp-json\/wp\/v2\/product_tag?post=146587"}],"curies":[{"name":"wp","href":"https:\/\/api.w.org\/{rel}","templated":true}]}}