{"id":146568,"date":"2020-03-21T11:54:33","date_gmt":"2020-03-21T11:54:33","guid":{"rendered":"https:\/\/moto-oprema.com\/Artikel\/alpinestars-ride-tech-lite-1\/"},"modified":"2020-03-21T11:54:33","modified_gmt":"2020-03-21T11:54:33","slug":"alpinestars-ride-tech-lite-1","status":"publish","type":"product","link":"https:\/\/moto-oprema.com\/hr\/Artikel\/alpinestars-ride-tech-lite-1\/","title":{"rendered":"ALPINESTARS RIDE TECH LITE-1"},"content":{"rendered":"<p>Alpinestars Ride Tech-1 Summer jednodijelna podloga posebno je dizajnirana za vo\u017enju po toplom vremenu. Sprje\u010dava nakupljanje topline i znoja, odr\u017eavaju\u0107i vas hladnima i udobnima. <\/p>\n<p>Zna\u010dajke:<\/p>\n<ul>\n<li>Ultra lagani, tehni\u010dki podsloj anatomski optimiziran za no\u0161enje ispod vanjske odje\u0107e.<\/li>\n<li>Udobna vlakna koja odvode vlagu poma\u017eu u sveobuhvatnoj kontroli tjelesne temperature i performansama.<\/li>\n<li>Potpuno mapirano prema tijelu sa strate\u0161ki postavljenim otvorenim mre\u017eastim umetcima za ventilaciju.<\/li>\n<li>Be\u0161avna cjevasta konstrukcija omogu\u0107uje kompresijsko prileganje visokih performansi.<\/li>\n<li>Ergonomski \u0161avovi s ravnim zatvara\u010dem omogu\u0107uju neograni\u010deno kretanje i pobolj\u0161ani raspon pokreta.<\/li>\n<\/ul>\n<p>Sastav sirovine: 84% polipropilen, 8% poliamid, 8% elastan<\/p>\n","protected":false},"excerpt":{"rendered":"<p>Jednodijelna podloga Alpinestars Ride Tech Lite-1 dizajnirana je kao podloga ispod bilo kojeg ko\u017enog odijela.<\/p>\n","protected":false},"featured_media":8609,"comment_status":"open","ping_status":"closed","template":"","meta":{"_acf_changed":false},"brand":[2748],"gender":[1313],"product_brand":[],"product_cat":[2854,1356,2880],"product_tag":[],"class_list":{"0":"post-146568","1":"product","2":"type-product","3":"status-publish","4":"has-post-thumbnail","6":"brand-alpinestars-hr","7":"gender-moski","8":"product_cat-funkcionalna-odjeca-i-donje-rublje","9":"product_cat-motociklisticka-oprema","10":"product_cat-podkape-za-donje-rublje","11":"pa_size-strojno-ucenje","12":"pa_size-xl-xxl-hr","13":"pa_size-xs-s-hr","15":"first","16":"outofstock","17":"sale","18":"taxable","19":"shipping-taxable","20":"purchasable","21":"product-type-variable"},"acf":[],"_links":{"self":[{"href":"https:\/\/moto-oprema.com\/hr\/wp-json\/wp\/v2\/product\/146568","targetHints":{"allow":["GET"]}}],"collection":[{"href":"https:\/\/moto-oprema.com\/hr\/wp-json\/wp\/v2\/product"}],"about":[{"href":"https:\/\/moto-oprema.com\/hr\/wp-json\/wp\/v2\/types\/product"}],"replies":[{"embeddable":true,"href":"https:\/\/moto-oprema.com\/hr\/wp-json\/wp\/v2\/comments?post=146568"}],"wp:featuredmedia":[{"embeddable":true,"href":"https:\/\/moto-oprema.com\/hr\/wp-json\/wp\/v2\/media\/8609"}],"wp:attachment":[{"href":"https:\/\/moto-oprema.com\/hr\/wp-json\/wp\/v2\/media?parent=146568"}],"wp:term":[{"taxonomy":"brand","embeddable":true,"href":"https:\/\/moto-oprema.com\/hr\/wp-json\/wp\/v2\/brand?post=146568"},{"taxonomy":"gender","embeddable":true,"href":"https:\/\/moto-oprema.com\/hr\/wp-json\/wp\/v2\/gender?post=146568"},{"taxonomy":"product_brand","embeddable":true,"href":"https:\/\/moto-oprema.com\/hr\/wp-json\/wp\/v2\/product_brand?post=146568"},{"taxonomy":"product_cat","embeddable":true,"href":"https:\/\/moto-oprema.com\/hr\/wp-json\/wp\/v2\/product_cat?post=146568"},{"taxonomy":"product_tag","embeddable":true,"href":"https:\/\/moto-oprema.com\/hr\/wp-json\/wp\/v2\/product_tag?post=146568"}],"curies":[{"name":"wp","href":"https:\/\/api.w.org\/{rel}","templated":true}]}}