{"id":146549,"date":"2020-02-21T10:42:16","date_gmt":"2020-02-21T10:42:16","guid":{"rendered":"https:\/\/moto-oprema.com\/Artikel\/alpinestars-t-gp-plus-r-v3\/"},"modified":"2020-02-21T10:42:16","modified_gmt":"2020-02-21T10:42:16","slug":"alpinestars-t-gp-plus-r-v3","status":"publish","type":"product","link":"https:\/\/moto-oprema.com\/hr\/Artikel\/alpinestars-t-gp-plus-r-v3\/","title":{"rendered":"ALPINESTARS T-GP PLUS R V3"},"content":{"rendered":"<p>Jakna je izdr\u017eljiva i ima CE certificirane \u0161titnike na strate\u0161kim mjestima. Tu je patentni zatvara\u010d po cijeloj du\u017eini koji pri\u010dvr\u0161\u0107uje jaknu na va\u0161e Alpinestars hla\u010de za za\u0161titu od glave do pete. <\/p>\n<p>Zna\u010dajke:<\/p>\n<p>S visoko izdr\u017eljivom i otpornom glavnom \u0161koljkom od poliesterske tkanine i suptilno ugra\u0111enom za\u0161titom vode\u0107om u klasi, jakna T-GP Plus R V2 dizajnirana je kako bi vas za\u0161titila i pru\u017eila udobnost dok dr\u017eite gas otvorenim. Usisnici za zrak s patentnim zatvara\u010dem pru\u017eaju klju\u010dnu ventilaciju, dok prakti\u010dni patentni zatvara\u010d po cijelom opsegu struka omogu\u0107uje sigurno i pouzdano pri\u010dvr\u0161\u0107ivanje na Alpinestars hla\u010de. <\/p>\n<ul>\n<li>Izra\u0111ena od vrlo izdr\u017eljive i otporne na habanje glavne ljuske od poli-tkanine 450\/600 Denier za vodootpornost i dugotrajne performanse.<\/li>\n<li>Strate\u0161ki postavljeni otvori za zrak s patentnim zatvara\u010dem na gornjem dijelu rukava omogu\u0107uju podesivu razinu ventilacije za toplije vremenske uvjete.<\/li>\n<li>Uklonjiva unutarnja termo podstava jakne s punim rukavima i d\u017eepovima omogu\u0107uje no\u0161enje odjevnog predmeta u razli\u010ditim vremenskim situacijama.<\/li>\n<li>Potpuna mre\u017easta podstava pobolj\u0161ava protok zraka i prozra\u010dnost odje\u0107e.<\/li>\n<li>Lagani CE certificirani \u0161titnici za laktove i ramena daju jakni elegantan kroj, a istovremeno pru\u017eaju vrhunsku za\u0161titu od udara.<\/li>\n<li>Pretinci za prsa i le\u0111a s PE pjenastim punjenjem (CE certificirani Nucleon \u0161titnik za prsa i le\u0111a dostupan je kao dodatna oprema).<\/li>\n<li>Sustav s kop\u010dama za integraciju Alpinestars Nucleon \u0161titnika za le\u0111a s CE certifikatom razine 2.<\/li>\n<li>Novorazvijena za\u0161tita za ramena sadr\u017ei napredni TPU \u0161titnik prekriven slojem ispod vanjske tkanine za optimiziranu razinu za\u0161tite i udobnosti.<\/li>\n<li>Sportski kroj s prethodno zakrivljenom konstrukcijom rukava za smanjeni umor i pove\u0107anu udobnost vo\u017enje.<\/li>\n<li>Strate\u0161ki postavljeni rastezljivi umeci od poli-tkanine na ramenima za izvrsno pristajanje.<\/li>\n<li>Mekana mre\u017easta konstrukcija ovratnika uklju\u010duje \u010di\u010dak za sigurno i udobno zatvaranje.<\/li>\n<li>Pode\u0161avanje struka \u010di\u010dkom i D-prstenovima za sigurno i prilago\u0111eno pristajanje.<\/li>\n<li>Zatvaranje man\u017eeta \u010di\u010dkom omogu\u0107uje dodatno fino pode\u0161avanje pristajanja odjevnog predmeta.<\/li>\n<li>Dizajn s ni\u017eim stra\u017enjim profilom nudi pokrivenost lumbalnog dijela i sprje\u010dava da se jakna navu\u010de preko hla\u010da.<\/li>\n<li>Prakti\u010dan vodootporni unutarnji d\u017eep \u010duva va\u017ene dokumente na sigurnom i suhom.<\/li>\n<li>Vanjski, prednji d\u017eepovi za ruke s velikim otvorom zatvaraju se patentnim zatvara\u010dem za bezbri\u017eno zatvaranje.<\/li>\n<li>Vi\u0161e unutarnjih d\u017eepova ima \u010di\u010dak zatvara\u010de za dodatnu sigurnost.<\/li>\n<li>Patentni zatvara\u010d na struku omogu\u0107uje pri\u010dvr\u0161\u0107ivanje na Alpinestars hla\u010de za jahanje.<\/li>\n<li>Reflektiraju\u0107i detalji za bolju vidljivost voza\u010da.<\/li>\n<\/ul>\n<p>Sastav sirovine:<br \/>\n Vanjski dio: 90% poliester, 10% poliamid<br \/>\n Pola du\u017eine: 100% poliester<\/p>\n","protected":false},"excerpt":{"rendered":"<p>Alpinestars T-GP Plus R V3 jakna Boja: Crna-Kamufla\u017ea-Fluo crvena<\/p>\n","protected":false},"featured_media":8344,"comment_status":"open","ping_status":"open","template":"","meta":{"_acf_changed":false},"brand":[2748],"gender":[1313],"product_brand":[],"product_cat":[2759,1356,2761],"product_tag":[],"class_list":{"0":"post-146549","1":"product","2":"type-product","3":"status-publish","4":"has-post-thumbnail","6":"brand-alpinestars-hr","7":"gender-moski","8":"product_cat-jakne-hr","9":"product_cat-motociklisticka-oprema","10":"product_cat-tekstilne-jakne-hr","11":"pa_size-l-hr","12":"pa_size-m-hr","13":"pa_size-s-hr","14":"pa_size-xl-hr","16":"first","17":"onbackorder","18":"sale","19":"taxable","20":"shipping-taxable","21":"purchasable","22":"product-type-variable"},"acf":[],"_links":{"self":[{"href":"https:\/\/moto-oprema.com\/hr\/wp-json\/wp\/v2\/product\/146549","targetHints":{"allow":["GET"]}}],"collection":[{"href":"https:\/\/moto-oprema.com\/hr\/wp-json\/wp\/v2\/product"}],"about":[{"href":"https:\/\/moto-oprema.com\/hr\/wp-json\/wp\/v2\/types\/product"}],"replies":[{"embeddable":true,"href":"https:\/\/moto-oprema.com\/hr\/wp-json\/wp\/v2\/comments?post=146549"}],"wp:featuredmedia":[{"embeddable":true,"href":"https:\/\/moto-oprema.com\/hr\/wp-json\/wp\/v2\/media\/8344"}],"wp:attachment":[{"href":"https:\/\/moto-oprema.com\/hr\/wp-json\/wp\/v2\/media?parent=146549"}],"wp:term":[{"taxonomy":"brand","embeddable":true,"href":"https:\/\/moto-oprema.com\/hr\/wp-json\/wp\/v2\/brand?post=146549"},{"taxonomy":"gender","embeddable":true,"href":"https:\/\/moto-oprema.com\/hr\/wp-json\/wp\/v2\/gender?post=146549"},{"taxonomy":"product_brand","embeddable":true,"href":"https:\/\/moto-oprema.com\/hr\/wp-json\/wp\/v2\/product_brand?post=146549"},{"taxonomy":"product_cat","embeddable":true,"href":"https:\/\/moto-oprema.com\/hr\/wp-json\/wp\/v2\/product_cat?post=146549"},{"taxonomy":"product_tag","embeddable":true,"href":"https:\/\/moto-oprema.com\/hr\/wp-json\/wp\/v2\/product_tag?post=146549"}],"curies":[{"name":"wp","href":"https:\/\/api.w.org\/{rel}","templated":true}]}}