{"id":146534,"date":"2020-02-21T10:11:45","date_gmt":"2020-02-21T10:11:45","guid":{"rendered":"https:\/\/moto-oprema.com\/Artikel\/alpinestars-t-sp-s-wp\/"},"modified":"2020-02-21T10:11:45","modified_gmt":"2020-02-21T10:11:45","slug":"alpinestars-t-sp-s-wp","status":"publish","type":"product","link":"https:\/\/moto-oprema.com\/hr\/Artikel\/alpinestars-t-sp-s-wp\/","title":{"rendered":"ALPINESTARS T-SP S WP"},"content":{"rendered":"<p><span style=\"font-family:arial, helvetica, sans-serif;font-size:small;\"><span id=\"result_box\" xml_lang=\"sl\" lang=\"sl\"><span>To je agresivno<\/span> <span class=\"hps\">dizajnirana<\/span> <span class=\"hps\">tekstilna<\/span> <span class=\"hps\">jakna<\/span> <span>idealna<\/span> <span class=\"hps\">za sportske<\/span> <span class=\"hps\">voza\u010de<\/span> <span class=\"hps\">.<\/span> <span>T<\/span> <span class=\"atn\">&#8211;<\/span> <span>SP-S<\/span> <span class=\"hps\">je<\/span> <span class=\"hps\">izdr\u017eljiva<\/span> jakna,  <span class=\"hps\">i<\/span> <span class=\"hps\">izuzetno<\/span> <span class=\"hps\">svestran u<\/span> <span class=\"hps\">raznim<\/span> <span class=\"hps\">vremenskim uvjetima<\/span> . Ja<span class=\"hps\"><\/span><span class=\"hps\">Ima<\/span> <span class=\"hps\">vodootpornu<\/span> <span class=\"hps\">membranu<\/span> <span class=\"hps\">i<\/span> <span class=\"hps\">odvojivu<\/span> <span class=\"hps\">podstavu<\/span> <span>.<\/span><\/span><\/span><\/p>\n<p><em>Sastav sirovine: 100% poliester<\/em><\/p>\n<div>\n<div>Detalji<\/div>\n<\/div>\n<ul>\n<li>Vi\u0161epanelna napredna konstrukcija ljuske od poli-tkanine s materijalom otpornim na abraziju na strate\u0161kim podru\u010djima<\/li>\n<li>Istegljiva harmonika za laktove poma\u017ee u kretanju i udobnosti na biciklu<\/li>\n<li>Pode\u0161avanje struka \u010di\u010dak trakom za bolje pristajanje prilikom vo\u017enje<\/li>\n<li>Dva d\u017eepa s patentnim zatvara\u010dem za sigurno spremanje sitnih predmeta, plus prednji unutarnji vodootporni d\u017eep<\/li>\n<li>Patentni zatvara\u010d za struk omogu\u0107uje pri\u010dvr\u0161\u0107ivanje na Alpinestars hla\u010de za jahanje<\/li>\n<li>Vezeni logotipi za jedinstveni stil<\/li>\n<li>Niskoprofilna konstrukcija ovratnika s 3D teksturiranom udobnom tkaninom na unutarnjoj podstavi ovratnika<\/li>\n<li>Prethodno zakrivljena konstrukcija rukava smanjuje umor<\/li>\n<li>Reflektiraju\u0107i detalji \u010dine voza\u010da vidljivijim drugim sudionicima u prometu.<\/li>\n<li>Prsni jastu\u010di\u0107i i pretinci za le\u0111a (Alpinestars Nucleon prsni i le\u0111ni ulo\u0161ci Nucleon dostupni su kao dodatna nadogradnja)<\/li>\n<li>Bio Armor \u0161titnici za ramena i laktove<\/li>\n<li>Udobni rub od mikrovlakana na ovratniku<\/li>\n<\/ul>\n","protected":false},"excerpt":{"rendered":"<p>Vodootporna Alpinestars T-SP-S jakna Boja: Crno-bijela<\/p>\n","protected":false},"featured_media":8333,"comment_status":"open","ping_status":"closed","template":"","meta":{"_acf_changed":false},"brand":[2748],"gender":[1313],"product_brand":[],"product_cat":[2759,1356,2761],"product_tag":[],"class_list":{"0":"post-146534","1":"product","2":"type-product","3":"status-publish","4":"has-post-thumbnail","6":"brand-alpinestars-hr","7":"gender-moski","8":"product_cat-jakne-hr","9":"product_cat-motociklisticka-oprema","10":"product_cat-tekstilne-jakne-hr","11":"pa_size-l-hr","12":"pa_size-m-hr","13":"pa_size-s-hr","14":"pa_size-xl-hr","15":"pa_size-xxl-hr","17":"first","18":"outofstock","19":"sale","20":"taxable","21":"shipping-taxable","22":"purchasable","23":"product-type-variable"},"acf":[],"_links":{"self":[{"href":"https:\/\/moto-oprema.com\/hr\/wp-json\/wp\/v2\/product\/146534","targetHints":{"allow":["GET"]}}],"collection":[{"href":"https:\/\/moto-oprema.com\/hr\/wp-json\/wp\/v2\/product"}],"about":[{"href":"https:\/\/moto-oprema.com\/hr\/wp-json\/wp\/v2\/types\/product"}],"replies":[{"embeddable":true,"href":"https:\/\/moto-oprema.com\/hr\/wp-json\/wp\/v2\/comments?post=146534"}],"wp:featuredmedia":[{"embeddable":true,"href":"https:\/\/moto-oprema.com\/hr\/wp-json\/wp\/v2\/media\/8333"}],"wp:attachment":[{"href":"https:\/\/moto-oprema.com\/hr\/wp-json\/wp\/v2\/media?parent=146534"}],"wp:term":[{"taxonomy":"brand","embeddable":true,"href":"https:\/\/moto-oprema.com\/hr\/wp-json\/wp\/v2\/brand?post=146534"},{"taxonomy":"gender","embeddable":true,"href":"https:\/\/moto-oprema.com\/hr\/wp-json\/wp\/v2\/gender?post=146534"},{"taxonomy":"product_brand","embeddable":true,"href":"https:\/\/moto-oprema.com\/hr\/wp-json\/wp\/v2\/product_brand?post=146534"},{"taxonomy":"product_cat","embeddable":true,"href":"https:\/\/moto-oprema.com\/hr\/wp-json\/wp\/v2\/product_cat?post=146534"},{"taxonomy":"product_tag","embeddable":true,"href":"https:\/\/moto-oprema.com\/hr\/wp-json\/wp\/v2\/product_tag?post=146534"}],"curies":[{"name":"wp","href":"https:\/\/api.w.org\/{rel}","templated":true}]}}